{"id":35273,"date":"2025-12-11T15:14:12","date_gmt":"2025-12-11T12:14:12","guid":{"rendered":"https:\/\/www.gasia.com.tr\/?post_type=product&#038;p=35273"},"modified":"2026-03-11T21:22:58","modified_gmt":"2026-03-11T18:22:58","slug":"oval-zumrut-ve-damla-kesim-pirlanta-tasarimli-altin-yuzuk","status":"publish","type":"product","link":"https:\/\/www.gasia.com.tr\/en\/collections\/oval-zumrut-ve-damla-kesim-pirlanta-tasarimli-altin-yuzuk\/","title":{"rendered":"Oval Z\u00fcmr\u00fct ve Damla Kesim P\u0131rlanta Tasar\u0131ml\u0131 Alt\u0131n Y\u00fcz\u00fck"},"content":{"rendered":"<p data-start=\"66\" data-end=\"234\">CVD p\u0131rlanta, laboratuvar ortam\u0131nda \u00fcretilen ger\u00e7ek p\u0131rlantalardan biridir. CVD, Chemical Vapor Deposition (Kimyasal Buhar Biriktirme) y\u00f6nteminin k\u0131saltmas\u0131d\u0131r.<\/p>\n<h3 data-section-id=\"1fdvupz\" data-start=\"236\" data-end=\"250\">K\u0131sa Bilgi<\/h3>\n<ul data-start=\"251\" data-end=\"593\">\n<li data-section-id=\"6nf6ph\" data-start=\"251\" data-end=\"370\">\n<p data-start=\"253\" data-end=\"370\">Do\u011fal p\u0131rlantalar yer alt\u0131nda milyonlarca y\u0131lda olu\u015furken, CVD p\u0131rlantalar laboratuvarda birka\u00e7 haftada \u00fcretilir.<\/p>\n<\/li>\n<li data-section-id=\"16w1ppb\" data-start=\"371\" data-end=\"506\">\n<p data-start=\"373\" data-end=\"506\">Karbon i\u00e7eren gazlar y\u00fcksek s\u0131cakl\u0131kta par\u00e7alan\u0131r ve karbon atomlar\u0131 bir p\u0131rlanta \u00e7ekirde\u011fi (seed) \u00fczerine katman katman birikir.<\/p>\n<\/li>\n<li data-section-id=\"1dgp3i7\" data-start=\"507\" data-end=\"593\">\n<p data-start=\"509\" data-end=\"593\">Sonu\u00e7ta olu\u015fan ta\u015f kimyasal, fiziksel ve optik olarak do\u011fal p\u0131rlantayla ayn\u0131d\u0131r.<\/p>\n<\/li>\n<\/ul>\n<h3 data-section-id=\"5ugwsf\" data-start=\"595\" data-end=\"610\">\u00d6zellikleri<\/h3>\n<ul data-start=\"611\" data-end=\"890\">\n<li data-section-id=\"1esq8yf\" data-start=\"611\" data-end=\"673\">\n<p data-start=\"613\" data-end=\"673\">Ger\u00e7ek p\u0131rlantad\u0131r (moissanite veya zirkon de\u011fildir).<\/p>\n<\/li>\n<li data-section-id=\"20ku0u\" data-start=\"674\" data-end=\"760\">\n<p data-start=\"676\" data-end=\"760\">\u00a0Laboratuvarda kontroll\u00fc \u015fekilde \u00fcretildi\u011fi i\u00e7in \u00e7ok y\u00fcksek safl\u0131kta olabilir.<\/p>\n<\/li>\n<li data-section-id=\"52ngul\" data-start=\"761\" data-end=\"822\">\n<p data-start=\"763\" data-end=\"822\">\u00a0Do\u011fal p\u0131rlantaya g\u00f6re daha \u00e7evre dostu kabul edilir.<\/p>\n<\/li>\n<li data-section-id=\"1lo298r\" data-start=\"823\" data-end=\"890\">\n<p data-start=\"825\" data-end=\"890\">\u00a0Genellikle do\u011fal p\u0131rlantadan daha uygun fiyatl\u0131d\u0131r.<\/p>\n<\/li>\n<\/ul>\n<h3 data-section-id=\"16ofmc8\" data-start=\"892\" data-end=\"903\">Sertlik<\/h3>\n<ul data-start=\"904\" data-end=\"981\">\n<li data-section-id=\"ywklc\" data-start=\"904\" data-end=\"981\">\n<p data-start=\"906\" data-end=\"981\">Mohs sertlik skalas\u0131nda 10 de\u011ferine sahiptir (do\u011fal p\u0131rlanta ile ayn\u0131).<\/p>\n<\/li>\n<\/ul>\n<h3 data-section-id=\"lhxgnl\" data-start=\"983\" data-end=\"1000\">Sertifikasyon<\/h3>\n<p data-start=\"1001\" data-end=\"1089\">CVD p\u0131rlantalar da do\u011fal p\u0131rlantalar gibi sertifikaland\u0131r\u0131labilir. En yayg\u0131n kurumlar:<\/p>\n<ul data-start=\"1090\" data-end=\"1177\">\n<li data-section-id=\"bjzxh1\" data-start=\"1090\" data-end=\"1133\">\n<p data-start=\"1092\" data-end=\"1133\"><span class=\"hover:entity-accent entity-underline inline cursor-pointer align-baseline\"><span class=\"whitespace-normal\">Gemological Institute of America<\/span><\/span><\/p>\n<\/li>\n<li data-section-id=\"1m3r5ed\" data-start=\"1134\" data-end=\"1177\">\n<p data-start=\"1136\" data-end=\"1177\"><span class=\"hover:entity-accent entity-underline inline cursor-pointer align-baseline\"><span class=\"whitespace-normal\">International<\/span><\/span><span class=\"hover:entity-accent entity-underline inline cursor-pointer align-baseline\"><span class=\"whitespace-normal\"> Gemological Institute<\/span><\/span><\/p>\n<\/li>\n<\/ul>\n<p data-start=\"1179\" data-end=\"1248\">\u2714 Sertifikada ta\u015f\u0131n \u201cLaboratory Grown Diamond\u201d oldu\u011fu belirtilir.<\/p>\n<p>&nbsp;<\/p>","protected":false},"excerpt":{"rendered":"<ul>\n<li>14 Ayar Alt\u0131n<\/li>\n<li>1.48 ct Markiz kesim cvd P\u0131rlanta<\/li>\n<li>2.19 ct Oval\u00a0 Z\u00fcmr\u00fct<\/li>\n<\/ul>","protected":false},"featured_media":39412,"comment_status":"open","ping_status":"closed","template":"","meta":[],"product_brand":[],"product_cat":[206,76],"product_tag":[289,593,565,1007,1010,526,520,590,1009,521,1008,607,596,335,450,340,562,530],"class_list":{"0":"post-35273","1":"product","2":"type-product","3":"status-publish","4":"has-post-thumbnail","6":"product_cat-lab-grown-diamonds","7":"product_cat-yuzuk-modelleri","8":"product_tag-altin-yuzuk","9":"product_tag-damla-kesim-yuzuk","10":"product_tag-designer-ring","11":"product_tag-emerald-and-diamond-ring","12":"product_tag-emerald-jewelry-ring","13":"product_tag-emerald-ring","14":"product_tag-kadin-yuzuk","15":"product_tag-luxury-ring","16":"product_tag-modern-gemstone-ring","17":"product_tag-modern-yuzuk","18":"product_tag-open-design-ring","19":"product_tag-pear-cut-diamond-ring","20":"product_tag-pear-diamond-ring","21":"product_tag-pirlanta-yuzuk","22":"product_tag-statement-ring","23":"product_tag-tasarim-yuzuk","24":"product_tag-tasli-yuzuk","25":"product_tag-zumrut-yuzuk","26":"pa_cinsiyet-kadin","28":"first","29":"instock","30":"shipping-taxable","31":"product-type-simple"},"_links":{"self":[{"href":"https:\/\/www.gasia.com.tr\/en\/wp-json\/wp\/v2\/product\/35273","targetHints":{"allow":["GET"]}}],"collection":[{"href":"https:\/\/www.gasia.com.tr\/en\/wp-json\/wp\/v2\/product"}],"about":[{"href":"https:\/\/www.gasia.com.tr\/en\/wp-json\/wp\/v2\/types\/product"}],"replies":[{"embeddable":true,"href":"https:\/\/www.gasia.com.tr\/en\/wp-json\/wp\/v2\/comments?post=35273"}],"version-history":[{"count":2,"href":"https:\/\/www.gasia.com.tr\/en\/wp-json\/wp\/v2\/product\/35273\/revisions"}],"predecessor-version":[{"id":39414,"href":"https:\/\/www.gasia.com.tr\/en\/wp-json\/wp\/v2\/product\/35273\/revisions\/39414"}],"wp:featuredmedia":[{"embeddable":true,"href":"https:\/\/www.gasia.com.tr\/en\/wp-json\/wp\/v2\/media\/39412"}],"wp:attachment":[{"href":"https:\/\/www.gasia.com.tr\/en\/wp-json\/wp\/v2\/media?parent=35273"}],"wp:term":[{"taxonomy":"product_brand","embeddable":true,"href":"https:\/\/www.gasia.com.tr\/en\/wp-json\/wp\/v2\/product_brand?post=35273"},{"taxonomy":"product_cat","embeddable":true,"href":"https:\/\/www.gasia.com.tr\/en\/wp-json\/wp\/v2\/product_cat?post=35273"},{"taxonomy":"product_tag","embeddable":true,"href":"https:\/\/www.gasia.com.tr\/en\/wp-json\/wp\/v2\/product_tag?post=35273"}],"curies":[{"name":"wp","href":"https:\/\/api.w.org\/{rel}","templated":true}]}}