{"id":35291,"date":"2025-12-15T12:09:33","date_gmt":"2025-12-15T09:09:33","guid":{"rendered":"https:\/\/www.gasia.com.tr\/?post_type=product&#038;p=35291"},"modified":"2026-04-02T23:10:13","modified_gmt":"2026-04-02T20:10:13","slug":"okside-gumus-pirlanta-detayli-desenli-kelepce-bileklik","status":"publish","type":"product","link":"https:\/\/www.gasia.com.tr\/en\/collections\/okside-gumus-pirlanta-detayli-desenli-kelepce-bileklik\/","title":{"rendered":"Okside G\u00fcm\u00fc\u015f P\u0131rlanta Detayl\u0131 Desenli Kelep\u00e7e Bileklik"},"content":{"rendered":"<p>Dokulu y\u00fczeyi ve p\u0131rlanta detayl\u0131 motifleriyle \u00f6ne \u00e7\u0131kan bu kelep\u00e7e bileklik, karakterli bir stil sunar. Okside g\u00fcm\u00fc\u015f y\u00fczey \u00fczerine yerle\u015ftirilen p\u0131rlanta ta\u015fl\u0131 detaylar, tasar\u0131ma hareket ve dikkat \u00e7ekici bir \u0131\u015f\u0131lt\u0131 kazand\u0131r\u0131r. Katmanl\u0131 ve desenli formu sayesinde bilekte g\u00fc\u00e7l\u00fc bir duru\u015f sergiler. G\u00fcnl\u00fck kullan\u0131mda stiline farkl\u0131 bir dokunu\u015f katarken, sade kombinleri daha iddial\u0131 hale getirir. \u00d6zg\u00fcn tasar\u0131mlardan ho\u015flananlar i\u00e7in \u00f6ne \u00e7\u0131kan bir par\u00e7ad\u0131r.<\/p>","protected":false},"excerpt":{"rendered":"<ul>\n<li>925 ayar okside g\u00fcm\u00fc\u015f<\/li>\n<li>0.59 ct Siyah P\u0131rlanta<\/li>\n<\/ul>","protected":false},"featured_media":41332,"comment_status":"open","ping_status":"closed","template":"","meta":[],"product_brand":[2957],"product_cat":[255],"product_tag":[2991,2984,2967,2420,3021,420,507,3017,2437,512,543,2985,2235,2223,2188,365,2419,620,2986,363,622,2195,2992,2197,2430,358,362,2994,2993,366,1804,1805,2250,364,2434,2987,1857,2249,2236,2424,1803,1083],"class_list":{"0":"post-35291","1":"product","2":"type-product","3":"status-publish","4":"has-post-thumbnail","6":"product_brand-gasia-for-man","7":"product_cat-altin-gumus-bileklikler","8":"product_tag-acik-bileklik","9":"product_tag-boutique-jewelry","10":"product_tag-butik-taki","11":"product_tag-cuff-bracelet","12":"product_tag-desenli-bileklik","13":"product_tag-designer-bracelet","14":"product_tag-diamond-bracelet","15":"product_tag-diamond-detail-bracelet","16":"product_tag-el-yapimi-bileklik","17":"product_tag-elegant-bracelet","18":"product_tag-erkek-bileklik","19":"product_tag-everyday-bracelet","20":"product_tag-fashion-bracelet","21":"product_tag-gunluk-bileklik","22":"product_tag-handmade-bracelet","23":"product_tag-kadin-bileklik","24":"product_tag-kelepce-bileklik","25":"product_tag-men-bracelet","26":"product_tag-moda-bileklik","27":"product_tag-modern-bileklik","28":"product_tag-modern-bracelet","29":"product_tag-okside-gumus-bileklik","30":"product_tag-open-cuff-bracelet","31":"product_tag-oxidized-silver-bracelet","32":"product_tag-ozgun-tasarim-bileklik","33":"product_tag-pirlanta-bileklik","34":"product_tag-pirlanta-detayli-bileklik","35":"product_tag-rigid-bracelet","36":"product_tag-sert-bileklik","37":"product_tag-sik-bileklik","38":"product_tag-statement-bileklik","39":"product_tag-statement-bracelet","40":"product_tag-stylish-bracelet","41":"product_tag-tasarim-bileklik","42":"product_tag-textured-bracelet","43":"product_tag-trend-taki","44":"product_tag-trendy-jewelry","45":"product_tag-unique-bracelet","46":"product_tag-unisex-bileklik","47":"product_tag-unisex-bracelet","48":"product_tag-women-bracelet","49":"product_tag-zarif-bileklik","50":"pa_cinsiyet-erkek","52":"first","53":"instock","54":"sale","55":"shipping-taxable","56":"purchasable","57":"product-type-simple"},"_links":{"self":[{"href":"https:\/\/www.gasia.com.tr\/en\/wp-json\/wp\/v2\/product\/35291","targetHints":{"allow":["GET"]}}],"collection":[{"href":"https:\/\/www.gasia.com.tr\/en\/wp-json\/wp\/v2\/product"}],"about":[{"href":"https:\/\/www.gasia.com.tr\/en\/wp-json\/wp\/v2\/types\/product"}],"replies":[{"embeddable":true,"href":"https:\/\/www.gasia.com.tr\/en\/wp-json\/wp\/v2\/comments?post=35291"}],"version-history":[{"count":2,"href":"https:\/\/www.gasia.com.tr\/en\/wp-json\/wp\/v2\/product\/35291\/revisions"}],"predecessor-version":[{"id":41334,"href":"https:\/\/www.gasia.com.tr\/en\/wp-json\/wp\/v2\/product\/35291\/revisions\/41334"}],"wp:featuredmedia":[{"embeddable":true,"href":"https:\/\/www.gasia.com.tr\/en\/wp-json\/wp\/v2\/media\/41332"}],"wp:attachment":[{"href":"https:\/\/www.gasia.com.tr\/en\/wp-json\/wp\/v2\/media?parent=35291"}],"wp:term":[{"taxonomy":"product_brand","embeddable":true,"href":"https:\/\/www.gasia.com.tr\/en\/wp-json\/wp\/v2\/product_brand?post=35291"},{"taxonomy":"product_cat","embeddable":true,"href":"https:\/\/www.gasia.com.tr\/en\/wp-json\/wp\/v2\/product_cat?post=35291"},{"taxonomy":"product_tag","embeddable":true,"href":"https:\/\/www.gasia.com.tr\/en\/wp-json\/wp\/v2\/product_tag?post=35291"}],"curies":[{"name":"wp","href":"https:\/\/api.w.org\/{rel}","templated":true}]}}