{"id":35363,"date":"2025-12-19T10:57:32","date_gmt":"2025-12-19T07:57:32","guid":{"rendered":"https:\/\/www.gasia.com.tr\/?post_type=product&#038;p=35363"},"modified":"2026-04-16T23:18:16","modified_gmt":"2026-04-16T20:18:16","slug":"aquamarin-tasli-pirlanta-cerceveli-mine-altin-yuzuk","status":"publish","type":"product","link":"https:\/\/www.gasia.com.tr\/en\/collections\/aquamarin-tasli-pirlanta-cerceveli-mine-altin-yuzuk\/","title":{"rendered":"Aquamarin ta\u015fl\u0131 p\u0131rlanta \u00e7er\u00e7eveli mine alt\u0131n y\u00fcz\u00fck"},"content":{"rendered":"<p data-start=\"67\" data-end=\"294\">Merkezde yer alan dikd\u00f6rtgen kesim aquamarin ta\u015f, a\u00e7\u0131k mavi tonlar\u0131yla ferah ve dikkat \u00e7ekici bir g\u00f6r\u00fcn\u00fcm sunar. Ta\u015f\u0131n etraf\u0131n\u0131 saran p\u0131rlanta \u00e7er\u00e7eve, \u0131\u015f\u0131\u011f\u0131 yans\u0131tarak tasar\u0131ma parlak bir vurgu kazand\u0131r\u0131r.<\/p>\n<p data-start=\"296\" data-end=\"522\">Y\u00fcz\u00fc\u011f\u00fcn geni\u015f formu ve beyaz mine y\u00fczeyi, aquamarin ta\u015f\u0131n rengini daha da \u00f6n plana \u00e7\u0131kar\u0131rken alt\u0131n detaylar ile dengeli bir kontrast olu\u015fturur. Geometrik hatlara sahip merkez form, y\u00fcz\u00fc\u011fe g\u00fc\u00e7l\u00fc ve modern bir karakter verir.<\/p>\n<p data-start=\"524\" data-end=\"688\">G\u00fcnl\u00fck kombinlerden \u00f6zel anlara kadar farkl\u0131 stillerle uyum sa\u011flayabilecek bu model, renkli ta\u015f ve p\u0131rlanta birlikteli\u011fini sevenler i\u00e7in \u00f6ne \u00e7\u0131kan bir tasar\u0131md\u0131r.<\/p>\n<ul>\n<li>Aquamarine-G\u00f6kz\u00fcmr\u00fctS\u00fcmerler ve M\u0131s\u0131rl\u0131lar i\u00e7in gen\u00e7li\u011fin enerjisi ve mutlulu\u011fun simgesiydi.Romal\u0131lar dostlu\u011fu ve a\u015fk\u0131 peki\u015ftirdi\u011fine inand\u0131l\u0131ar. Orta \u00e7a\u011f\u0131n gemici ve sava\u015fc\u0131lar\u0131 ondan cesaret ald\u0131 ve \u00f6l\u00fcm korkusunu unuttu.G\u00f6kz\u00fcmr\u00fct herkesin bildi\u011fi Z\u00fcmr\u00fct\u00fcn yak\u0131n akrabas\u0131d\u0131r.Her ikisi de Beryl mineralidir.Sadece G\u00f6kz\u00fcmr\u00fctte Demir,Aquamarinede Krom bulunur. Cesaretiniz k\u0131r\u0131ld\u0131\u011f\u0131nda ta\u015f\u0131n g\u00fcven tazeledi\u011fine inan\u0131l\u0131yor ve negatif enerjiden koruyor.<\/li>\n<\/ul>","protected":false},"excerpt":{"rendered":"<ul>\n<li>14 ayar alt\u0131n<\/li>\n<li>0.14 ct P\u0131rlanta<\/li>\n<li>2.10 ct Brezilya Aquamarine<\/li>\n<li>Ayarlanabilir y\u00fcz\u00fck \u00f6l\u00e7\u00fcs\u00fc<\/li>\n<\/ul>","protected":false},"featured_media":42393,"comment_status":"open","ping_status":"closed","template":"","meta":[],"product_brand":[77],"product_cat":[242,76],"product_tag":[289,3487,3489,654,2852,577,3488,3184,521,1214,450],"class_list":{"0":"post-35363","1":"product","2":"type-product","3":"status-publish","4":"has-post-thumbnail","6":"product_brand-gasia","7":"product_cat-retro-mucevher-koleksiyonu","8":"product_cat-yuzuk-modelleri","9":"product_tag-altin-yuzuk","10":"product_tag-aquamarin-yuzuk","11":"product_tag-aquamarine-ring","12":"product_tag-diamond-ring","13":"product_tag-enamel-ring","14":"product_tag-gold-ring","15":"product_tag-mavi-tas-yuzuk","16":"product_tag-mine-yuzuk","17":"product_tag-modern-yuzuk","18":"product_tag-pirlantali-yuzuk","19":"product_tag-statement-ring","20":"pa_cinsiyet-kadin","22":"first","23":"instock","24":"shipping-taxable","25":"purchasable","26":"product-type-simple"},"_links":{"self":[{"href":"https:\/\/www.gasia.com.tr\/en\/wp-json\/wp\/v2\/product\/35363","targetHints":{"allow":["GET"]}}],"collection":[{"href":"https:\/\/www.gasia.com.tr\/en\/wp-json\/wp\/v2\/product"}],"about":[{"href":"https:\/\/www.gasia.com.tr\/en\/wp-json\/wp\/v2\/types\/product"}],"replies":[{"embeddable":true,"href":"https:\/\/www.gasia.com.tr\/en\/wp-json\/wp\/v2\/comments?post=35363"}],"version-history":[{"count":4,"href":"https:\/\/www.gasia.com.tr\/en\/wp-json\/wp\/v2\/product\/35363\/revisions"}],"predecessor-version":[{"id":42392,"href":"https:\/\/www.gasia.com.tr\/en\/wp-json\/wp\/v2\/product\/35363\/revisions\/42392"}],"wp:featuredmedia":[{"embeddable":true,"href":"https:\/\/www.gasia.com.tr\/en\/wp-json\/wp\/v2\/media\/42393"}],"wp:attachment":[{"href":"https:\/\/www.gasia.com.tr\/en\/wp-json\/wp\/v2\/media?parent=35363"}],"wp:term":[{"taxonomy":"product_brand","embeddable":true,"href":"https:\/\/www.gasia.com.tr\/en\/wp-json\/wp\/v2\/product_brand?post=35363"},{"taxonomy":"product_cat","embeddable":true,"href":"https:\/\/www.gasia.com.tr\/en\/wp-json\/wp\/v2\/product_cat?post=35363"},{"taxonomy":"product_tag","embeddable":true,"href":"https:\/\/www.gasia.com.tr\/en\/wp-json\/wp\/v2\/product_tag?post=35363"}],"curies":[{"name":"wp","href":"https:\/\/api.w.org\/{rel}","templated":true}]}}