{"id":35541,"date":"2025-12-24T09:15:21","date_gmt":"2025-12-24T06:15:21","guid":{"rendered":"https:\/\/www.gasia.com.tr\/?post_type=product&#038;p=35541"},"modified":"2026-03-24T22:39:40","modified_gmt":"2026-03-24T19:39:40","slug":"elmas-tas-detayli-vintage-tasarim-siyah-deri-bileklik","status":"publish","type":"product","link":"https:\/\/www.gasia.com.tr\/en\/collections\/elmas-tas-detayli-vintage-tasarim-siyah-deri-bileklik\/","title":{"rendered":"Elmas Ta\u015f Detayl\u0131 Vintage Tasar\u0131m Siyah Deri Bileklik"},"content":{"rendered":"<p>Siyah deri bant \u00fczerine yerle\u015ftirilen elmas ta\u015f detaylar\u0131yla zenginle\u015ftirilen bu bileklik, dikkat \u00e7ekici ve g\u00fc\u00e7l\u00fc bir stil sunar. Orta b\u00f6l\u00fcmde konumlanan b\u00fcy\u00fck elmas ta\u015f ve \u00e7evresindeki mozaik formdaki ta\u015f dizilimi, tasar\u0131ma derinlik ve \u0131\u015f\u0131lt\u0131 kazand\u0131r\u0131r. G\u00fcnl\u00fck kullan\u0131mdan \u00f6zel kombinlere kadar rahatl\u0131kla tercih edilebilen bu bileklik, klasik ve modern \u00e7izgileri bir araya getirerek stilinizi tamamlar.<\/p>","protected":false},"excerpt":{"rendered":"<p>Siyah deri bant \u00fczerine yerle\u015ftirilen elmas ta\u015f detaylar\u0131yla zenginle\u015ftirilen bu bileklik, dikkat \u00e7ekici ve g\u00fc\u00e7l\u00fc bir stil sunar. Orta b\u00f6l\u00fcmde<\/p>","protected":false},"featured_media":40712,"comment_status":"open","ping_status":"closed","template":"","meta":[],"product_brand":[],"product_cat":[209,264],"product_tag":[2279,2182,507,2199,543,365,2185,620,363,742,2208,2271,366,1805,2682,2250,505,2200,2683,1803],"class_list":{"0":"post-35541","1":"product","2":"type-product","3":"status-publish","4":"has-post-thumbnail","6":"product_cat-deri-orgu-bileklik","7":"product_cat-gasia-1974-koleksiyonu","8":"product_tag-black-leather-bracelet","9":"product_tag-deri-bileklik","10":"product_tag-diamond-bracelet","11":"product_tag-elmas-bileklik","12":"product_tag-erkek-bileklik","13":"product_tag-kadin-bileklik","14":"product_tag-leather-bracelet","15":"product_tag-men-bracelet","16":"product_tag-modern-bileklik","17":"product_tag-modern-jewelry","18":"product_tag-ozel-tasarim-bileklik","19":"product_tag-siyah-deri-bileklik","20":"product_tag-sik-bileklik","21":"product_tag-statement-bracelet","22":"product_tag-stone-bracelet","23":"product_tag-stylish-bracelet","24":"product_tag-tasli-bileklik","25":"product_tag-vintage-bileklik","26":"product_tag-vintage-bracelet","27":"product_tag-women-bracelet","28":"pa_cinsiyet-kadin","30":"first","31":"instock","32":"sale","33":"shipping-taxable","34":"purchasable","35":"product-type-simple"},"_links":{"self":[{"href":"https:\/\/www.gasia.com.tr\/en\/wp-json\/wp\/v2\/product\/35541","targetHints":{"allow":["GET"]}}],"collection":[{"href":"https:\/\/www.gasia.com.tr\/en\/wp-json\/wp\/v2\/product"}],"about":[{"href":"https:\/\/www.gasia.com.tr\/en\/wp-json\/wp\/v2\/types\/product"}],"replies":[{"embeddable":true,"href":"https:\/\/www.gasia.com.tr\/en\/wp-json\/wp\/v2\/comments?post=35541"}],"version-history":[{"count":2,"href":"https:\/\/www.gasia.com.tr\/en\/wp-json\/wp\/v2\/product\/35541\/revisions"}],"predecessor-version":[{"id":40713,"href":"https:\/\/www.gasia.com.tr\/en\/wp-json\/wp\/v2\/product\/35541\/revisions\/40713"}],"wp:featuredmedia":[{"embeddable":true,"href":"https:\/\/www.gasia.com.tr\/en\/wp-json\/wp\/v2\/media\/40712"}],"wp:attachment":[{"href":"https:\/\/www.gasia.com.tr\/en\/wp-json\/wp\/v2\/media?parent=35541"}],"wp:term":[{"taxonomy":"product_brand","embeddable":true,"href":"https:\/\/www.gasia.com.tr\/en\/wp-json\/wp\/v2\/product_brand?post=35541"},{"taxonomy":"product_cat","embeddable":true,"href":"https:\/\/www.gasia.com.tr\/en\/wp-json\/wp\/v2\/product_cat?post=35541"},{"taxonomy":"product_tag","embeddable":true,"href":"https:\/\/www.gasia.com.tr\/en\/wp-json\/wp\/v2\/product_tag?post=35541"}],"curies":[{"name":"wp","href":"https:\/\/api.w.org\/{rel}","templated":true}]}}