{"id":35628,"date":"2026-01-19T18:50:04","date_gmt":"2026-01-19T15:50:04","guid":{"rendered":"https:\/\/www.gasia.com.tr\/?post_type=product&#038;p=35628"},"modified":"2026-04-11T19:39:09","modified_gmt":"2026-04-11T16:39:09","slug":"soyut-su-sinegi-formlu-pirlanta-detayli-altin-yuzuk","status":"publish","type":"product","link":"https:\/\/www.gasia.com.tr\/en\/collections\/soyut-su-sinegi-formlu-pirlanta-detayli-altin-yuzuk\/","title":{"rendered":"Soyut Su Sine\u011fi Formlu P\u0131rlanta Detayl\u0131 Alt\u0131n Y\u00fcz\u00fck"},"content":{"rendered":"<p data-start=\"211\" data-end=\"310\">Ak\u0131\u015fkan \u00e7izgilerle \u015fekillenen bu \u00f6zg\u00fcn tasar\u0131m y\u00fcz\u00fck, do\u011fadan ilham alan soyut bir estetik sunar.<\/p>\n<p data-start=\"312\" data-end=\"557\">\u00c7apraz ve y\u00fckselen formlar, y\u00fcz\u00fck \u00fczerinde dengeli bir hareket hissi yarat\u0131rken; y\u00fczey boyunca yer alan p\u0131rlanta detaylar tasar\u0131ma zarif bir \u0131\u015f\u0131lt\u0131 kazand\u0131r\u0131r. \u0130nce i\u015f\u00e7ilikle olu\u015fturulan bu heykelsi form, modern ve g\u00fc\u00e7l\u00fc bir stilin ifadesidir.<\/p>\n<p data-start=\"559\" data-end=\"668\">Minimal \u00e7izgilerle maksimum etki yaratan bu y\u00fcz\u00fck, tek ba\u015f\u0131na dikkat \u00e7eken zamans\u0131z bir tasar\u0131m par\u00e7as\u0131d\u0131r.<\/p>","protected":false},"excerpt":{"rendered":"<ul>\n<li>18 ayar alt\u0131n<\/li>\n<li>0.65 ct beyaz p\u0131rlanta<\/li>\n<li>0.12 ct siyah p\u0131rlanta<\/li>\n<\/ul>","protected":false},"featured_media":41893,"comment_status":"open","ping_status":"closed","template":"","meta":[],"product_brand":[77,2718],"product_cat":[260,76],"product_tag":[3306,3307,289,352,565,654,3308,577,521,335,3305,340],"class_list":{"0":"post-35628","1":"product","2":"type-product","3":"status-publish","4":"has-post-thumbnail","6":"product_brand-gasia","7":"product_brand-gasia-casuals","8":"product_cat-kadin","9":"product_cat-yuzuk-modelleri","10":"product_tag-abstract-ring","11":"product_tag-akiskan-form","12":"product_tag-altin-yuzuk","13":"product_tag-contemporary-jewelry","14":"product_tag-designer-ring","15":"product_tag-diamond-ring","16":"product_tag-fluid-design","17":"product_tag-gold-ring","18":"product_tag-modern-yuzuk","19":"product_tag-pirlanta-yuzuk","20":"product_tag-soyut-yuzuk","21":"product_tag-tasarim-yuzuk","22":"pa_cinsiyet-kadin","24":"first","25":"instock","26":"shipping-taxable","27":"product-type-simple"},"_links":{"self":[{"href":"https:\/\/www.gasia.com.tr\/en\/wp-json\/wp\/v2\/product\/35628","targetHints":{"allow":["GET"]}}],"collection":[{"href":"https:\/\/www.gasia.com.tr\/en\/wp-json\/wp\/v2\/product"}],"about":[{"href":"https:\/\/www.gasia.com.tr\/en\/wp-json\/wp\/v2\/types\/product"}],"replies":[{"embeddable":true,"href":"https:\/\/www.gasia.com.tr\/en\/wp-json\/wp\/v2\/comments?post=35628"}],"version-history":[{"count":4,"href":"https:\/\/www.gasia.com.tr\/en\/wp-json\/wp\/v2\/product\/35628\/revisions"}],"predecessor-version":[{"id":41894,"href":"https:\/\/www.gasia.com.tr\/en\/wp-json\/wp\/v2\/product\/35628\/revisions\/41894"}],"wp:featuredmedia":[{"embeddable":true,"href":"https:\/\/www.gasia.com.tr\/en\/wp-json\/wp\/v2\/media\/41893"}],"wp:attachment":[{"href":"https:\/\/www.gasia.com.tr\/en\/wp-json\/wp\/v2\/media?parent=35628"}],"wp:term":[{"taxonomy":"product_brand","embeddable":true,"href":"https:\/\/www.gasia.com.tr\/en\/wp-json\/wp\/v2\/product_brand?post=35628"},{"taxonomy":"product_cat","embeddable":true,"href":"https:\/\/www.gasia.com.tr\/en\/wp-json\/wp\/v2\/product_cat?post=35628"},{"taxonomy":"product_tag","embeddable":true,"href":"https:\/\/www.gasia.com.tr\/en\/wp-json\/wp\/v2\/product_tag?post=35628"}],"curies":[{"name":"wp","href":"https:\/\/api.w.org\/{rel}","templated":true}]}}