{"id":35682,"date":"2026-01-01T17:16:38","date_gmt":"2026-01-01T14:16:38","guid":{"rendered":"https:\/\/www.gasia.com.tr\/?post_type=product&#038;p=35682"},"modified":"2026-04-13T16:33:02","modified_gmt":"2026-04-13T13:33:02","slug":"firuze-tasli-altin-detayli-tesbih","status":"publish","type":"product","link":"https:\/\/www.gasia.com.tr\/en\/collections\/firuze-tasli-altin-detayli-tesbih\/","title":{"rendered":"Firuze Ta\u015fl\u0131 Alt\u0131n Detayl\u0131 Tesbih"},"content":{"rendered":"<p data-start=\"170\" data-end=\"419\">Do\u011fal firuze tonlar\u0131n\u0131n huzur veren etkisini zarif bir tasar\u0131mla bulu\u015fturan bu \u00f6zel tesbih, g\u00fcnl\u00fck kullan\u0131mda ve koleksiyonlarda dikkat \u00e7eken bir par\u00e7ad\u0131r. Yumu\u015fak ge\u00e7i\u015fli turkuaz renkli ta\u015flar\u0131 ve parlak alt\u0131n detaylar\u0131yla estetik bir uyum sunar.<\/p>\n<p data-start=\"421\" data-end=\"619\">Oval formdaki ta\u015f dizilimi elde rahat bir kullan\u0131m sa\u011flarken, dengeli yap\u0131s\u0131 sayesinde ak\u0131c\u0131 bir \u00e7ekim hissi verir. U\u00e7 k\u0131sm\u0131ndaki metal p\u00fcsk\u00fcl ve ince i\u015f\u00e7ilik, \u00fcr\u00fcne g\u00fc\u00e7l\u00fc bir karakter kazand\u0131r\u0131r.<\/p>\n<p data-start=\"621\" data-end=\"771\">Hem ki\u015fisel kullan\u0131m hem de hediye alternatifi olarak de\u011ferlendirilebilecek bu tesbih, sade ama etkileyici bir stil arayanlar i\u00e7in ideal bir se\u00e7imdir.<\/p>","protected":false},"excerpt":{"rendered":"<p>Do\u011fal firuze tonlar\u0131n\u0131n huzur veren etkisini zarif bir tasar\u0131mla bulu\u015fturan bu \u00f6zel tesbih, g\u00fcnl\u00fck kullan\u0131mda ve koleksiyonlarda dikkat \u00e7eken bir<\/p>","protected":false},"featured_media":42047,"comment_status":"open","ping_status":"closed","template":"","meta":[],"product_brand":[2957],"product_cat":[247,259],"product_tag":[3317,3320,3352,3401,3357,3338,3403,3407,3408,3321,3405,3404,3402,3409,3406],"class_list":{"0":"post-35682","1":"product","2":"type-product","3":"status-publish","4":"has-post-thumbnail","6":"product_brand-gasia-for-man","7":"product_cat-hediyelik","8":"product_cat-tespih-modelleri","9":"product_tag-altin-detayli-tesbih","10":"product_tag-dogal-tas-tesbih","11":"product_tag-erkek-tesbih","12":"product_tag-firuze-tesbih","13":"product_tag-gift-tasbih","14":"product_tag-handmade-tasbih","15":"product_tag-koleksiyon-tesbih","16":"product_tag-luxury-tasbih","17":"product_tag-muslim-prayer-beads","18":"product_tag-natural-stone-tasbih","19":"product_tag-prayer-beads","20":"product_tag-sik-tesbih","21":"product_tag-turkuaz-tesbih","22":"product_tag-turquoise-beads","23":"product_tag-turquoise-tasbih","24":"pa_cinsiyet-erkek","26":"first","27":"instock","28":"shipping-taxable","29":"product-type-simple"},"_links":{"self":[{"href":"https:\/\/www.gasia.com.tr\/en\/wp-json\/wp\/v2\/product\/35682","targetHints":{"allow":["GET"]}}],"collection":[{"href":"https:\/\/www.gasia.com.tr\/en\/wp-json\/wp\/v2\/product"}],"about":[{"href":"https:\/\/www.gasia.com.tr\/en\/wp-json\/wp\/v2\/types\/product"}],"replies":[{"embeddable":true,"href":"https:\/\/www.gasia.com.tr\/en\/wp-json\/wp\/v2\/comments?post=35682"}],"version-history":[{"count":4,"href":"https:\/\/www.gasia.com.tr\/en\/wp-json\/wp\/v2\/product\/35682\/revisions"}],"predecessor-version":[{"id":42046,"href":"https:\/\/www.gasia.com.tr\/en\/wp-json\/wp\/v2\/product\/35682\/revisions\/42046"}],"wp:featuredmedia":[{"embeddable":true,"href":"https:\/\/www.gasia.com.tr\/en\/wp-json\/wp\/v2\/media\/42047"}],"wp:attachment":[{"href":"https:\/\/www.gasia.com.tr\/en\/wp-json\/wp\/v2\/media?parent=35682"}],"wp:term":[{"taxonomy":"product_brand","embeddable":true,"href":"https:\/\/www.gasia.com.tr\/en\/wp-json\/wp\/v2\/product_brand?post=35682"},{"taxonomy":"product_cat","embeddable":true,"href":"https:\/\/www.gasia.com.tr\/en\/wp-json\/wp\/v2\/product_cat?post=35682"},{"taxonomy":"product_tag","embeddable":true,"href":"https:\/\/www.gasia.com.tr\/en\/wp-json\/wp\/v2\/product_tag?post=35682"}],"curies":[{"name":"wp","href":"https:\/\/api.w.org\/{rel}","templated":true}]}}