{"id":35691,"date":"2026-01-01T17:34:10","date_gmt":"2026-01-01T14:34:10","guid":{"rendered":"https:\/\/www.gasia.com.tr\/?post_type=product&#038;p=35691"},"modified":"2026-04-13T16:49:41","modified_gmt":"2026-04-13T13:49:41","slug":"kemik-ve-altin-tesbih","status":"publish","type":"product","link":"https:\/\/www.gasia.com.tr\/en\/collections\/kemik-ve-altin-tesbih\/","title":{"rendered":"Kemik ve Alt\u0131n Tesbih"},"content":{"rendered":"<p>Do\u011fal kemik tanelerin kendine \u00f6zg\u00fc dokusu ile alt\u0131n\u0131n s\u0131cak \u0131\u015f\u0131lt\u0131s\u0131n\u0131 bir araya getiren bu tesbih, dikkat \u00e7ekici bir uyum sunar. \u00d6zenle i\u015flenmi\u015f desenli taneler, \u00fcr\u00fcne karakter kazand\u0131r\u0131rken her biri elde rahat bir kullan\u0131m sa\u011flayacak \u015fekilde tasarlanm\u0131\u015ft\u0131r. Alt\u0131n detayl\u0131 imame, tasar\u0131ma zarif bir denge katarken, sade p\u00fcsk\u00fcl yap\u0131s\u0131 \u015f\u0131kl\u0131\u011f\u0131 tamamlar. G\u00fcnl\u00fck kullan\u0131mda fark yaratan, ayn\u0131 zamanda \u00f6zel koleksiyonlar i\u00e7in de\u011ferli bir par\u00e7a olan bu tesbih, estetik ve do\u011fall\u0131\u011f\u0131 bir arada arayanlar i\u00e7in ideal bir se\u00e7imdir.<\/p>","protected":false},"excerpt":{"rendered":"<p>Do\u011fal kemik tanelerin kendine \u00f6zg\u00fc dokusu ile alt\u0131n\u0131n s\u0131cak \u0131\u015f\u0131lt\u0131s\u0131n\u0131 bir araya getiren bu tesbih, dikkat \u00e7ekici bir uyum sunar.<\/p>","protected":false},"featured_media":41922,"comment_status":"open","ping_status":"closed","template":"","meta":[],"product_brand":[2957],"product_cat":[247,259],"product_tag":[3344,3347,3342,3343,3348,3354,3350,3352,3357,3345,3351,3356,3341,3346,3353,3355,3349],"class_list":{"0":"post-35691","1":"product","2":"type-product","3":"status-publish","4":"has-post-thumbnail","6":"product_brand-gasia-for-man","7":"product_cat-hediyelik","8":"product_cat-tespih-modelleri","9":"product_tag-altin-tesbih","10":"product_tag-bone-and-gold-prayer-beads","11":"product_tag-bone-prayer-beads","12":"product_tag-bone-tasbih","13":"product_tag-desenli-tesbih","14":"product_tag-dogal-tesbih","15":"product_tag-el-yapimi-tesbih","16":"product_tag-erkek-tesbih","17":"product_tag-gift-tasbih","18":"product_tag-gold-tasbih","19":"product_tag-handmade-prayer-beads","20":"product_tag-hediyelik-tesbih","21":"product_tag-kemik-tesbih","22":"product_tag-kemik-ve-altin-tesbih","23":"product_tag-men-tasbih","24":"product_tag-natural-prayer-beads","25":"product_tag-patterned-tasbih","26":"pa_cinsiyet-erkek","28":"first","29":"instock","30":"shipping-taxable","31":"product-type-simple"},"_links":{"self":[{"href":"https:\/\/www.gasia.com.tr\/en\/wp-json\/wp\/v2\/product\/35691","targetHints":{"allow":["GET"]}}],"collection":[{"href":"https:\/\/www.gasia.com.tr\/en\/wp-json\/wp\/v2\/product"}],"about":[{"href":"https:\/\/www.gasia.com.tr\/en\/wp-json\/wp\/v2\/types\/product"}],"replies":[{"embeddable":true,"href":"https:\/\/www.gasia.com.tr\/en\/wp-json\/wp\/v2\/comments?post=35691"}],"version-history":[{"count":4,"href":"https:\/\/www.gasia.com.tr\/en\/wp-json\/wp\/v2\/product\/35691\/revisions"}],"predecessor-version":[{"id":35916,"href":"https:\/\/www.gasia.com.tr\/en\/wp-json\/wp\/v2\/product\/35691\/revisions\/35916"}],"wp:featuredmedia":[{"embeddable":true,"href":"https:\/\/www.gasia.com.tr\/en\/wp-json\/wp\/v2\/media\/41922"}],"wp:attachment":[{"href":"https:\/\/www.gasia.com.tr\/en\/wp-json\/wp\/v2\/media?parent=35691"}],"wp:term":[{"taxonomy":"product_brand","embeddable":true,"href":"https:\/\/www.gasia.com.tr\/en\/wp-json\/wp\/v2\/product_brand?post=35691"},{"taxonomy":"product_cat","embeddable":true,"href":"https:\/\/www.gasia.com.tr\/en\/wp-json\/wp\/v2\/product_cat?post=35691"},{"taxonomy":"product_tag","embeddable":true,"href":"https:\/\/www.gasia.com.tr\/en\/wp-json\/wp\/v2\/product_tag?post=35691"}],"curies":[{"name":"wp","href":"https:\/\/api.w.org\/{rel}","templated":true}]}}