{"id":35693,"date":"2026-01-01T17:35:01","date_gmt":"2026-01-01T14:35:01","guid":{"rendered":"https:\/\/www.gasia.com.tr\/?post_type=product&#038;p=35693"},"modified":"2026-04-13T14:27:14","modified_gmt":"2026-04-13T11:27:14","slug":"bal-rengi-kehribar-tesbih-altin-detayli-ozel-iscilik","status":"publish","type":"product","link":"https:\/\/www.gasia.com.tr\/en\/collections\/bal-rengi-kehribar-tesbih-altin-detayli-ozel-iscilik\/","title":{"rendered":"Bal Rengi Kehribar Tesbih Alt\u0131n Detayl\u0131 \u00d6zel \u0130\u015f\u00e7ilik"},"content":{"rendered":"<p>Do\u011fal bal tonlar\u0131n\u0131n s\u0131cak ve canl\u0131 yans\u0131malar\u0131n\u0131 ta\u015f\u0131yan bu kehribar tesbih, zarif ge\u00e7i\u015flere sahip taneleriyle dikkat \u00e7eker. I\u015f\u0131\u011fa g\u00f6re de\u011fi\u015fen renk derinli\u011fi, her a\u00e7\u0131dan etkileyici bir g\u00f6r\u00fcn\u00fcm sunarken, p\u00fcr\u00fczs\u00fcz y\u00fczeyi elde ak\u0131c\u0131 bir kullan\u0131m sa\u011flar. Alt\u0131n\u00a0 imame ve detaylar tasar\u0131ma uyumlu bir \u015f\u0131kl\u0131k katarken, dengeli dizilimi konforu \u00f6n plana \u00e7\u0131kar\u0131r. G\u00fcnl\u00fck kullan\u0131mda stilinizi tamamlayan ve \u00f6zel anlarda \u00f6ne \u00e7\u0131kan de\u011ferli bir aksesuard\u0131r.<\/p>","protected":false},"excerpt":{"rendered":"<p>Do\u011fal bal tonlar\u0131n\u0131n s\u0131cak ve canl\u0131 yans\u0131malar\u0131n\u0131 ta\u015f\u0131yan bu kehribar tesbih, zarif ge\u00e7i\u015flere sahip taneleriyle dikkat \u00e7eker. I\u015f\u0131\u011fa g\u00f6re de\u011fi\u015fen<\/p>","protected":false},"featured_media":42008,"comment_status":"open","ping_status":"closed","template":"","meta":[],"product_brand":[2957],"product_cat":[247,259],"product_tag":[3317,3395,3389,3312,3390,3396,3357,3318,3356,3391,3394,3311,3397,3393,3392],"class_list":{"0":"post-35693","1":"product","2":"type-product","3":"status-publish","4":"has-post-thumbnail","6":"product_brand-gasia-for-man","7":"product_cat-hediyelik","8":"product_cat-tespih-modelleri","9":"product_tag-altin-detayli-tesbih","10":"product_tag-amber-men-tasbih","11":"product_tag-amber-prayer-beads","12":"product_tag-amber-tasbih","13":"product_tag-bal-rengi-tesbih","14":"product_tag-dogal-kehribar-tesbih","15":"product_tag-gift-tasbih","16":"product_tag-gold-detail-tasbih","17":"product_tag-hediyelik-tesbih","18":"product_tag-honey-amber-beads","19":"product_tag-kehribar-erkek-tesbih","20":"product_tag-kehribar-tesbih","21":"product_tag-natural-amber-prayer-beads","22":"product_tag-pressed-amber-tasbih","23":"product_tag-sikma-kehribar-tesbih","24":"pa_cinsiyet-erkek","26":"first","27":"instock","28":"shipping-taxable","29":"product-type-simple"},"_links":{"self":[{"href":"https:\/\/www.gasia.com.tr\/en\/wp-json\/wp\/v2\/product\/35693","targetHints":{"allow":["GET"]}}],"collection":[{"href":"https:\/\/www.gasia.com.tr\/en\/wp-json\/wp\/v2\/product"}],"about":[{"href":"https:\/\/www.gasia.com.tr\/en\/wp-json\/wp\/v2\/types\/product"}],"replies":[{"embeddable":true,"href":"https:\/\/www.gasia.com.tr\/en\/wp-json\/wp\/v2\/comments?post=35693"}],"version-history":[{"count":3,"href":"https:\/\/www.gasia.com.tr\/en\/wp-json\/wp\/v2\/product\/35693\/revisions"}],"predecessor-version":[{"id":42010,"href":"https:\/\/www.gasia.com.tr\/en\/wp-json\/wp\/v2\/product\/35693\/revisions\/42010"}],"wp:featuredmedia":[{"embeddable":true,"href":"https:\/\/www.gasia.com.tr\/en\/wp-json\/wp\/v2\/media\/42008"}],"wp:attachment":[{"href":"https:\/\/www.gasia.com.tr\/en\/wp-json\/wp\/v2\/media?parent=35693"}],"wp:term":[{"taxonomy":"product_brand","embeddable":true,"href":"https:\/\/www.gasia.com.tr\/en\/wp-json\/wp\/v2\/product_brand?post=35693"},{"taxonomy":"product_cat","embeddable":true,"href":"https:\/\/www.gasia.com.tr\/en\/wp-json\/wp\/v2\/product_cat?post=35693"},{"taxonomy":"product_tag","embeddable":true,"href":"https:\/\/www.gasia.com.tr\/en\/wp-json\/wp\/v2\/product_tag?post=35693"}],"curies":[{"name":"wp","href":"https:\/\/api.w.org\/{rel}","templated":true}]}}