{"id":35699,"date":"2026-01-01T17:37:24","date_gmt":"2026-01-01T14:37:24","guid":{"rendered":"https:\/\/www.gasia.com.tr\/?post_type=product&#038;p=35699"},"modified":"2026-04-12T13:56:43","modified_gmt":"2026-04-12T10:56:43","slug":"beyaz-mine-detayli-altin-puskullu-tasarim-tesbih","status":"publish","type":"product","link":"https:\/\/www.gasia.com.tr\/en\/collections\/beyaz-mine-detayli-altin-puskullu-tasarim-tesbih\/","title":{"rendered":"Beyaz Mine Detayl\u0131 Alt\u0131n P\u00fcsk\u00fcll\u00fc Tasar\u0131m Tesbih"},"content":{"rendered":"<p data-start=\"103\" data-end=\"191\">Beyaz mine detaylar\u0131yla zenginle\u015fen bu \u00f6zel tesbih, modern ve zarif bir g\u00f6r\u00fcn\u00fcm sunar.<\/p>\n<p data-start=\"193\" data-end=\"423\">Oval formdaki taneler \u00fczerine uygulanan mine i\u015f\u00e7ilik, alt\u0131n y\u00fczeyle kontrast olu\u015fturarak tasar\u0131ma sofistike bir dokunu\u015f kazand\u0131r\u0131r. U\u00e7 k\u0131sm\u0131nda yer alan alt\u0131n p\u00fcsk\u00fcl, hareketli yap\u0131s\u0131yla tesbihe estetik bir ak\u0131\u015f ve \u015f\u0131kl\u0131k katar.<\/p>\n<p data-start=\"425\" data-end=\"557\">Hem g\u00fcnl\u00fck kullan\u0131m hem de \u00f6zel anlar i\u00e7in tercih edilebilecek bu par\u00e7a, detaylara \u00f6nem verenler i\u00e7in \u00f6ne \u00e7\u0131kan bir tasar\u0131m sunar.<\/p>","protected":false},"excerpt":{"rendered":"<p>Beyaz mine detaylar\u0131yla zenginle\u015fen bu \u00f6zel tesbih, modern ve zarif bir g\u00f6r\u00fcn\u00fcm sunar. Oval formdaki taneler \u00fczerine uygulanan mine i\u015f\u00e7ilik,<\/p>","protected":false},"featured_media":41916,"comment_status":"open","ping_status":"closed","template":"","meta":[],"product_brand":[2957],"product_cat":[247,259],"product_tag":[3324,3336,3332,3322,3328,3337,3333,3338,3327,3340,3329,3326,3325,3334,3323,3339,3330,3335,3331],"class_list":{"0":"post-35699","1":"product","2":"type-product","3":"status-publish","4":"has-post-thumbnail","6":"product_brand-gasia-for-man","7":"product_cat-hediyelik","8":"product_cat-tespih-modelleri","9":"product_tag-altinpuskullutesbih","10":"product_tag-coralprayerbeads","11":"product_tag-coraltasbihbracelet","12":"product_tag-ensikmercantaslitesbih","13":"product_tag-erkektesbihonerisi","14":"product_tag-goldprayerbeads","15":"product_tag-goldtasseltasbih","16":"product_tag-handmade-tasbih","17":"product_tag-hediyeliktesbih","18":"product_tag-islamicrosary","19":"product_tag-kaliteli-tesbih","20":"product_tag-koleksiyonluktesbih","21":"product_tag-lukstesbihmodelleri","22":"product_tag-luxurytasbih","23":"product_tag-mercantesbih","24":"product_tag-muslimprayerbeads","25":"product_tag-ozel-tasarim-tesbih","26":"product_tag-premiummisbah","27":"product_tag-premiumtesbih-coraltasbih","28":"pa_cinsiyet-erkek","30":"first","31":"instock","32":"shipping-taxable","33":"product-type-simple"},"_links":{"self":[{"href":"https:\/\/www.gasia.com.tr\/en\/wp-json\/wp\/v2\/product\/35699","targetHints":{"allow":["GET"]}}],"collection":[{"href":"https:\/\/www.gasia.com.tr\/en\/wp-json\/wp\/v2\/product"}],"about":[{"href":"https:\/\/www.gasia.com.tr\/en\/wp-json\/wp\/v2\/types\/product"}],"replies":[{"embeddable":true,"href":"https:\/\/www.gasia.com.tr\/en\/wp-json\/wp\/v2\/comments?post=35699"}],"version-history":[{"count":3,"href":"https:\/\/www.gasia.com.tr\/en\/wp-json\/wp\/v2\/product\/35699\/revisions"}],"predecessor-version":[{"id":41918,"href":"https:\/\/www.gasia.com.tr\/en\/wp-json\/wp\/v2\/product\/35699\/revisions\/41918"}],"wp:featuredmedia":[{"embeddable":true,"href":"https:\/\/www.gasia.com.tr\/en\/wp-json\/wp\/v2\/media\/41916"}],"wp:attachment":[{"href":"https:\/\/www.gasia.com.tr\/en\/wp-json\/wp\/v2\/media?parent=35699"}],"wp:term":[{"taxonomy":"product_brand","embeddable":true,"href":"https:\/\/www.gasia.com.tr\/en\/wp-json\/wp\/v2\/product_brand?post=35699"},{"taxonomy":"product_cat","embeddable":true,"href":"https:\/\/www.gasia.com.tr\/en\/wp-json\/wp\/v2\/product_cat?post=35699"},{"taxonomy":"product_tag","embeddable":true,"href":"https:\/\/www.gasia.com.tr\/en\/wp-json\/wp\/v2\/product_tag?post=35699"}],"curies":[{"name":"wp","href":"https:\/\/api.w.org\/{rel}","templated":true}]}}