{"id":35701,"date":"2026-01-01T17:38:03","date_gmt":"2026-01-01T14:38:03","guid":{"rendered":"https:\/\/www.gasia.com.tr\/?post_type=product&#038;p=35701"},"modified":"2026-04-13T15:16:14","modified_gmt":"2026-04-13T12:16:14","slug":"mercan-tasli-altin-puskullu-tesbih","status":"publish","type":"product","link":"https:\/\/www.gasia.com.tr\/en\/collections\/mercan-tasli-altin-puskullu-tesbih\/","title":{"rendered":"Mercan Ta\u015fl\u0131 Alt\u0131n P\u00fcsk\u00fcll\u00fc Tesbih"},"content":{"rendered":"<p data-start=\"85\" data-end=\"383\">S\u0131cak tonlar\u0131yla dikkat \u00e7eken bu \u00f6zel tasar\u0131m tesbih, do\u011fal g\u00f6r\u00fcn\u00fcml\u00fc mercan ta\u015flar\u0131 ve parlak alt\u0131n detaylar\u0131yla g\u00fc\u00e7l\u00fc bir karakter sunar. Oval formdaki mercan taneler, elde ak\u0131c\u0131 bir kullan\u0131m sa\u011flarken; zarif i\u015f\u00e7ilikle haz\u0131rlanm\u0131\u015f p\u00fcsk\u00fcl ve imame k\u0131sm\u0131 tasar\u0131ma dengeli bir b\u00fct\u00fcnl\u00fck kazand\u0131r\u0131r.<\/p>\n<p data-start=\"385\" data-end=\"611\">I\u015f\u0131\u011f\u0131 yumu\u015fak \u015fekilde yans\u0131tan y\u00fczeyi sayesinde hem g\u00fcnl\u00fck kullan\u0131mda hem de \u00f6zel anlarda estetik bir tamamlay\u0131c\u0131 olarak \u00f6ne \u00e7\u0131kar. Klasik tesbih formunu modern bir yorumla bulu\u015fturan bu par\u00e7a, koleksiyonluk bir de\u011fer ta\u015f\u0131r.<\/p>","protected":false},"excerpt":{"rendered":"<p>S\u0131cak tonlar\u0131yla dikkat \u00e7eken bu \u00f6zel tasar\u0131m tesbih, do\u011fal g\u00f6r\u00fcn\u00fcml\u00fc mercan ta\u015flar\u0131 ve parlak alt\u0131n detaylar\u0131yla g\u00fc\u00e7l\u00fc bir karakter sunar.<\/p>","protected":false},"featured_media":42012,"comment_status":"open","ping_status":"closed","template":"","meta":[],"product_brand":[2957],"product_cat":[247,259],"product_tag":[3324,3336,3332,3322,3328,3337,3333,3338,3327,3340,3329,3326,3325,3334,3323,3339,3330,3335,3331],"class_list":{"0":"post-35701","1":"product","2":"type-product","3":"status-publish","4":"has-post-thumbnail","6":"product_brand-gasia-for-man","7":"product_cat-hediyelik","8":"product_cat-tespih-modelleri","9":"product_tag-altinpuskullutesbih","10":"product_tag-coralprayerbeads","11":"product_tag-coraltasbihbracelet","12":"product_tag-ensikmercantaslitesbih","13":"product_tag-erkektesbihonerisi","14":"product_tag-goldprayerbeads","15":"product_tag-goldtasseltasbih","16":"product_tag-handmade-tasbih","17":"product_tag-hediyeliktesbih","18":"product_tag-islamicrosary","19":"product_tag-kaliteli-tesbih","20":"product_tag-koleksiyonluktesbih","21":"product_tag-lukstesbihmodelleri","22":"product_tag-luxurytasbih","23":"product_tag-mercantesbih","24":"product_tag-muslimprayerbeads","25":"product_tag-ozel-tasarim-tesbih","26":"product_tag-premiummisbah","27":"product_tag-premiumtesbih-coraltasbih","28":"pa_cinsiyet-erkek","30":"first","31":"instock","32":"shipping-taxable","33":"product-type-simple"},"_links":{"self":[{"href":"https:\/\/www.gasia.com.tr\/en\/wp-json\/wp\/v2\/product\/35701","targetHints":{"allow":["GET"]}}],"collection":[{"href":"https:\/\/www.gasia.com.tr\/en\/wp-json\/wp\/v2\/product"}],"about":[{"href":"https:\/\/www.gasia.com.tr\/en\/wp-json\/wp\/v2\/types\/product"}],"replies":[{"embeddable":true,"href":"https:\/\/www.gasia.com.tr\/en\/wp-json\/wp\/v2\/comments?post=35701"}],"version-history":[{"count":3,"href":"https:\/\/www.gasia.com.tr\/en\/wp-json\/wp\/v2\/product\/35701\/revisions"}],"predecessor-version":[{"id":41915,"href":"https:\/\/www.gasia.com.tr\/en\/wp-json\/wp\/v2\/product\/35701\/revisions\/41915"}],"wp:featuredmedia":[{"embeddable":true,"href":"https:\/\/www.gasia.com.tr\/en\/wp-json\/wp\/v2\/media\/42012"}],"wp:attachment":[{"href":"https:\/\/www.gasia.com.tr\/en\/wp-json\/wp\/v2\/media?parent=35701"}],"wp:term":[{"taxonomy":"product_brand","embeddable":true,"href":"https:\/\/www.gasia.com.tr\/en\/wp-json\/wp\/v2\/product_brand?post=35701"},{"taxonomy":"product_cat","embeddable":true,"href":"https:\/\/www.gasia.com.tr\/en\/wp-json\/wp\/v2\/product_cat?post=35701"},{"taxonomy":"product_tag","embeddable":true,"href":"https:\/\/www.gasia.com.tr\/en\/wp-json\/wp\/v2\/product_tag?post=35701"}],"curies":[{"name":"wp","href":"https:\/\/api.w.org\/{rel}","templated":true}]}}