{"id":35703,"date":"2026-01-01T17:39:09","date_gmt":"2026-01-01T14:39:09","guid":{"rendered":"https:\/\/www.gasia.com.tr\/?post_type=product&#038;p=35703"},"modified":"2026-04-13T14:39:36","modified_gmt":"2026-04-13T11:39:36","slug":"kehribar-tasli-altin-puskullu-tesbih","status":"publish","type":"product","link":"https:\/\/www.gasia.com.tr\/en\/collections\/kehribar-tasli-altin-puskullu-tesbih\/","title":{"rendered":"Kehribar Ta\u015fl\u0131 Alt\u0131n P\u00fcsk\u00fcll\u00fc Tesbih"},"content":{"rendered":"<p data-start=\"91\" data-end=\"179\">Do\u011fal kehribar\u0131n s\u0131cak tonlar\u0131n\u0131 ta\u015f\u0131yan bu \u00f6zel tesbih, zarif detaylar\u0131yla \u00f6ne \u00e7\u0131kar.<\/p>\n<p data-start=\"181\" data-end=\"420\">Ak\u0131c\u0131 formdaki kehribar taneler, elde dengeli ve rahat bir kullan\u0131m sunarken; u\u00e7 k\u0131sm\u0131nda yer alan alt\u0131n detayl\u0131 p\u00fcsk\u00fcl tasar\u0131ma hareket ve \u015f\u0131kl\u0131k kazand\u0131r\u0131r. Parlak y\u00fczeyler ve yumu\u015fak ge\u00e7i\u015fler, tesbihin estetik b\u00fct\u00fcnl\u00fc\u011f\u00fcn\u00fc g\u00fc\u00e7lendirir.<\/p>\n<p data-start=\"422\" data-end=\"567\">G\u00fcnl\u00fck kullan\u0131mda keyifle tercih edilebilecek bu par\u00e7a, ayn\u0131 zamanda anlaml\u0131 ve karakter sahibi bir aksesuar arayanlar i\u00e7in ideal bir se\u00e7imdir.<\/p>","protected":false},"excerpt":{"rendered":"<p>Do\u011fal kehribar\u0131n s\u0131cak tonlar\u0131n\u0131 ta\u015f\u0131yan bu \u00f6zel tesbih, zarif detaylar\u0131yla \u00f6ne \u00e7\u0131kar. Ak\u0131c\u0131 formdaki kehribar taneler, elde dengeli ve rahat<\/p>","protected":false},"featured_media":42011,"comment_status":"open","ping_status":"closed","template":"","meta":[],"product_brand":[2957],"product_cat":[247,259],"product_tag":[3317,3314,3312,3320,617,3318,3313,3311,3319,3321,3316,3315],"class_list":{"0":"post-35703","1":"product","2":"type-product","3":"status-publish","4":"has-post-thumbnail","6":"product_brand-gasia-for-man","7":"product_cat-hediyelik","8":"product_cat-tespih-modelleri","9":"product_tag-altin-detayli-tesbih","10":"product_tag-amber","11":"product_tag-amber-tasbih","12":"product_tag-dogal-tas-tesbih","13":"product_tag-erkek-aksesuar","14":"product_tag-gold-detail-tasbih","15":"product_tag-kehribar","16":"product_tag-kehribar-tesbih","17":"product_tag-men-accessory","18":"product_tag-natural-stone-tasbih","19":"product_tag-tasbih","20":"product_tag-tesbih","21":"pa_cinsiyet-erkek","23":"first","24":"instock","25":"shipping-taxable","26":"product-type-simple"},"_links":{"self":[{"href":"https:\/\/www.gasia.com.tr\/en\/wp-json\/wp\/v2\/product\/35703","targetHints":{"allow":["GET"]}}],"collection":[{"href":"https:\/\/www.gasia.com.tr\/en\/wp-json\/wp\/v2\/product"}],"about":[{"href":"https:\/\/www.gasia.com.tr\/en\/wp-json\/wp\/v2\/types\/product"}],"replies":[{"embeddable":true,"href":"https:\/\/www.gasia.com.tr\/en\/wp-json\/wp\/v2\/comments?post=35703"}],"version-history":[{"count":3,"href":"https:\/\/www.gasia.com.tr\/en\/wp-json\/wp\/v2\/product\/35703\/revisions"}],"predecessor-version":[{"id":41912,"href":"https:\/\/www.gasia.com.tr\/en\/wp-json\/wp\/v2\/product\/35703\/revisions\/41912"}],"wp:featuredmedia":[{"embeddable":true,"href":"https:\/\/www.gasia.com.tr\/en\/wp-json\/wp\/v2\/media\/42011"}],"wp:attachment":[{"href":"https:\/\/www.gasia.com.tr\/en\/wp-json\/wp\/v2\/media?parent=35703"}],"wp:term":[{"taxonomy":"product_brand","embeddable":true,"href":"https:\/\/www.gasia.com.tr\/en\/wp-json\/wp\/v2\/product_brand?post=35703"},{"taxonomy":"product_cat","embeddable":true,"href":"https:\/\/www.gasia.com.tr\/en\/wp-json\/wp\/v2\/product_cat?post=35703"},{"taxonomy":"product_tag","embeddable":true,"href":"https:\/\/www.gasia.com.tr\/en\/wp-json\/wp\/v2\/product_tag?post=35703"}],"curies":[{"name":"wp","href":"https:\/\/api.w.org\/{rel}","templated":true}]}}