{"id":35728,"date":"2026-01-19T19:00:02","date_gmt":"2026-01-19T16:00:02","guid":{"rendered":"https:\/\/www.gasia.com.tr\/?post_type=product&#038;p=35728"},"modified":"2026-04-11T19:25:32","modified_gmt":"2026-04-11T16:25:32","slug":"soyut-su-sinegi-formlu-pirlanta-tasarim-altin-yuzuk","status":"publish","type":"product","link":"https:\/\/www.gasia.com.tr\/en\/collections\/soyut-su-sinegi-formlu-pirlanta-tasarim-altin-yuzuk\/","title":{"rendered":"Soyut Su Sine\u011fi Formlu P\u0131rlanta Tasar\u0131m Alt\u0131n Y\u00fcz\u00fck"},"content":{"rendered":"<p data-start=\"217\" data-end=\"361\">Do\u011fan\u0131n ak\u0131\u015fkan hareketlerinden ilham alan bu \u00f6zg\u00fcn tasar\u0131m y\u00fcz\u00fck, su sine\u011finin y\u00fczey \u00fczerindeki zarif ilerleyi\u015fini soyut bir formda yorumlar.<\/p>\n<p data-start=\"363\" data-end=\"625\">\u00c7apraz ve uzayan hatlar, y\u00fcz\u00fck \u00fczerinde dinamik bir denge kurarken; y\u00fczey boyunca ilerleyen p\u0131rlanta dizilimi \u0131\u015f\u0131\u011f\u0131n hareketini takip eden bir \u0131\u015f\u0131lt\u0131 yarat\u0131r. Organik \u00e7izgilerle \u015fekillenen bu tasar\u0131m, klasik formlardan uzak, modern ve heykelsi bir duru\u015f sunar.<\/p>\n<p data-start=\"627\" data-end=\"727\">G\u00fc\u00e7l\u00fc ama zarif karakteriyle bu y\u00fcz\u00fck, tek ba\u015f\u0131na stilinizi tamamlayan \u00e7a\u011fda\u015f bir imza par\u00e7as\u0131d\u0131r.<\/p>","protected":false},"excerpt":{"rendered":"<ul>\n<li>18 ayar alt\u0131n<\/li>\n<li>0. ct beyaz p\u0131rlanta<\/li>\n<\/ul>","protected":false},"featured_media":41889,"comment_status":"open","ping_status":"closed","template":"","meta":[],"product_brand":[],"product_cat":[260,76],"product_tag":[],"class_list":{"0":"post-35728","1":"product","2":"type-product","3":"status-publish","4":"has-post-thumbnail","6":"product_cat-kadin","7":"product_cat-yuzuk-modelleri","8":"pa_cinsiyet-kadin","10":"first","11":"instock","12":"shipping-taxable","13":"product-type-simple"},"_links":{"self":[{"href":"https:\/\/www.gasia.com.tr\/en\/wp-json\/wp\/v2\/product\/35728","targetHints":{"allow":["GET"]}}],"collection":[{"href":"https:\/\/www.gasia.com.tr\/en\/wp-json\/wp\/v2\/product"}],"about":[{"href":"https:\/\/www.gasia.com.tr\/en\/wp-json\/wp\/v2\/types\/product"}],"replies":[{"embeddable":true,"href":"https:\/\/www.gasia.com.tr\/en\/wp-json\/wp\/v2\/comments?post=35728"}],"version-history":[{"count":4,"href":"https:\/\/www.gasia.com.tr\/en\/wp-json\/wp\/v2\/product\/35728\/revisions"}],"predecessor-version":[{"id":41891,"href":"https:\/\/www.gasia.com.tr\/en\/wp-json\/wp\/v2\/product\/35728\/revisions\/41891"}],"wp:featuredmedia":[{"embeddable":true,"href":"https:\/\/www.gasia.com.tr\/en\/wp-json\/wp\/v2\/media\/41889"}],"wp:attachment":[{"href":"https:\/\/www.gasia.com.tr\/en\/wp-json\/wp\/v2\/media?parent=35728"}],"wp:term":[{"taxonomy":"product_brand","embeddable":true,"href":"https:\/\/www.gasia.com.tr\/en\/wp-json\/wp\/v2\/product_brand?post=35728"},{"taxonomy":"product_cat","embeddable":true,"href":"https:\/\/www.gasia.com.tr\/en\/wp-json\/wp\/v2\/product_cat?post=35728"},{"taxonomy":"product_tag","embeddable":true,"href":"https:\/\/www.gasia.com.tr\/en\/wp-json\/wp\/v2\/product_tag?post=35728"}],"curies":[{"name":"wp","href":"https:\/\/api.w.org\/{rel}","templated":true}]}}