{"id":35741,"date":"2026-01-01T19:24:01","date_gmt":"2026-01-01T16:24:01","guid":{"rendered":"https:\/\/www.gasia.com.tr\/?post_type=product&#038;p=35741"},"modified":"2026-03-17T12:39:59","modified_gmt":"2026-03-17T09:39:59","slug":"phrenite-tasli-pirlanta-detayli-gumus-sallantili-kupe","status":"publish","type":"product","link":"https:\/\/www.gasia.com.tr\/en\/collections\/phrenite-tasli-pirlanta-detayli-gumus-sallantili-kupe\/","title":{"rendered":"Phrenite Ta\u015fl\u0131 P\u0131rlanta Detayl\u0131  Sallant\u0131l\u0131 K\u00fcpe"},"content":{"rendered":"<p>Ortada yer alan do\u011fal phrenite ta\u015f ve etraf\u0131n\u0131 \u00e7evreleyen p\u0131rlanta detaylar\u0131yla tasarlanan bu sallant\u0131l\u0131 k\u00fcpe, yumu\u015fak ye\u015fil tonuyla zarif bir g\u00f6r\u00fcn\u00fcm sunar. Siyah\u00a0 rodaj 18 ayar alt\u0131n halka formu ile tamamlanan tasar\u0131m, hem g\u00fcnl\u00fck hem \u00f6zel kombinlere uyum sa\u011flayan \u015f\u0131k bir par\u00e7ad\u0131r.<\/p>","protected":false},"excerpt":{"rendered":"<ul>\n<li>18 ayar alt\u0131n<\/li>\n<li>0.64 ct P\u0131rlanta<\/li>\n<li>11.84 ct Phrenite<\/li>\n<\/ul>","protected":false},"featured_media":39789,"comment_status":"open","ping_status":"closed","template":"","meta":[],"product_brand":[],"product_cat":[260,74],"product_tag":[1573,1587,833,1595,1594,1592,1588,1590,1564,1583,392,1591,1584,1567,1586,1593,1589,1596,1585,378],"class_list":{"0":"post-35741","1":"product","2":"type-product","3":"status-publish","4":"has-post-thumbnail","6":"product_cat-kadin","7":"product_cat-kupe-modelleri","8":"product_tag-diamond-detail-earrings","9":"product_tag-dogal-tas-kupe","10":"product_tag-drop-earrings","11":"product_tag-elegant-earrings","12":"product_tag-gemstone-earrings","13":"product_tag-green-stone-earrings","14":"product_tag-gumus-halka-kupe","15":"product_tag-kadin-kupe-modelleri","16":"product_tag-luxury-earrings","17":"product_tag-modern-earrings","18":"product_tag-modern-kupe","19":"product_tag-phrenite-earrings","20":"product_tag-phrenite-tasli-kupe","21":"product_tag-pirlanta-detayli-kupe","22":"product_tag-sallantili-gumus-kupe","23":"product_tag-silver-hoop-earrings","24":"product_tag-tasli-kupe-kadin","25":"product_tag-women-earrings","26":"product_tag-yesil-tasli-kupe","27":"product_tag-zarif-kupe","28":"pa_cinsiyet-kadin","30":"first","31":"instock","32":"sale","33":"shipping-taxable","34":"purchasable","35":"product-type-simple"},"_links":{"self":[{"href":"https:\/\/www.gasia.com.tr\/en\/wp-json\/wp\/v2\/product\/35741","targetHints":{"allow":["GET"]}}],"collection":[{"href":"https:\/\/www.gasia.com.tr\/en\/wp-json\/wp\/v2\/product"}],"about":[{"href":"https:\/\/www.gasia.com.tr\/en\/wp-json\/wp\/v2\/types\/product"}],"replies":[{"embeddable":true,"href":"https:\/\/www.gasia.com.tr\/en\/wp-json\/wp\/v2\/comments?post=35741"}],"version-history":[{"count":2,"href":"https:\/\/www.gasia.com.tr\/en\/wp-json\/wp\/v2\/product\/35741\/revisions"}],"predecessor-version":[{"id":39790,"href":"https:\/\/www.gasia.com.tr\/en\/wp-json\/wp\/v2\/product\/35741\/revisions\/39790"}],"wp:featuredmedia":[{"embeddable":true,"href":"https:\/\/www.gasia.com.tr\/en\/wp-json\/wp\/v2\/media\/39789"}],"wp:attachment":[{"href":"https:\/\/www.gasia.com.tr\/en\/wp-json\/wp\/v2\/media?parent=35741"}],"wp:term":[{"taxonomy":"product_brand","embeddable":true,"href":"https:\/\/www.gasia.com.tr\/en\/wp-json\/wp\/v2\/product_brand?post=35741"},{"taxonomy":"product_cat","embeddable":true,"href":"https:\/\/www.gasia.com.tr\/en\/wp-json\/wp\/v2\/product_cat?post=35741"},{"taxonomy":"product_tag","embeddable":true,"href":"https:\/\/www.gasia.com.tr\/en\/wp-json\/wp\/v2\/product_tag?post=35741"}],"curies":[{"name":"wp","href":"https:\/\/api.w.org\/{rel}","templated":true}]}}