{"id":35744,"date":"2026-03-22T00:00:00","date_gmt":"2026-03-21T21:00:00","guid":{"rendered":"https:\/\/www.gasia.com.tr\/?post_type=product&#038;p=35744"},"modified":"2026-03-30T16:46:09","modified_gmt":"2026-03-30T13:46:09","slug":"beyaz-mercan-damla-form-pirlanta-detayli-altin-kupe","status":"publish","type":"product","link":"https:\/\/www.gasia.com.tr\/en\/collections\/beyaz-mercan-damla-form-pirlanta-detayli-altin-kupe\/","title":{"rendered":"Beyaz Mercan Damla Form P\u0131rlanta Detayl\u0131 Alt\u0131n K\u00fcpe"},"content":{"rendered":"<p>Beyaz mercan ta\u015f\u0131n do\u011fal ve sade g\u00f6r\u00fcn\u00fcm\u00fc, damla form tasar\u0131mla birle\u015ferek g\u00fc\u00e7l\u00fc bir zarafet sunar. \u00dcst k\u0131sm\u0131ndaki p\u0131rlanta detayl\u0131 motif ve ince i\u015f\u00e7ilik, tasar\u0131ma hareket ve karakter kazand\u0131r\u0131r. Alt\u0131n mont\u00fcr ile dengelenen bu \u00f6zel par\u00e7a, hem g\u00fcnl\u00fck kullan\u0131mda hem de \u00f6zel anlarda stilini tamamlayan dikkat \u00e7ekici bir se\u00e7enektir.<\/p>","protected":false},"excerpt":{"rendered":"<ul>\n<li>18 ayar alt\u0131n<\/li>\n<li>925 ayar g\u00fcm\u00fc\u015f<\/li>\n<li>0.42 ct p\u0131rlanta<\/li>\n<li>40.41 ct Beyaz Mercan<\/li>\n<\/ul>","protected":false},"featured_media":40921,"comment_status":"open","ping_status":"closed","template":"","meta":[],"product_brand":[77],"product_cat":[260,74],"product_tag":[1713,2503,2791,893,1684,1715,833,1714,1981,395,2788,374,814,375,403,2504],"class_list":{"0":"post-35744","1":"product","2":"type-product","3":"status-publish","4":"has-post-thumbnail","6":"product_brand-gasia","7":"product_cat-kadin","8":"product_cat-kupe-modelleri","9":"product_tag-altin-kupe","10":"product_tag-beyaz-mercan-kupe","11":"product_tag-coral-earrings","12":"product_tag-damla-kupe","13":"product_tag-dangle-earrings","14":"product_tag-diamond-earrings","15":"product_tag-drop-earrings","16":"product_tag-gold-earrings","17":"product_tag-gosterisli-kupe","18":"product_tag-kadin-kupe","19":"product_tag-mercan-kupe","20":"product_tag-pirlanta-kupe","21":"product_tag-sallantili-kupe","22":"product_tag-sik-kupe","23":"product_tag-statement-earrings","24":"product_tag-white-coral-earrings","25":"pa_cinsiyet-kadin","27":"first","28":"instock","29":"sale","30":"shipping-taxable","31":"purchasable","32":"product-type-simple"},"_links":{"self":[{"href":"https:\/\/www.gasia.com.tr\/en\/wp-json\/wp\/v2\/product\/35744","targetHints":{"allow":["GET"]}}],"collection":[{"href":"https:\/\/www.gasia.com.tr\/en\/wp-json\/wp\/v2\/product"}],"about":[{"href":"https:\/\/www.gasia.com.tr\/en\/wp-json\/wp\/v2\/types\/product"}],"replies":[{"embeddable":true,"href":"https:\/\/www.gasia.com.tr\/en\/wp-json\/wp\/v2\/comments?post=35744"}],"version-history":[{"count":2,"href":"https:\/\/www.gasia.com.tr\/en\/wp-json\/wp\/v2\/product\/35744\/revisions"}],"predecessor-version":[{"id":40922,"href":"https:\/\/www.gasia.com.tr\/en\/wp-json\/wp\/v2\/product\/35744\/revisions\/40922"}],"wp:featuredmedia":[{"embeddable":true,"href":"https:\/\/www.gasia.com.tr\/en\/wp-json\/wp\/v2\/media\/40921"}],"wp:attachment":[{"href":"https:\/\/www.gasia.com.tr\/en\/wp-json\/wp\/v2\/media?parent=35744"}],"wp:term":[{"taxonomy":"product_brand","embeddable":true,"href":"https:\/\/www.gasia.com.tr\/en\/wp-json\/wp\/v2\/product_brand?post=35744"},{"taxonomy":"product_cat","embeddable":true,"href":"https:\/\/www.gasia.com.tr\/en\/wp-json\/wp\/v2\/product_cat?post=35744"},{"taxonomy":"product_tag","embeddable":true,"href":"https:\/\/www.gasia.com.tr\/en\/wp-json\/wp\/v2\/product_tag?post=35744"}],"curies":[{"name":"wp","href":"https:\/\/api.w.org\/{rel}","templated":true}]}}