{"id":35747,"date":"2025-01-01T19:29:03","date_gmt":"2025-01-01T16:29:03","guid":{"rendered":"https:\/\/www.gasia.com.tr\/?post_type=product&#038;p=35747"},"modified":"2026-03-26T21:29:51","modified_gmt":"2026-03-26T18:29:51","slug":"mercan-tasli-dokulu-form-pirlanta-detayli-altin-kupe","status":"publish","type":"product","link":"https:\/\/www.gasia.com.tr\/en\/collections\/mercan-tasli-dokulu-form-pirlanta-detayli-altin-kupe\/","title":{"rendered":"Mercan Ta\u015fl\u0131 Dokulu Form P\u0131rlanta Detayl\u0131 Alt\u0131n K\u00fcpe"},"content":{"rendered":"<p data-start=\"98\" data-end=\"472\">Mercan ta\u015f\u0131n canl\u0131 ve enerjik turuncu tonu, \u00f6zel dokulu y\u00fczeyiyle birle\u015ferek dikkat \u00e7ekici bir g\u00f6r\u00fcn\u00fcm sunar. \u00dcst k\u0131sm\u0131nda yer alan p\u0131rlanta s\u0131ral\u0131 detaylar \u0131\u015f\u0131\u011f\u0131 zarif \u015fekilde yans\u0131t\u0131rken, alt\u0131n dokunu\u015flar tasar\u0131ma dengeli bir ge\u00e7i\u015f kazand\u0131r\u0131r. Hareketli formu sayesinde \u0131\u015f\u0131kla birlikte \u00f6ne \u00e7\u0131kan bu k\u00fcpe, g\u00fc\u00e7l\u00fc ve farkl\u0131 bir stil arayanlar i\u00e7in ideal bir tamamlay\u0131c\u0131d\u0131r.<\/p>","protected":false},"excerpt":{"rendered":"<ul>\n<li>18 ayar alt\u0131n<\/li>\n<li>0.67 ct p\u0131rlanta<\/li>\n<li>12.82 ct Mercan<\/li>\n<\/ul>","protected":false},"featured_media":40919,"comment_status":"open","ping_status":"closed","template":"","meta":[],"product_brand":[],"product_cat":[260,74],"product_tag":[1713,2791,2792,1684,1715,1714,1981,395,2788,2789,374,814,375,403,2790,1596],"class_list":{"0":"post-35747","1":"product","2":"type-product","3":"status-publish","4":"has-post-thumbnail","6":"product_cat-kadin","7":"product_cat-kupe-modelleri","8":"product_tag-altin-kupe","9":"product_tag-coral-earrings","10":"product_tag-coral-stone-earrings","11":"product_tag-dangle-earrings","12":"product_tag-diamond-earrings","13":"product_tag-gold-earrings","14":"product_tag-gosterisli-kupe","15":"product_tag-kadin-kupe","16":"product_tag-mercan-kupe","17":"product_tag-mercan-tasli-kupe","18":"product_tag-pirlanta-kupe","19":"product_tag-sallantili-kupe","20":"product_tag-sik-kupe","21":"product_tag-statement-earrings","22":"product_tag-turuncu-tasli-kupe","23":"product_tag-women-earrings","24":"pa_cinsiyet-kadin","26":"first","27":"instock","28":"sale","29":"shipping-taxable","30":"purchasable","31":"product-type-simple"},"_links":{"self":[{"href":"https:\/\/www.gasia.com.tr\/en\/wp-json\/wp\/v2\/product\/35747","targetHints":{"allow":["GET"]}}],"collection":[{"href":"https:\/\/www.gasia.com.tr\/en\/wp-json\/wp\/v2\/product"}],"about":[{"href":"https:\/\/www.gasia.com.tr\/en\/wp-json\/wp\/v2\/types\/product"}],"replies":[{"embeddable":true,"href":"https:\/\/www.gasia.com.tr\/en\/wp-json\/wp\/v2\/comments?post=35747"}],"version-history":[{"count":2,"href":"https:\/\/www.gasia.com.tr\/en\/wp-json\/wp\/v2\/product\/35747\/revisions"}],"predecessor-version":[{"id":40920,"href":"https:\/\/www.gasia.com.tr\/en\/wp-json\/wp\/v2\/product\/35747\/revisions\/40920"}],"wp:featuredmedia":[{"embeddable":true,"href":"https:\/\/www.gasia.com.tr\/en\/wp-json\/wp\/v2\/media\/40919"}],"wp:attachment":[{"href":"https:\/\/www.gasia.com.tr\/en\/wp-json\/wp\/v2\/media?parent=35747"}],"wp:term":[{"taxonomy":"product_brand","embeddable":true,"href":"https:\/\/www.gasia.com.tr\/en\/wp-json\/wp\/v2\/product_brand?post=35747"},{"taxonomy":"product_cat","embeddable":true,"href":"https:\/\/www.gasia.com.tr\/en\/wp-json\/wp\/v2\/product_cat?post=35747"},{"taxonomy":"product_tag","embeddable":true,"href":"https:\/\/www.gasia.com.tr\/en\/wp-json\/wp\/v2\/product_tag?post=35747"}],"curies":[{"name":"wp","href":"https:\/\/api.w.org\/{rel}","templated":true}]}}