{"id":35754,"date":"2026-03-21T00:00:00","date_gmt":"2026-03-20T21:00:00","guid":{"rendered":"https:\/\/www.gasia.com.tr\/?post_type=product&#038;p=35754"},"modified":"2026-03-30T16:46:24","modified_gmt":"2026-03-30T13:46:24","slug":"ametist-tasli-pirlanta-detay-sallantili-altin-kupe","status":"publish","type":"product","link":"https:\/\/www.gasia.com.tr\/en\/collections\/ametist-tasli-pirlanta-detay-sallantili-altin-kupe\/","title":{"rendered":"Ametist Ta\u015fl\u0131 P\u0131rlanta Detay Sallant\u0131l\u0131 Alt\u0131n K\u00fcpe"},"content":{"rendered":"<p>I\u015f\u0131lt\u0131l\u0131 ametist ta\u015f\u0131 ile dikkat \u00e7eken bu k\u00fcpe, zarif p\u0131rlanta detaylar\u0131yla tamamlanarak g\u00f6z al\u0131c\u0131 bir tasar\u0131m sunar. \u00dcst k\u0131sm\u0131ndaki halka form, k\u00fcpeye hareket kazand\u0131r\u0131rken; b\u00fcy\u00fck kesim ametist ta\u015f, \u0131\u015f\u0131\u011f\u0131 yans\u0131tarak canl\u0131 bir g\u00f6r\u00fcn\u00fcm olu\u015fturur. Dalga formundaki p\u0131rlanta s\u00fcslemeler, tasar\u0131ma modern ve farkl\u0131 bir karakter katar. G\u00fcnl\u00fck kullan\u0131mdan \u00f6zel davetlere kadar her stile uyum sa\u011flayan \u015f\u0131k bir par\u00e7ad\u0131r.<\/p>","protected":false},"excerpt":{"rendered":"<ul>\n<li>18 ayar alt\u0131n<\/li>\n<li>0.46 ct p\u0131rlanta<\/li>\n<li>20.40 ct amethyst<\/li>\n<li>33.50 mm k\u00fcpe uzunluk<\/li>\n<\/ul>","protected":false},"featured_media":40948,"comment_status":"open","ping_status":"closed","template":"","meta":[],"product_brand":[77],"product_cat":[260,74],"product_tag":[1713,2517,2663,1573,2797,395,1564,2664,1567,2668,814,375],"class_list":{"0":"post-35754","1":"product","2":"type-product","3":"status-publish","4":"has-post-thumbnail","6":"product_brand-gasia","7":"product_cat-kadin","8":"product_cat-kupe-modelleri","9":"product_tag-altin-kupe","10":"product_tag-amethyst-earrings","11":"product_tag-ametist-kupe","12":"product_tag-diamond-detail-earrings","13":"product_tag-gold-dangle-earrings","14":"product_tag-kadin-kupe","15":"product_tag-luxury-earrings","16":"product_tag-mor-tasli-kupe","17":"product_tag-pirlanta-detayli-kupe","18":"product_tag-purple-stone-earrings","19":"product_tag-sallantili-kupe","20":"product_tag-sik-kupe","21":"pa_cinsiyet-kadin","23":"first","24":"instock","25":"sale","26":"shipping-taxable","27":"purchasable","28":"product-type-simple"},"_links":{"self":[{"href":"https:\/\/www.gasia.com.tr\/en\/wp-json\/wp\/v2\/product\/35754","targetHints":{"allow":["GET"]}}],"collection":[{"href":"https:\/\/www.gasia.com.tr\/en\/wp-json\/wp\/v2\/product"}],"about":[{"href":"https:\/\/www.gasia.com.tr\/en\/wp-json\/wp\/v2\/types\/product"}],"replies":[{"embeddable":true,"href":"https:\/\/www.gasia.com.tr\/en\/wp-json\/wp\/v2\/comments?post=35754"}],"version-history":[{"count":2,"href":"https:\/\/www.gasia.com.tr\/en\/wp-json\/wp\/v2\/product\/35754\/revisions"}],"predecessor-version":[{"id":40949,"href":"https:\/\/www.gasia.com.tr\/en\/wp-json\/wp\/v2\/product\/35754\/revisions\/40949"}],"wp:featuredmedia":[{"embeddable":true,"href":"https:\/\/www.gasia.com.tr\/en\/wp-json\/wp\/v2\/media\/40948"}],"wp:attachment":[{"href":"https:\/\/www.gasia.com.tr\/en\/wp-json\/wp\/v2\/media?parent=35754"}],"wp:term":[{"taxonomy":"product_brand","embeddable":true,"href":"https:\/\/www.gasia.com.tr\/en\/wp-json\/wp\/v2\/product_brand?post=35754"},{"taxonomy":"product_cat","embeddable":true,"href":"https:\/\/www.gasia.com.tr\/en\/wp-json\/wp\/v2\/product_cat?post=35754"},{"taxonomy":"product_tag","embeddable":true,"href":"https:\/\/www.gasia.com.tr\/en\/wp-json\/wp\/v2\/product_tag?post=35754"}],"curies":[{"name":"wp","href":"https:\/\/api.w.org\/{rel}","templated":true}]}}