{"id":35776,"date":"2026-01-01T21:54:40","date_gmt":"2026-01-01T18:54:40","guid":{"rendered":"https:\/\/www.gasia.com.tr\/?post_type=product&#038;p=35776"},"modified":"2026-03-16T18:10:36","modified_gmt":"2026-03-16T15:10:36","slug":"turkuaz-tasli-nazar-motifli-altin-bileklik","status":"publish","type":"product","link":"https:\/\/www.gasia.com.tr\/en\/collections\/turkuaz-tasli-nazar-motifli-altin-bileklik\/","title":{"rendered":"Turkuaz Ta\u015fl\u0131 Nazar Motifli Alt\u0131n Bileklik"},"content":{"rendered":"<p>Nazardan korunman\u0131n sembol\u00fc olan motiflerden ilham alan bu zarif alt\u0131n bileklik, turkuaz ta\u015f detaylar\u0131yla canl\u0131 ve \u015f\u0131k bir g\u00f6r\u00fcn\u00fcm sunar. Farkl\u0131 nazar fig\u00fcrlerinin modern bir yorumla bir araya geldi\u011fi tasar\u0131m, bile\u011fe hareketli ve zarif bir stil kazand\u0131r\u0131r. G\u00fcnl\u00fck kullan\u0131m i\u00e7in ideal olan bu bileklik, hem anlaml\u0131 hem de estetik bir m\u00fccevherdir.<\/p>\n<p>&nbsp;<\/p>\n<p>&nbsp;<\/p>\n<p>Nazarl\u0131k, insanlar\u0131n k\u00f6t\u00fc bak\u0131\u015flardan ve negatif enerjiden korunmak i\u00e7in kulland\u0131\u011f\u0131 \u00e7ok eski bir sembold\u00fcr. \u201cNazar\u201d kelimesi, bir ki\u015finin k\u0131skan\u00e7l\u0131k veya hayranl\u0131k i\u00e7eren bak\u0131\u015flar\u0131n\u0131n ba\u015fkalar\u0131na zarar verebilece\u011fi inanc\u0131ndan do\u011fmu\u015ftur. Bu inan\u00e7, binlerce y\u0131l \u00f6ncesine kadar uzan\u0131r ve \u00f6zellikle Orta Do\u011fu, Anadolu, Akdeniz ve Orta Asya k\u00fclt\u00fcrlerinde yayg\u0131nd\u0131r.<\/p>","protected":false},"excerpt":{"rendered":"<ul>\n<li>14 ayar alt\u0131n<\/li>\n<li>0.10 ct P\u0131rlanta<\/li>\n<li>Do\u011fal \u0130ran Firuzesi<\/li>\n<li>18-16.5 cm ayarlanabilir uzunluk<\/li>\n<\/ul>","protected":false},"featured_media":39739,"comment_status":"open","ping_status":"closed","template":"","meta":[],"product_brand":[],"product_cat":[73,260,198],"product_tag":[408,411,419,420,417,418,414,365,421,407,412,410,366,416,364,409,406,415,413,422],"class_list":{"0":"post-35776","1":"product","2":"type-product","3":"status-publish","4":"has-post-thumbnail","6":"product_cat-altin-pirlanta-bileklik","7":"product_cat-kadin","8":"product_cat-eye-collection","9":"product_tag-altin-charm-bileklik","10":"product_tag-altin-zincir-bileklik","11":"product_tag-delicate-charm-bracelet","12":"product_tag-designer-bracelet","13":"product_tag-evil-eye-bracelet","14":"product_tag-gold-chain-bracelet","15":"product_tag-gold-charm-bracelet","16":"product_tag-kadin-bileklik","17":"product_tag-modern-charm-jewelry","18":"product_tag-nazar-bileklik","19":"product_tag-nazar-boncuklu-bileklik","20":"product_tag-sembol-bileklik","21":"product_tag-sik-bileklik","22":"product_tag-symbol-charm-bracelet","23":"product_tag-tasarim-bileklik","24":"product_tag-turkuaz-bileklik","25":"product_tag-turkuaz-tasli-bileklik","26":"product_tag-turquoise-bracelet","27":"product_tag-turquoise-charm-bracelet","28":"product_tag-turquoise-jewelry","29":"pa_cinsiyet-kadin","31":"first","32":"instock","33":"sale","34":"shipping-taxable","35":"purchasable","36":"product-type-simple"},"_links":{"self":[{"href":"https:\/\/www.gasia.com.tr\/en\/wp-json\/wp\/v2\/product\/35776","targetHints":{"allow":["GET"]}}],"collection":[{"href":"https:\/\/www.gasia.com.tr\/en\/wp-json\/wp\/v2\/product"}],"about":[{"href":"https:\/\/www.gasia.com.tr\/en\/wp-json\/wp\/v2\/types\/product"}],"replies":[{"embeddable":true,"href":"https:\/\/www.gasia.com.tr\/en\/wp-json\/wp\/v2\/comments?post=35776"}],"version-history":[{"count":2,"href":"https:\/\/www.gasia.com.tr\/en\/wp-json\/wp\/v2\/product\/35776\/revisions"}],"predecessor-version":[{"id":39740,"href":"https:\/\/www.gasia.com.tr\/en\/wp-json\/wp\/v2\/product\/35776\/revisions\/39740"}],"wp:featuredmedia":[{"embeddable":true,"href":"https:\/\/www.gasia.com.tr\/en\/wp-json\/wp\/v2\/media\/39739"}],"wp:attachment":[{"href":"https:\/\/www.gasia.com.tr\/en\/wp-json\/wp\/v2\/media?parent=35776"}],"wp:term":[{"taxonomy":"product_brand","embeddable":true,"href":"https:\/\/www.gasia.com.tr\/en\/wp-json\/wp\/v2\/product_brand?post=35776"},{"taxonomy":"product_cat","embeddable":true,"href":"https:\/\/www.gasia.com.tr\/en\/wp-json\/wp\/v2\/product_cat?post=35776"},{"taxonomy":"product_tag","embeddable":true,"href":"https:\/\/www.gasia.com.tr\/en\/wp-json\/wp\/v2\/product_tag?post=35776"}],"curies":[{"name":"wp","href":"https:\/\/api.w.org\/{rel}","templated":true}]}}