{"id":35779,"date":"2025-01-01T21:56:54","date_gmt":"2025-01-01T18:56:54","guid":{"rendered":"https:\/\/www.gasia.com.tr\/?post_type=product&#038;p=35779"},"modified":"2026-03-26T22:05:07","modified_gmt":"2026-03-26T19:05:07","slug":"siyah-onyx-tasli-pirlanta-detay-sallantili-altin-kupe","status":"publish","type":"product","link":"https:\/\/www.gasia.com.tr\/en\/collections\/siyah-onyx-tasli-pirlanta-detay-sallantili-altin-kupe\/","title":{"rendered":"Siyah Onyx Ta\u015fl\u0131 P\u0131rlanta Detay Sallant\u0131l\u0131 Alt\u0131n K\u00fcpe"},"content":{"rendered":"<p>Modern ve g\u00fc\u00e7l\u00fc bir tasar\u0131m anlay\u0131\u015f\u0131yla \u00f6ne \u00e7\u0131kan bu k\u00fcpe, parlak siyah onyx ta\u015f\u0131 ile sofistike bir duru\u015f sergiler. \u00dcst b\u00f6l\u00fcmde yer alan p\u0131rlanta detayl\u0131 halka form, tasar\u0131ma zarif bir \u0131\u015f\u0131lt\u0131 katarken; alt k\u0131s\u0131mdaki organik formda kesilmi\u015f onyx ta\u015f, \u00f6zg\u00fcn ve dikkat \u00e7ekici bir g\u00f6r\u00fcn\u00fcm sunar. G\u00fcnl\u00fck \u015f\u0131kl\u0131\u011f\u0131 tamamlamak veya \u00f6zel anlarda stilinizi vurgulamak i\u00e7in ideal bir par\u00e7ad\u0131r.<\/p>","protected":false},"excerpt":{"rendered":"<ul>\n<li>18 ayar alt\u0131n<\/li>\n<li>0.32 ct p\u0131rlanta<\/li>\n<li>16.58 ct Onyx<\/li>\n<\/ul>","protected":false},"featured_media":40933,"comment_status":"open","ping_status":"closed","template":"","meta":[],"product_brand":[],"product_cat":[260,74],"product_tag":[1717,1573,2797,395,1564,392,2796,1567,814,2793,375,1983],"class_list":{"0":"post-35779","1":"product","2":"type-product","3":"status-publish","4":"has-post-thumbnail","6":"product_cat-kadin","7":"product_cat-kupe-modelleri","8":"product_tag-black-stone-earrings","9":"product_tag-diamond-detail-earrings","10":"product_tag-gold-dangle-earrings","11":"product_tag-kadin-kupe","12":"product_tag-luxury-earrings","13":"product_tag-modern-kupe","14":"product_tag-onyx-earrings","15":"product_tag-pirlanta-detayli-kupe","16":"product_tag-sallantili-kupe","17":"product_tag-siyah-onyx-kupe","18":"product_tag-sik-kupe","19":"product_tag-tasli-altin-kupe","20":"pa_cinsiyet-kadin","22":"first","23":"instock","24":"sale","25":"shipping-taxable","26":"purchasable","27":"product-type-simple"},"_links":{"self":[{"href":"https:\/\/www.gasia.com.tr\/en\/wp-json\/wp\/v2\/product\/35779","targetHints":{"allow":["GET"]}}],"collection":[{"href":"https:\/\/www.gasia.com.tr\/en\/wp-json\/wp\/v2\/product"}],"about":[{"href":"https:\/\/www.gasia.com.tr\/en\/wp-json\/wp\/v2\/types\/product"}],"replies":[{"embeddable":true,"href":"https:\/\/www.gasia.com.tr\/en\/wp-json\/wp\/v2\/comments?post=35779"}],"version-history":[{"count":2,"href":"https:\/\/www.gasia.com.tr\/en\/wp-json\/wp\/v2\/product\/35779\/revisions"}],"predecessor-version":[{"id":40934,"href":"https:\/\/www.gasia.com.tr\/en\/wp-json\/wp\/v2\/product\/35779\/revisions\/40934"}],"wp:featuredmedia":[{"embeddable":true,"href":"https:\/\/www.gasia.com.tr\/en\/wp-json\/wp\/v2\/media\/40933"}],"wp:attachment":[{"href":"https:\/\/www.gasia.com.tr\/en\/wp-json\/wp\/v2\/media?parent=35779"}],"wp:term":[{"taxonomy":"product_brand","embeddable":true,"href":"https:\/\/www.gasia.com.tr\/en\/wp-json\/wp\/v2\/product_brand?post=35779"},{"taxonomy":"product_cat","embeddable":true,"href":"https:\/\/www.gasia.com.tr\/en\/wp-json\/wp\/v2\/product_cat?post=35779"},{"taxonomy":"product_tag","embeddable":true,"href":"https:\/\/www.gasia.com.tr\/en\/wp-json\/wp\/v2\/product_tag?post=35779"}],"curies":[{"name":"wp","href":"https:\/\/api.w.org\/{rel}","templated":true}]}}