{"id":35811,"date":"2026-01-01T22:12:42","date_gmt":"2026-01-01T19:12:42","guid":{"rendered":"https:\/\/www.gasia.com.tr\/?post_type=product&#038;p=35811"},"modified":"2026-03-17T15:32:26","modified_gmt":"2026-03-17T12:32:26","slug":"rutil-kuvars-tasli-pirlanta-detayli-altin-kolye","status":"publish","type":"product","link":"https:\/\/www.gasia.com.tr\/en\/collections\/rutil-kuvars-tasli-pirlanta-detayli-altin-kolye\/","title":{"rendered":"Rutil Kuvars Ta\u015fl\u0131 P\u0131rlanta Detayl\u0131 Alt\u0131n Kolye"},"content":{"rendered":"<p>\u0130\u00e7erisindeki do\u011fal i\u011fnemsi olu\u015fumlar\u0131yla dikkat \u00e7eken rutil kuvars ta\u015f, p\u0131rlanta detayl\u0131 \u00e7er\u00e7eve ile birle\u015ferek \u00f6zg\u00fcn bir g\u00f6r\u00fcn\u00fcm sunar. Alt\u0131n zincir ile tamamlanan bu kolye, sade \u015f\u0131kl\u0131\u011f\u0131 g\u00fc\u00e7l\u00fc bir karakterle bulu\u015fturur.<\/p>","protected":false},"excerpt":{"rendered":"<ul>\n<li>18 ayar alt\u0131n<\/li>\n<li>0.29 ct p\u0131rlanta<\/li>\n<li>10.81 ct Rutil quartz<\/li>\n<li>43 cm zincir uzunluk<\/li>\n<li>25.10 mm \/ 20.52 mm<\/li>\n<\/ul>","protected":false},"featured_media":39810,"comment_status":"open","ping_status":"closed","template":"","meta":[],"product_brand":[],"product_cat":[269,75],"product_tag":[1624,1627,1416,1605,1623,811,1606,1167,1625,1417,1630,483,472,1621,1622,1629,1628,1626,1631,1632],"class_list":{"0":"post-35811","1":"product","2":"type-product","3":"status-publish","4":"has-post-thumbnail","6":"product_cat-gem-world-degerli-tasli-mucevher","7":"product_cat-kolye","8":"product_tag-altin-tasli-kolye","9":"product_tag-benzersiz-tas-kolye","10":"product_tag-designer-gold-necklace","11":"product_tag-diamond-detail-necklace","12":"product_tag-dogal-tas-kolye","13":"product_tag-gemstone-necklace","14":"product_tag-gold-pendant-necklace","15":"product_tag-kadin-altin-kolye","16":"product_tag-kuvars-tas-kolye","17":"product_tag-luxury-necklace","18":"product_tag-natural-stone-necklace","19":"product_tag-ozel-tasarim-kolye","20":"product_tag-pirlanta-detayli-kolye","21":"product_tag-rutil-kuvars-kolye","22":"product_tag-rutil-quartz-kolye","23":"product_tag-rutil-quartz-necklace","24":"product_tag-rutilated-quartz-necklace","25":"product_tag-tasli-kolye-modelleri","26":"product_tag-unique-stone-necklace","27":"product_tag-women-necklace","28":"pa_cinsiyet-kadin","30":"first","31":"instock","32":"sale","33":"shipping-taxable","34":"purchasable","35":"product-type-simple"},"_links":{"self":[{"href":"https:\/\/www.gasia.com.tr\/en\/wp-json\/wp\/v2\/product\/35811","targetHints":{"allow":["GET"]}}],"collection":[{"href":"https:\/\/www.gasia.com.tr\/en\/wp-json\/wp\/v2\/product"}],"about":[{"href":"https:\/\/www.gasia.com.tr\/en\/wp-json\/wp\/v2\/types\/product"}],"replies":[{"embeddable":true,"href":"https:\/\/www.gasia.com.tr\/en\/wp-json\/wp\/v2\/comments?post=35811"}],"version-history":[{"count":3,"href":"https:\/\/www.gasia.com.tr\/en\/wp-json\/wp\/v2\/product\/35811\/revisions"}],"predecessor-version":[{"id":39812,"href":"https:\/\/www.gasia.com.tr\/en\/wp-json\/wp\/v2\/product\/35811\/revisions\/39812"}],"wp:featuredmedia":[{"embeddable":true,"href":"https:\/\/www.gasia.com.tr\/en\/wp-json\/wp\/v2\/media\/39810"}],"wp:attachment":[{"href":"https:\/\/www.gasia.com.tr\/en\/wp-json\/wp\/v2\/media?parent=35811"}],"wp:term":[{"taxonomy":"product_brand","embeddable":true,"href":"https:\/\/www.gasia.com.tr\/en\/wp-json\/wp\/v2\/product_brand?post=35811"},{"taxonomy":"product_cat","embeddable":true,"href":"https:\/\/www.gasia.com.tr\/en\/wp-json\/wp\/v2\/product_cat?post=35811"},{"taxonomy":"product_tag","embeddable":true,"href":"https:\/\/www.gasia.com.tr\/en\/wp-json\/wp\/v2\/product_tag?post=35811"}],"curies":[{"name":"wp","href":"https:\/\/api.w.org\/{rel}","templated":true}]}}