{"id":35823,"date":"2026-01-25T22:20:31","date_gmt":"2026-01-25T19:20:31","guid":{"rendered":"https:\/\/www.gasia.com.tr\/?post_type=product&#038;p=35823"},"modified":"2026-04-11T18:09:28","modified_gmt":"2026-04-11T15:09:28","slug":"pirlanta-tasli-yilan-yuvasi-tasarim-altin-yuzuk","status":"publish","type":"product","link":"https:\/\/www.gasia.com.tr\/en\/collections\/pirlanta-tasli-yilan-yuvasi-tasarim-altin-yuzuk\/","title":{"rendered":"P\u0131rlanta Ta\u015fl\u0131 Y\u0131lan Yuvas\u0131 Tasar\u0131m Alt\u0131n Y\u00fcz\u00fck"},"content":{"rendered":"<p data-start=\"174\" data-end=\"428\">Do\u011fan\u0131n en g\u00fc\u00e7l\u00fc sembollerinden biri olan y\u0131lan, bu \u00f6zel tasar\u0131mda kendi yuvas\u0131n\u0131 saran formuyla hayat buluyor. K\u0131vr\u0131ml\u0131 yap\u0131s\u0131 sayesinde y\u00fcz\u00fck, bir yuva hissi olu\u015ftururken; ya\u015fam d\u00f6ng\u00fcs\u00fc ve yeniden do\u011fu\u015f temas\u0131n\u0131 zarif detaylarla yans\u0131t\u0131r.<\/p>\n<p data-start=\"430\" data-end=\"698\">Y\u00fczeyi kaplayan p\u0131rlantalar, tasar\u0131ma yo\u011fun ve sofistike bir \u0131\u015f\u0131lt\u0131 kazand\u0131r\u0131rken; y\u0131lan\u0131n k\u0131vr\u0131mlar\u0131 aras\u0131nda yer alan yumurta formundaki detaylar bu hik\u00e2yeyi tamamlar. G\u00f6z k\u0131sm\u0131nda kullan\u0131lan k\u0131rm\u0131z\u0131 ta\u015f ise tasar\u0131ma g\u00fc\u00e7l\u00fc ve dikkat \u00e7ekici bir vurgu ekler.<\/p>\n<p data-start=\"700\" data-end=\"908\">Heykelsi formu ve anlam y\u00fckl\u00fc tasar\u0131m\u0131yla bu y\u00fcz\u00fck, klasik m\u00fccevher anlay\u0131\u015f\u0131n\u0131n \u00f6tesine ge\u00e7erek adeta giyilebilir bir sanat eseri haline gelir. Cesur ve \u00f6zg\u00fcn stil arayanlar i\u00e7in benzersiz bir par\u00e7ad\u0131r.<\/p>","protected":false},"excerpt":{"rendered":"<p>Do\u011fan\u0131n en g\u00fc\u00e7l\u00fc sembollerinden biri olan y\u0131lan, bu \u00f6zel tasar\u0131mda kendi yuvas\u0131n\u0131 saran formuyla hayat buluyor. K\u0131vr\u0131ml\u0131 yap\u0131s\u0131 sayesinde y\u00fcz\u00fck,<\/p>","protected":false},"featured_media":41881,"comment_status":"open","ping_status":"closed","template":"","meta":[],"product_brand":[77],"product_cat":[264,76],"product_tag":[289,3122,565,654,1655,577,590,335,1889,3298,1193,340,1859],"class_list":{"0":"post-35823","1":"product","2":"type-product","3":"status-publish","4":"has-post-thumbnail","6":"product_brand-gasia","7":"product_cat-gasia-1974-koleksiyonu","8":"product_cat-yuzuk-modelleri","9":"product_tag-altin-yuzuk","10":"product_tag-artistic-jewelry","11":"product_tag-designer-ring","12":"product_tag-diamond-ring","13":"product_tag-fine-jewelry","14":"product_tag-gold-ring","15":"product_tag-luxury-ring","16":"product_tag-pirlanta-yuzuk","17":"product_tag-sanatsal-yuzuk","18":"product_tag-snake-ring","19":"product_tag-statement-yuzuk","20":"product_tag-tasarim-yuzuk","21":"product_tag-yilan-yuzuk","22":"pa_cinsiyet-kadin","24":"first","25":"instock","26":"shipping-taxable","27":"product-type-simple"},"_links":{"self":[{"href":"https:\/\/www.gasia.com.tr\/en\/wp-json\/wp\/v2\/product\/35823","targetHints":{"allow":["GET"]}}],"collection":[{"href":"https:\/\/www.gasia.com.tr\/en\/wp-json\/wp\/v2\/product"}],"about":[{"href":"https:\/\/www.gasia.com.tr\/en\/wp-json\/wp\/v2\/types\/product"}],"replies":[{"embeddable":true,"href":"https:\/\/www.gasia.com.tr\/en\/wp-json\/wp\/v2\/comments?post=35823"}],"version-history":[{"count":3,"href":"https:\/\/www.gasia.com.tr\/en\/wp-json\/wp\/v2\/product\/35823\/revisions"}],"predecessor-version":[{"id":41882,"href":"https:\/\/www.gasia.com.tr\/en\/wp-json\/wp\/v2\/product\/35823\/revisions\/41882"}],"wp:featuredmedia":[{"embeddable":true,"href":"https:\/\/www.gasia.com.tr\/en\/wp-json\/wp\/v2\/media\/41881"}],"wp:attachment":[{"href":"https:\/\/www.gasia.com.tr\/en\/wp-json\/wp\/v2\/media?parent=35823"}],"wp:term":[{"taxonomy":"product_brand","embeddable":true,"href":"https:\/\/www.gasia.com.tr\/en\/wp-json\/wp\/v2\/product_brand?post=35823"},{"taxonomy":"product_cat","embeddable":true,"href":"https:\/\/www.gasia.com.tr\/en\/wp-json\/wp\/v2\/product_cat?post=35823"},{"taxonomy":"product_tag","embeddable":true,"href":"https:\/\/www.gasia.com.tr\/en\/wp-json\/wp\/v2\/product_tag?post=35823"}],"curies":[{"name":"wp","href":"https:\/\/api.w.org\/{rel}","templated":true}]}}