{"id":35843,"date":"2026-01-01T22:25:31","date_gmt":"2026-01-01T19:25:31","guid":{"rendered":"https:\/\/www.gasia.com.tr\/?post_type=product&#038;p=35843"},"modified":"2026-04-13T17:21:04","modified_gmt":"2026-04-13T14:21:04","slug":"nazar-boncuklu-sonsuzluk-figurlu-sari-ve-beyaz-altin-bileklik","status":"publish","type":"product","link":"https:\/\/www.gasia.com.tr\/en\/collections\/nazar-boncuklu-sonsuzluk-figurlu-sari-ve-beyaz-altin-bileklik\/","title":{"rendered":"Nazar Boncuklu Sonsuzluk Fig\u00fcrl\u00fc Sar\u0131 ve Beyaz Alt\u0131n Bileklik"},"content":{"rendered":"<p data-start=\"117\" data-end=\"359\">Sar\u0131 ve beyaz alt\u0131n\u0131n uyumunu zarif detaylarla bulu\u015fturan bu bileklik, nazar boncu\u011fu ve sonsuzluk fig\u00fcr\u00fc ile anlam dolu bir tasar\u0131m sunar. \u0130ki farkl\u0131 alt\u0131n tonunun dengeli birlikteli\u011fi, bilekte modern ve dikkat \u00e7ekici bir g\u00f6r\u00fcn\u00fcm olu\u015fturur.<\/p>\n<p data-start=\"361\" data-end=\"571\">I\u015f\u0131lt\u0131l\u0131 ta\u015flarla s\u00fcslenen merkez detay\u0131, tasar\u0131ma ince bir parlakl\u0131k katarken nazar boncu\u011fu fig\u00fcr\u00fc estetik ve sembolik bir dokunu\u015f sa\u011flar. \u0130nce ve hafif yap\u0131s\u0131 sayesinde g\u00fcn boyu konforlu bir kullan\u0131m sunar.<\/p>\n<p data-start=\"573\" data-end=\"693\">Hem g\u00fcnl\u00fck stiline zarif bir katk\u0131 sa\u011flamak hem de anlaml\u0131 bir aksesuar tercih etmek isteyenler i\u00e7in ideal bir se\u00e7imdir.<\/p>","protected":false},"excerpt":{"rendered":"<ul>\n<li>18 ayar alt\u0131n<\/li>\n<li>0.26 ct P\u0131rlanta<\/li>\n<\/ul>","protected":false},"featured_media":42079,"comment_status":"open","ping_status":"closed","template":"","meta":[],"product_brand":[2718,2719],"product_cat":[73,260,198],"product_tag":[504,2242,2819,429,417,794,3421,365,407,2241,366,3420,2245,2244],"class_list":{"0":"post-35843","1":"product","2":"type-product","3":"status-publish","4":"has-post-thumbnail","6":"product_brand-gasia-casuals","7":"product_brand-gasia-protect","8":"product_cat-altin-pirlanta-bileklik","9":"product_cat-kadin","10":"product_cat-eye-collection","11":"product_tag-altin-bileklik","12":"product_tag-beyaz-altin-bileklik","13":"product_tag-dainty-bracelet","14":"product_tag-everyday-jewelry","15":"product_tag-evil-eye-bracelet","16":"product_tag-gold-bracelet","17":"product_tag-infinity-bracelet","18":"product_tag-kadin-bileklik","19":"product_tag-nazar-bileklik","20":"product_tag-sari-altin-bileklik","21":"product_tag-sik-bileklik","22":"product_tag-sonsuzluk-bileklik","23":"product_tag-white-gold-bracelet","24":"product_tag-yellow-gold-bracelet","25":"pa_cinsiyet-kadin","27":"first","28":"instock","29":"shipping-taxable","30":"purchasable","31":"product-type-simple"},"_links":{"self":[{"href":"https:\/\/www.gasia.com.tr\/en\/wp-json\/wp\/v2\/product\/35843","targetHints":{"allow":["GET"]}}],"collection":[{"href":"https:\/\/www.gasia.com.tr\/en\/wp-json\/wp\/v2\/product"}],"about":[{"href":"https:\/\/www.gasia.com.tr\/en\/wp-json\/wp\/v2\/types\/product"}],"replies":[{"embeddable":true,"href":"https:\/\/www.gasia.com.tr\/en\/wp-json\/wp\/v2\/comments?post=35843"}],"version-history":[{"count":4,"href":"https:\/\/www.gasia.com.tr\/en\/wp-json\/wp\/v2\/product\/35843\/revisions"}],"predecessor-version":[{"id":42083,"href":"https:\/\/www.gasia.com.tr\/en\/wp-json\/wp\/v2\/product\/35843\/revisions\/42083"}],"wp:featuredmedia":[{"embeddable":true,"href":"https:\/\/www.gasia.com.tr\/en\/wp-json\/wp\/v2\/media\/42079"}],"wp:attachment":[{"href":"https:\/\/www.gasia.com.tr\/en\/wp-json\/wp\/v2\/media?parent=35843"}],"wp:term":[{"taxonomy":"product_brand","embeddable":true,"href":"https:\/\/www.gasia.com.tr\/en\/wp-json\/wp\/v2\/product_brand?post=35843"},{"taxonomy":"product_cat","embeddable":true,"href":"https:\/\/www.gasia.com.tr\/en\/wp-json\/wp\/v2\/product_cat?post=35843"},{"taxonomy":"product_tag","embeddable":true,"href":"https:\/\/www.gasia.com.tr\/en\/wp-json\/wp\/v2\/product_tag?post=35843"}],"curies":[{"name":"wp","href":"https:\/\/api.w.org\/{rel}","templated":true}]}}