{"id":35851,"date":"2026-02-27T00:00:00","date_gmt":"2026-02-26T21:00:00","guid":{"rendered":"https:\/\/www.gasia.com.tr\/?post_type=product&#038;p=35851"},"modified":"2026-04-20T22:29:08","modified_gmt":"2026-04-20T19:29:08","slug":"zumrut-tasli-goz-motifli-pirlanta-detayli-altin-kolye","status":"publish","type":"product","link":"https:\/\/www.gasia.com.tr\/en\/collections\/zumrut-tasli-goz-motifli-pirlanta-detayli-altin-kolye\/","title":{"rendered":"Z\u00fcmr\u00fct Ta\u015fl\u0131 G\u00f6z Motifli P\u0131rlanta Detayl\u0131 Alt\u0131n Kolye"},"content":{"rendered":"<p>Ortada yer alan canl\u0131 ye\u015fil z\u00fcmr\u00fct ta\u015f\u0131, g\u00f6z formundaki tasar\u0131ma g\u00fc\u00e7l\u00fc bir odak noktas\u0131 kazand\u0131r\u0131r. Etraf\u0131n\u0131 saran p\u0131rlanta detaylar ise kolyeye \u0131\u015f\u0131lt\u0131 ve zarif bir g\u00f6r\u00fcn\u00fcm ekler. \u0130nce alt\u0131n zinciri ile dengeli bir duru\u015f sunan bu tasar\u0131m, hem g\u00fcnl\u00fck kullan\u0131m hem de \u00f6zel anlar i\u00e7in uygundur. G\u00f6z motifiyle dikkat \u00e7eken bu kolye, stiline anlam ve \u015f\u0131kl\u0131k katmak isteyenler i\u00e7in \u00f6ne \u00e7\u0131kan bir par\u00e7ad\u0131r.<\/p>","protected":false},"excerpt":{"rendered":"<ul>\n<li>14 Ayar Alt\u0131n<\/li>\n<li>0.32 ct P\u0131rlanta<\/li>\n<li>0.40 ct Colombiya Z\u00fcmr\u00fct<\/li>\n<li>45 cm Zincir uzunluk<\/li>\n<\/ul>","protected":false},"featured_media":41007,"comment_status":"open","ping_status":"closed","template":"","meta":[],"product_brand":[2719],"product_cat":[260,75,198],"product_tag":[278,1089,2709,294,1408,726,322,2673,1764,473,280,276,474,1763,1401],"class_list":{"0":"post-35851","1":"product","2":"type-product","3":"status-publish","4":"has-post-thumbnail","6":"product_brand-gasia-protect","7":"product_cat-kadin","8":"product_cat-kolye","9":"product_cat-eye-collection","10":"product_tag-altin-kolye","11":"product_tag-anlamli-kolye","12":"product_tag-dainty-necklace","13":"product_tag-diamond-necklace","14":"product_tag-emerald-necklace","15":"product_tag-evil-eye-necklace","16":"product_tag-gold-necklace","17":"product_tag-goz-kolye","18":"product_tag-green-stone-necklace","19":"product_tag-kadin-kolye","20":"product_tag-nazar-kolye","21":"product_tag-pirlanta-kolye","22":"product_tag-sik-kolye","23":"product_tag-yesil-tasli-kolye","24":"product_tag-zumrut-kolye","25":"pa_cinsiyet-kadin","27":"first","28":"instock","29":"shipping-taxable","30":"purchasable","31":"product-type-simple"},"_links":{"self":[{"href":"https:\/\/www.gasia.com.tr\/en\/wp-json\/wp\/v2\/product\/35851","targetHints":{"allow":["GET"]}}],"collection":[{"href":"https:\/\/www.gasia.com.tr\/en\/wp-json\/wp\/v2\/product"}],"about":[{"href":"https:\/\/www.gasia.com.tr\/en\/wp-json\/wp\/v2\/types\/product"}],"replies":[{"embeddable":true,"href":"https:\/\/www.gasia.com.tr\/en\/wp-json\/wp\/v2\/comments?post=35851"}],"version-history":[{"count":2,"href":"https:\/\/www.gasia.com.tr\/en\/wp-json\/wp\/v2\/product\/35851\/revisions"}],"predecessor-version":[{"id":41008,"href":"https:\/\/www.gasia.com.tr\/en\/wp-json\/wp\/v2\/product\/35851\/revisions\/41008"}],"wp:featuredmedia":[{"embeddable":true,"href":"https:\/\/www.gasia.com.tr\/en\/wp-json\/wp\/v2\/media\/41007"}],"wp:attachment":[{"href":"https:\/\/www.gasia.com.tr\/en\/wp-json\/wp\/v2\/media?parent=35851"}],"wp:term":[{"taxonomy":"product_brand","embeddable":true,"href":"https:\/\/www.gasia.com.tr\/en\/wp-json\/wp\/v2\/product_brand?post=35851"},{"taxonomy":"product_cat","embeddable":true,"href":"https:\/\/www.gasia.com.tr\/en\/wp-json\/wp\/v2\/product_cat?post=35851"},{"taxonomy":"product_tag","embeddable":true,"href":"https:\/\/www.gasia.com.tr\/en\/wp-json\/wp\/v2\/product_tag?post=35851"}],"curies":[{"name":"wp","href":"https:\/\/api.w.org\/{rel}","templated":true}]}}