{"id":35868,"date":"2026-04-07T00:00:00","date_gmt":"2026-04-06T21:00:00","guid":{"rendered":"https:\/\/www.gasia.com.tr\/?post_type=product&#038;p=35868"},"modified":"2026-05-13T13:06:37","modified_gmt":"2026-05-13T10:06:37","slug":"zumrut-ve-pirlanta-detayli-altin-kolye","status":"publish","type":"product","link":"https:\/\/www.gasia.com.tr\/en\/collections\/zumrut-ve-pirlanta-detayli-altin-kolye\/","title":{"rendered":"Z\u00fcmr\u00fct ve P\u0131rlanta Detayl\u0131 Alt\u0131n Kolye"},"content":{"rendered":"<p data-start=\"531\" data-end=\"844\">Canl\u0131 ye\u015fil z\u00fcmr\u00fct ta\u015flar\u0131n ritmik dizilimiyle dikkat \u00e7eken bu alt\u0131n kolye, p\u0131rlanta detaylarla zenginle\u015ftirilmi\u015f g\u00f6z al\u0131c\u0131 bir tasar\u0131ma sahiptir. Damla formundaki z\u00fcmr\u00fct ta\u015flar, kolyenin merkezine do\u011fru dengeli bir \u015fekilde yerle\u015ftirilerek boyun hatt\u0131nda etkileyici bir g\u00f6r\u00fcn\u00fcm olu\u015fturur.<\/p>\n<p data-start=\"846\" data-end=\"1078\">Aralara yerle\u015ftirilen p\u0131rlanta ta\u015flar, tasar\u0131ma \u0131\u015f\u0131lt\u0131 katarken alt\u0131n zincirin parlak y\u00fczeyiyle uyum i\u00e7inde b\u00fct\u00fcnl\u00fck sa\u011flar. Hareketli yap\u0131s\u0131 sayesinde \u0131\u015f\u0131\u011f\u0131 farkl\u0131 a\u00e7\u0131lardan yans\u0131tarak her kullan\u0131mda dikkat \u00e7ekici bir etki sunar.<\/p>\n<p data-start=\"1080\" data-end=\"1355\" data-is-last-node=\"\" data-is-only-node=\"\">\u00d6zel davetlerden \u015f\u0131k g\u00fcnl\u00fck kombinlere kadar geni\u015f bir kullan\u0131m alan\u0131 sunan bu kolye, stiline g\u00fc\u00e7l\u00fc bir dokunu\u015f katmak isteyenler i\u00e7in ideal bir se\u00e7imdir. Hediye alternatifi olarak da \u00f6ne \u00e7\u0131kan bu tasar\u0131m, zarif ve etkileyici bir g\u00f6r\u00fcn\u00fcm arayanlar i\u00e7in \u00f6zenle haz\u0131rlanm\u0131\u015ft\u0131r.<\/p>","protected":false},"excerpt":{"rendered":"<ul>\n<li>14 ayar alt\u0131n<\/li>\n<li>0.43 ct p\u0131rlanta<\/li>\n<li>1.82 ct Z\u00fcmr\u00fct<\/li>\n<\/ul>","protected":false},"featured_media":42467,"comment_status":"open","ping_status":"closed","template":"","meta":[],"product_brand":[77,2718],"product_cat":[260,75],"product_tag":[278,294,1408,3041,811,1641,322,3553,1764,1640,473,477,1417,277,1993,483,276,474,489,2678,329,2073,1632,1763,1401,1662],"class_list":{"0":"post-35868","1":"product","2":"type-product","3":"status-publish","4":"has-post-thumbnail","6":"product_brand-gasia","7":"product_brand-gasia-casuals","8":"product_cat-kadin","9":"product_cat-kolye","10":"product_tag-altin-kolye","11":"product_tag-diamond-necklace","12":"product_tag-emerald-necklace","13":"product_tag-emerald-stone-necklace","14":"product_tag-gemstone-necklace","15":"product_tag-gift-necklace","16":"product_tag-gold-necklace","17":"product_tag-gosterisli-kolye","18":"product_tag-green-stone-necklace","19":"product_tag-hediye-kolye","20":"product_tag-kadin-kolye","21":"product_tag-luks-kolye","22":"product_tag-luxury-necklace","23":"product_tag-modern-kolye","24":"product_tag-modern-necklace","25":"product_tag-ozel-tasarim-kolye","26":"product_tag-pirlanta-kolye","27":"product_tag-sik-kolye","28":"product_tag-statement-necklace","29":"product_tag-stylish-necklace","30":"product_tag-tasli-kolye","31":"product_tag-unique-necklace","32":"product_tag-women-necklace","33":"product_tag-yesil-tasli-kolye","34":"product_tag-zumrut-kolye","35":"product_tag-zumrut-tasli-kolye","36":"pa_cinsiyet-kadin","38":"first","39":"instock","40":"sale","41":"shipping-taxable","42":"purchasable","43":"product-type-simple"},"_links":{"self":[{"href":"https:\/\/www.gasia.com.tr\/en\/wp-json\/wp\/v2\/product\/35868","targetHints":{"allow":["GET"]}}],"collection":[{"href":"https:\/\/www.gasia.com.tr\/en\/wp-json\/wp\/v2\/product"}],"about":[{"href":"https:\/\/www.gasia.com.tr\/en\/wp-json\/wp\/v2\/types\/product"}],"replies":[{"embeddable":true,"href":"https:\/\/www.gasia.com.tr\/en\/wp-json\/wp\/v2\/comments?post=35868"}],"version-history":[{"count":4,"href":"https:\/\/www.gasia.com.tr\/en\/wp-json\/wp\/v2\/product\/35868\/revisions"}],"predecessor-version":[{"id":42469,"href":"https:\/\/www.gasia.com.tr\/en\/wp-json\/wp\/v2\/product\/35868\/revisions\/42469"}],"wp:featuredmedia":[{"embeddable":true,"href":"https:\/\/www.gasia.com.tr\/en\/wp-json\/wp\/v2\/media\/42467"}],"wp:attachment":[{"href":"https:\/\/www.gasia.com.tr\/en\/wp-json\/wp\/v2\/media?parent=35868"}],"wp:term":[{"taxonomy":"product_brand","embeddable":true,"href":"https:\/\/www.gasia.com.tr\/en\/wp-json\/wp\/v2\/product_brand?post=35868"},{"taxonomy":"product_cat","embeddable":true,"href":"https:\/\/www.gasia.com.tr\/en\/wp-json\/wp\/v2\/product_cat?post=35868"},{"taxonomy":"product_tag","embeddable":true,"href":"https:\/\/www.gasia.com.tr\/en\/wp-json\/wp\/v2\/product_tag?post=35868"}],"curies":[{"name":"wp","href":"https:\/\/api.w.org\/{rel}","templated":true}]}}