{"id":35875,"date":"2025-01-01T22:47:48","date_gmt":"2025-01-01T19:47:48","guid":{"rendered":"https:\/\/www.gasia.com.tr\/?post_type=product&#038;p=35875"},"modified":"2026-03-26T21:55:41","modified_gmt":"2026-03-26T18:55:41","slug":"siyah-onyx-kelebek-motif-pirlanta-detay-altin-kupe","status":"publish","type":"product","link":"https:\/\/www.gasia.com.tr\/en\/collections\/siyah-onyx-kelebek-motif-pirlanta-detay-altin-kupe\/","title":{"rendered":"Siyah Onyx Kelebek Motif P\u0131rlanta Detay Alt\u0131n K\u00fcpe"},"content":{"rendered":"<p>Zarif kelebek formu ile tasarlanan bu \u00f6zel k\u00fcpe, \u00fcst k\u0131sm\u0131ndaki p\u0131rlanta detayl\u0131 alt\u0131n kelebek fig\u00fcr\u00fc ile \u0131\u015f\u0131lt\u0131l\u0131 bir g\u00f6r\u00fcn\u00fcm sunar. Alt b\u00f6l\u00fcmde yer alan siyah onyx ta\u015f, g\u00fc\u00e7l\u00fc ve sofistike bir kontrast yaratarak tasar\u0131ma derinlik katar. Hareketli yap\u0131s\u0131 sayesinde \u0131\u015f\u0131\u011f\u0131 farkl\u0131 a\u00e7\u0131lardan yans\u0131tan bu model, feminen ve dikkat \u00e7ekici bir stilin tamamlay\u0131c\u0131s\u0131d\u0131r.<\/p>","protected":false},"excerpt":{"rendered":"<ul>\n<li>18 ayar rose alt\u0131n<\/li>\n<li>0.41 ct p\u0131rlanta<\/li>\n<li>5.30 ct onyx<\/li>\n<li>23.75 mm \/ 13.00 mm<\/li>\n<\/ul>","protected":false},"featured_media":40930,"comment_status":"open","ping_status":"closed","template":"","meta":[],"product_brand":[77,2718],"product_cat":[260,74],"product_tag":[1713,1717,2470,1573,1714,395,2469,2796,1567,814,2793,375,813,858],"class_list":{"0":"post-35875","1":"product","2":"type-product","3":"status-publish","4":"has-post-thumbnail","6":"product_brand-gasia","7":"product_brand-gasia-casuals","8":"product_cat-kadin","9":"product_cat-kupe-modelleri","10":"product_tag-altin-kupe","11":"product_tag-black-stone-earrings","12":"product_tag-butterfly-earrings","13":"product_tag-diamond-detail-earrings","14":"product_tag-gold-earrings","15":"product_tag-kadin-kupe","16":"product_tag-kelebek-kupe","17":"product_tag-onyx-earrings","18":"product_tag-pirlanta-detayli-kupe","19":"product_tag-sallantili-kupe","20":"product_tag-siyah-onyx-kupe","21":"product_tag-sik-kupe","22":"product_tag-tasli-kupe","23":"product_tag-turquoise-dangle-earrings","24":"pa_cinsiyet-kadin","26":"first","27":"instock","28":"shipping-taxable","29":"purchasable","30":"product-type-simple"},"_links":{"self":[{"href":"https:\/\/www.gasia.com.tr\/en\/wp-json\/wp\/v2\/product\/35875","targetHints":{"allow":["GET"]}}],"collection":[{"href":"https:\/\/www.gasia.com.tr\/en\/wp-json\/wp\/v2\/product"}],"about":[{"href":"https:\/\/www.gasia.com.tr\/en\/wp-json\/wp\/v2\/types\/product"}],"replies":[{"embeddable":true,"href":"https:\/\/www.gasia.com.tr\/en\/wp-json\/wp\/v2\/comments?post=35875"}],"version-history":[{"count":2,"href":"https:\/\/www.gasia.com.tr\/en\/wp-json\/wp\/v2\/product\/35875\/revisions"}],"predecessor-version":[{"id":40931,"href":"https:\/\/www.gasia.com.tr\/en\/wp-json\/wp\/v2\/product\/35875\/revisions\/40931"}],"wp:featuredmedia":[{"embeddable":true,"href":"https:\/\/www.gasia.com.tr\/en\/wp-json\/wp\/v2\/media\/40930"}],"wp:attachment":[{"href":"https:\/\/www.gasia.com.tr\/en\/wp-json\/wp\/v2\/media?parent=35875"}],"wp:term":[{"taxonomy":"product_brand","embeddable":true,"href":"https:\/\/www.gasia.com.tr\/en\/wp-json\/wp\/v2\/product_brand?post=35875"},{"taxonomy":"product_cat","embeddable":true,"href":"https:\/\/www.gasia.com.tr\/en\/wp-json\/wp\/v2\/product_cat?post=35875"},{"taxonomy":"product_tag","embeddable":true,"href":"https:\/\/www.gasia.com.tr\/en\/wp-json\/wp\/v2\/product_tag?post=35875"}],"curies":[{"name":"wp","href":"https:\/\/api.w.org\/{rel}","templated":true}]}}