{"id":35877,"date":"2026-01-04T22:48:33","date_gmt":"2026-01-04T19:48:33","guid":{"rendered":"https:\/\/www.gasia.com.tr\/?post_type=product&#038;p=35877"},"modified":"2026-03-30T23:26:57","modified_gmt":"2026-03-30T20:26:57","slug":"oval-kesim-yakut-tasli-altin-pirlanta-kolye","status":"publish","type":"product","link":"https:\/\/www.gasia.com.tr\/en\/collections\/oval-kesim-yakut-tasli-altin-pirlanta-kolye\/","title":{"rendered":"Oval Kesim Yakut Ta\u015fl\u0131 Alt\u0131n P\u0131rlanta Kolye"},"content":{"rendered":"<p data-start=\"104\" data-end=\"349\">Canl\u0131 k\u0131rm\u0131z\u0131 tonlar\u0131yla \u00f6ne \u00e7\u0131kan oval kesim yakut ta\u015f, bu \u00f6zel kolyede alt\u0131n ve p\u0131rlanta detaylarla bulu\u015farak dikkat \u00e7ekici bir g\u00f6r\u00fcn\u00fcm sunar. Ta\u015f\u0131n do\u011fal \u0131\u015f\u0131lt\u0131s\u0131 ve y\u00fczeyindeki derinlik, kolyeye g\u00fc\u00e7l\u00fc ve etkileyici bir karakter kazand\u0131r\u0131r.<\/p>\n<p data-start=\"351\" data-end=\"608\">\u00c7evresini saran p\u0131rlanta detaylar tasar\u0131ma zarif bir parlakl\u0131k katarken, alt\u0131n \u00e7er\u00e7eve ta\u015f\u0131n rengini daha da \u00f6n plana \u00e7\u0131kar\u0131r. G\u00fcnl\u00fck stiline g\u00fc\u00e7l\u00fc bir vurgu eklemek ya da \u00f6zel anlar\u0131nda \u00f6ne \u00e7\u0131kan bir par\u00e7a tercih etmek isteyenler i\u00e7in ideal bir se\u00e7imdir.<\/p>","protected":false},"excerpt":{"rendered":"<ul>\n<li>18 ayar alt\u0131n<\/li>\n<li>0.27 ct beyaz p\u0131rlanta<\/li>\n<li>0.12 ct sar\u0131 p\u0131rlanta<\/li>\n<li>25.51 ct yakut<\/li>\n<li>45 cm zincir uzunluk<\/li>\n<li>36.20 mm \/ 21.25 mm \u00f6l\u00e7\u00fc<\/li>\n<\/ul>","protected":false},"featured_media":41145,"comment_status":"open","ping_status":"closed","template":"","meta":[],"product_brand":[2718],"product_cat":[260,75],"product_tag":[278,633,294,2926,1655,322,473,2927,477,1668,2929,1635,483,276,2928,1435,489,329,610,476],"class_list":{"0":"post-35877","1":"product","2":"type-product","3":"status-publish","4":"has-post-thumbnail","6":"product_brand-gasia-casuals","7":"product_cat-kadin","8":"product_cat-kolye","9":"product_tag-altin-kolye","10":"product_tag-designer-necklace","11":"product_tag-diamond-necklace","12":"product_tag-elegant-jewelry","13":"product_tag-fine-jewelry","14":"product_tag-gold-necklace","15":"product_tag-kadin-kolye","16":"product_tag-kirmizi-tas-kolye","17":"product_tag-luks-kolye","18":"product_tag-luxury-jewelry","19":"product_tag-oval-gemstone-necklace","20":"product_tag-oval-tas-kolye","21":"product_tag-ozel-tasarim-kolye","22":"product_tag-pirlanta-kolye","23":"product_tag-red-gemstone-necklace","24":"product_tag-ruby-necklace","25":"product_tag-statement-necklace","26":"product_tag-tasli-kolye","27":"product_tag-yakut-kolye","28":"product_tag-zarif-kolye","29":"pa_cinsiyet-kadin","31":"first","32":"instock","33":"shipping-taxable","34":"purchasable","35":"product-type-simple"},"_links":{"self":[{"href":"https:\/\/www.gasia.com.tr\/en\/wp-json\/wp\/v2\/product\/35877","targetHints":{"allow":["GET"]}}],"collection":[{"href":"https:\/\/www.gasia.com.tr\/en\/wp-json\/wp\/v2\/product"}],"about":[{"href":"https:\/\/www.gasia.com.tr\/en\/wp-json\/wp\/v2\/types\/product"}],"replies":[{"embeddable":true,"href":"https:\/\/www.gasia.com.tr\/en\/wp-json\/wp\/v2\/comments?post=35877"}],"version-history":[{"count":2,"href":"https:\/\/www.gasia.com.tr\/en\/wp-json\/wp\/v2\/product\/35877\/revisions"}],"predecessor-version":[{"id":41146,"href":"https:\/\/www.gasia.com.tr\/en\/wp-json\/wp\/v2\/product\/35877\/revisions\/41146"}],"wp:featuredmedia":[{"embeddable":true,"href":"https:\/\/www.gasia.com.tr\/en\/wp-json\/wp\/v2\/media\/41145"}],"wp:attachment":[{"href":"https:\/\/www.gasia.com.tr\/en\/wp-json\/wp\/v2\/media?parent=35877"}],"wp:term":[{"taxonomy":"product_brand","embeddable":true,"href":"https:\/\/www.gasia.com.tr\/en\/wp-json\/wp\/v2\/product_brand?post=35877"},{"taxonomy":"product_cat","embeddable":true,"href":"https:\/\/www.gasia.com.tr\/en\/wp-json\/wp\/v2\/product_cat?post=35877"},{"taxonomy":"product_tag","embeddable":true,"href":"https:\/\/www.gasia.com.tr\/en\/wp-json\/wp\/v2\/product_tag?post=35877"}],"curies":[{"name":"wp","href":"https:\/\/api.w.org\/{rel}","templated":true}]}}