{"id":35891,"date":"2025-12-12T00:00:00","date_gmt":"2025-12-11T21:00:00","guid":{"rendered":"https:\/\/www.gasia.com.tr\/?post_type=product&#038;p=35891"},"modified":"2026-03-30T23:12:50","modified_gmt":"2026-03-30T20:12:50","slug":"mercan-biber-tasarimli-pirlanta-detayli-altin-kolye","status":"publish","type":"product","link":"https:\/\/www.gasia.com.tr\/en\/collections\/mercan-biber-tasarimli-pirlanta-detayli-altin-kolye\/","title":{"rendered":"Mercan Biber Tasar\u0131ml\u0131 P\u0131rlanta Detayl\u0131 Alt\u0131n Kolye"},"content":{"rendered":"<ul>\n<li>18 ayar alt\u0131n<\/li>\n<li>0.15 ct konyak p\u0131rlanta<\/li>\n<li>4.55 ct biber mercan<\/li>\n<li>45 cm zincir uzunlu\u011fu<\/li>\n<li>26 mm \/ 7.40 mm \u00f6l\u00e7\u00fc<\/li>\n<\/ul>\n<p>&nbsp;<\/p>\n<p data-start=\"535\" data-end=\"624\">Bu kolye mercan biber formunda tasarlanm\u0131\u015ft\u0131r. \u00dcst k\u0131sm\u0131nda p\u0131rlanta detaylar\u0131 bulunur.<\/p>\n<p data-start=\"626\" data-end=\"728\">Alt\u0131n zincir ile birlikte zarif bir g\u00f6r\u00fcn\u00fcm sunar. G\u00fcnl\u00fck kullan\u0131m i\u00e7in hafif ve \u015f\u0131k bir tasar\u0131md\u0131r.<\/p>\n<p data-start=\"730\" data-end=\"787\">Tek ba\u015f\u0131na veya di\u011fer kolyelerle birlikte kullan\u0131labilir.<\/p>","protected":false},"excerpt":{"rendered":"<p>18 ayar alt\u0131n 0.15 ct konyak p\u0131rlanta 4.55 ct biber mercan 45 cm zincir uzunlu\u011fu 26 mm \/ 7.40 mm<\/p>","protected":false},"featured_media":39090,"comment_status":"open","ping_status":"closed","template":"","meta":[],"product_brand":[],"product_cat":[260,75],"product_tag":[278,636,639,633,641,640,473,642,637,277,280,638,276,284,274,635],"class_list":{"0":"post-35891","1":"product","2":"type-product","3":"status-publish","4":"has-post-thumbnail","6":"product_cat-kadin","7":"product_cat-kolye","8":"product_tag-altin-kolye","9":"product_tag-biber-kolye","10":"product_tag-coral-pendant-necklace","11":"product_tag-designer-necklace","12":"product_tag-diamond-pendant-necklace","13":"product_tag-gold-pepper-necklace","14":"product_tag-kadin-kolye","15":"product_tag-lucky-charm-necklace","16":"product_tag-mercan-kolye","17":"product_tag-modern-kolye","18":"product_tag-nazar-kolye","19":"product_tag-pepper-necklace","20":"product_tag-pirlanta-kolye","21":"product_tag-sans-kolyesi","22":"product_tag-tasarim-kolye","23":"product_tag-womens-gold-necklace","24":"pa_cinsiyet-kadin","26":"first","27":"instock","28":"shipping-taxable","29":"purchasable","30":"product-type-simple"},"_links":{"self":[{"href":"https:\/\/www.gasia.com.tr\/en\/wp-json\/wp\/v2\/product\/35891","targetHints":{"allow":["GET"]}}],"collection":[{"href":"https:\/\/www.gasia.com.tr\/en\/wp-json\/wp\/v2\/product"}],"about":[{"href":"https:\/\/www.gasia.com.tr\/en\/wp-json\/wp\/v2\/types\/product"}],"replies":[{"embeddable":true,"href":"https:\/\/www.gasia.com.tr\/en\/wp-json\/wp\/v2\/comments?post=35891"}],"version-history":[{"count":2,"href":"https:\/\/www.gasia.com.tr\/en\/wp-json\/wp\/v2\/product\/35891\/revisions"}],"predecessor-version":[{"id":39091,"href":"https:\/\/www.gasia.com.tr\/en\/wp-json\/wp\/v2\/product\/35891\/revisions\/39091"}],"wp:featuredmedia":[{"embeddable":true,"href":"https:\/\/www.gasia.com.tr\/en\/wp-json\/wp\/v2\/media\/39090"}],"wp:attachment":[{"href":"https:\/\/www.gasia.com.tr\/en\/wp-json\/wp\/v2\/media?parent=35891"}],"wp:term":[{"taxonomy":"product_brand","embeddable":true,"href":"https:\/\/www.gasia.com.tr\/en\/wp-json\/wp\/v2\/product_brand?post=35891"},{"taxonomy":"product_cat","embeddable":true,"href":"https:\/\/www.gasia.com.tr\/en\/wp-json\/wp\/v2\/product_cat?post=35891"},{"taxonomy":"product_tag","embeddable":true,"href":"https:\/\/www.gasia.com.tr\/en\/wp-json\/wp\/v2\/product_tag?post=35891"}],"curies":[{"name":"wp","href":"https:\/\/api.w.org\/{rel}","templated":true}]}}