{"id":36053,"date":"2026-03-05T00:00:00","date_gmt":"2026-03-04T21:00:00","guid":{"rendered":"https:\/\/www.gasia.com.tr\/?post_type=product&#038;p=36053"},"modified":"2026-05-05T22:28:22","modified_gmt":"2026-05-05T19:28:22","slug":"sedef-zemin-pirlanta-cerceveli-fatma-ana-eli-altin-kolye-2","status":"publish","type":"product","link":"https:\/\/www.gasia.com.tr\/en\/collections\/sedef-zemin-pirlanta-cerceveli-fatma-ana-eli-altin-kolye-2\/","title":{"rendered":"Sedef Zemin P\u0131rlanta \u00c7er\u00e7eveli Fatima Ana Eli Alt\u0131n Kolye"},"content":{"rendered":"<p>Anlam ve zarafeti bir araya getiren bu \u00f6zel tasar\u0131m kolye, sedef zemin \u00fczerine yerle\u015ftirilen Fatma Ana Eli motifi ile dikkat \u00e7eker. Ortas\u0131nda bulunan nazar detay\u0131, tasar\u0131ma g\u00fc\u00e7l\u00fc bir sembolik de\u011fer katarken; \u00e7evresini saran p\u0131rlanta \u00e7er\u00e7eve \u0131\u015f\u0131lt\u0131l\u0131 bir g\u00f6r\u00fcn\u00fcm sunar. Zincir \u00fczerindeki k\u00fc\u00e7\u00fck p\u0131rlanta detaylar, kolyeye ekstra zarafet kazand\u0131r\u0131r. G\u00fcnl\u00fck kullan\u0131mda anlaml\u0131 bir aksesuar, \u00f6zel anlarda ise \u015f\u0131k bir tamamlay\u0131c\u0131d\u0131r.<\/p>\n<p>Fat\u0131ma&#8217;n\u0131n Eli (Fatma Ana Eli) kolye , \u0130slam k\u00fclt\u00fcr\u00fcnde \u00e7ok yayg\u0131n bir sembold\u00fcr ve genellikle nazar, k\u00f6t\u00fc enerjilerden korunma, bereket, \u015fans ve sab\u0131r ile ili\u015fkilendirilir. Arap\u00e7a&#8217;da Hamsa (be\u015f anlam\u0131na gelir) olarak da bilinir ve a\u00e7\u0131k bir el \u015feklinde tasvir edilir.<\/p>","protected":false},"excerpt":{"rendered":"<p>Fat\u0131ma&#8217;n\u0131n Eli (Fatma Ana Eli) kolye , \u0130slam k\u00fclt\u00fcr\u00fcnde \u00e7ok yayg\u0131n bir sembold\u00fcr ve genellikle nazar, k\u00f6t\u00fc enerjilerden korunma, bereket, \u015fans ve sab\u0131r ile ili\u015fkilendirilir. Arap\u00e7a&#8217;da Hamsa (be\u015f anlam\u0131na gelir) olarak da bilinir ve a\u00e7\u0131k bir el \u015feklinde tasvir edilir.<\/p>\n<ul>\n<li>18 ayar Alt\u0131n<\/li>\n<li>0.18 ct p\u0131rlanta<\/li>\n<li>42 cm zincir uzunlu\u011fu<\/li>\n<\/ul>","protected":false},"featured_media":43404,"comment_status":"open","ping_status":"closed","template":"","meta":[],"product_brand":[2719],"product_cat":[260,75,198],"product_tag":[278,1089,294,726,747,1180,1697,749,744,473,1511,642,987,280,276,2811,284,977],"class_list":{"0":"post-36053","1":"product","2":"type-product","3":"status-publish","4":"has-post-thumbnail","6":"product_brand-gasia-protect","7":"product_cat-kadin","8":"product_cat-kolye","9":"product_cat-eye-collection","10":"product_tag-altin-kolye","11":"product_tag-anlamli-kolye","12":"product_tag-diamond-necklace","13":"product_tag-evil-eye-necklace","14":"product_tag-fatma-ana-eli-kolye","15":"product_tag-fine-jewelry-necklace","16":"product_tag-gold-pendant","17":"product_tag-hamsa-kolye","18":"product_tag-hamsa-necklace","19":"product_tag-kadin-kolye","20":"product_tag-koruyucu-kolye","21":"product_tag-lucky-charm-necklace","22":"product_tag-mother-of-pearl-necklace","23":"product_tag-nazar-kolye","24":"product_tag-pirlanta-kolye","25":"product_tag-protective-necklace","26":"product_tag-sans-kolyesi","27":"product_tag-sedef-kolye","28":"pa_cinsiyet-kadin","30":"first","31":"instock","32":"shipping-taxable","33":"purchasable","34":"product-type-simple"},"_links":{"self":[{"href":"https:\/\/www.gasia.com.tr\/en\/wp-json\/wp\/v2\/product\/36053","targetHints":{"allow":["GET"]}}],"collection":[{"href":"https:\/\/www.gasia.com.tr\/en\/wp-json\/wp\/v2\/product"}],"about":[{"href":"https:\/\/www.gasia.com.tr\/en\/wp-json\/wp\/v2\/types\/product"}],"replies":[{"embeddable":true,"href":"https:\/\/www.gasia.com.tr\/en\/wp-json\/wp\/v2\/comments?post=36053"}],"version-history":[{"count":3,"href":"https:\/\/www.gasia.com.tr\/en\/wp-json\/wp\/v2\/product\/36053\/revisions"}],"predecessor-version":[{"id":41140,"href":"https:\/\/www.gasia.com.tr\/en\/wp-json\/wp\/v2\/product\/36053\/revisions\/41140"}],"wp:featuredmedia":[{"embeddable":true,"href":"https:\/\/www.gasia.com.tr\/en\/wp-json\/wp\/v2\/media\/43404"}],"wp:attachment":[{"href":"https:\/\/www.gasia.com.tr\/en\/wp-json\/wp\/v2\/media?parent=36053"}],"wp:term":[{"taxonomy":"product_brand","embeddable":true,"href":"https:\/\/www.gasia.com.tr\/en\/wp-json\/wp\/v2\/product_brand?post=36053"},{"taxonomy":"product_cat","embeddable":true,"href":"https:\/\/www.gasia.com.tr\/en\/wp-json\/wp\/v2\/product_cat?post=36053"},{"taxonomy":"product_tag","embeddable":true,"href":"https:\/\/www.gasia.com.tr\/en\/wp-json\/wp\/v2\/product_tag?post=36053"}],"curies":[{"name":"wp","href":"https:\/\/api.w.org\/{rel}","templated":true}]}}