{"id":36070,"date":"2026-01-03T18:14:59","date_gmt":"2026-01-03T15:14:59","guid":{"rendered":"https:\/\/www.gasia.com.tr\/?post_type=product&#038;p=36070"},"modified":"2026-04-12T00:09:18","modified_gmt":"2026-04-11T21:09:18","slug":"geometrik-desenli-pirlanta-detayli-genis-form-altin-yuzuk","status":"publish","type":"product","link":"https:\/\/www.gasia.com.tr\/en\/collections\/geometrik-desenli-pirlanta-detayli-genis-form-altin-yuzuk\/","title":{"rendered":"Geometrik Desenli P\u0131rlanta Detayl\u0131 Geni\u015f Form Alt\u0131n Y\u00fcz\u00fck"},"content":{"rendered":"<p data-start=\"112\" data-end=\"223\">G\u00fc\u00e7l\u00fc formu ve detayl\u0131 i\u015f\u00e7ili\u011fiyle \u00f6ne \u00e7\u0131kan bu y\u00fcz\u00fck, modern tasar\u0131m ile klasik motifleri bir araya getirir.<\/p>\n<p data-start=\"225\" data-end=\"513\">Geni\u015f y\u00fczey \u00fczerine i\u015flenen geometrik desenler, y\u00fcz\u00fc\u011fe karakteristik bir doku kazand\u0131r\u0131rken; merkezde yer alan p\u0131rlanta, tasar\u0131m\u0131n odak noktas\u0131n\u0131 olu\u015fturur. Katmanl\u0131 yap\u0131s\u0131 sayesinde \u0131\u015f\u0131\u011f\u0131 farkl\u0131 a\u00e7\u0131lardan yans\u0131tan y\u00fczeyler, derinlik hissini g\u00fc\u00e7lendirir ve etkileyici bir g\u00f6r\u00fcn\u00fcm sunar.<\/p>\n<p data-start=\"515\" data-end=\"632\">G\u00f6steri\u015fli ama dengeli tasar\u0131m\u0131yla bu par\u00e7a, stiline g\u00fc\u00e7l\u00fc bir ifade katmak isteyenler i\u00e7in \u00f6ne \u00e7\u0131kan bir se\u00e7imdir.<\/p>","protected":false},"excerpt":{"rendered":"<ul>\n<li>14 Ayar Alt\u0131n<\/li>\n<li>0.35 ct P\u0131rlanta<\/li>\n<\/ul>","protected":false},"featured_media":41908,"comment_status":"open","ping_status":"closed","template":"","meta":[],"product_brand":[77,2718],"product_cat":[260,76],"product_tag":[289,565,654,717,2045,2041,577,521,335,450,340,3310],"class_list":{"0":"post-36070","1":"product","2":"type-product","3":"status-publish","4":"has-post-thumbnail","6":"product_brand-gasia","7":"product_brand-gasia-casuals","8":"product_cat-kadin","9":"product_cat-yuzuk-modelleri","10":"product_tag-altin-yuzuk","11":"product_tag-designer-ring","12":"product_tag-diamond-ring","13":"product_tag-genis-yuzuk","14":"product_tag-geometric-ring","15":"product_tag-geometrik-yuzuk","16":"product_tag-gold-ring","17":"product_tag-modern-yuzuk","18":"product_tag-pirlanta-yuzuk","19":"product_tag-statement-ring","20":"product_tag-tasarim-yuzuk","21":"product_tag-wide-ring","22":"pa_cinsiyet-kadin","24":"first","25":"instock","26":"shipping-taxable","27":"purchasable","28":"product-type-simple"},"_links":{"self":[{"href":"https:\/\/www.gasia.com.tr\/en\/wp-json\/wp\/v2\/product\/36070","targetHints":{"allow":["GET"]}}],"collection":[{"href":"https:\/\/www.gasia.com.tr\/en\/wp-json\/wp\/v2\/product"}],"about":[{"href":"https:\/\/www.gasia.com.tr\/en\/wp-json\/wp\/v2\/types\/product"}],"replies":[{"embeddable":true,"href":"https:\/\/www.gasia.com.tr\/en\/wp-json\/wp\/v2\/comments?post=36070"}],"version-history":[{"count":3,"href":"https:\/\/www.gasia.com.tr\/en\/wp-json\/wp\/v2\/product\/36070\/revisions"}],"predecessor-version":[{"id":41909,"href":"https:\/\/www.gasia.com.tr\/en\/wp-json\/wp\/v2\/product\/36070\/revisions\/41909"}],"wp:featuredmedia":[{"embeddable":true,"href":"https:\/\/www.gasia.com.tr\/en\/wp-json\/wp\/v2\/media\/41908"}],"wp:attachment":[{"href":"https:\/\/www.gasia.com.tr\/en\/wp-json\/wp\/v2\/media?parent=36070"}],"wp:term":[{"taxonomy":"product_brand","embeddable":true,"href":"https:\/\/www.gasia.com.tr\/en\/wp-json\/wp\/v2\/product_brand?post=36070"},{"taxonomy":"product_cat","embeddable":true,"href":"https:\/\/www.gasia.com.tr\/en\/wp-json\/wp\/v2\/product_cat?post=36070"},{"taxonomy":"product_tag","embeddable":true,"href":"https:\/\/www.gasia.com.tr\/en\/wp-json\/wp\/v2\/product_tag?post=36070"}],"curies":[{"name":"wp","href":"https:\/\/api.w.org\/{rel}","templated":true}]}}