{"id":36073,"date":"2026-01-03T18:16:20","date_gmt":"2026-01-03T15:16:20","guid":{"rendered":"https:\/\/www.gasia.com.tr\/?post_type=product&#038;p=36073"},"modified":"2026-04-12T00:00:03","modified_gmt":"2026-04-11T21:00:03","slug":"pirlanta-tasli-cok-halkali-rose-altin-yuzuk","status":"publish","type":"product","link":"https:\/\/www.gasia.com.tr\/en\/collections\/pirlanta-tasli-cok-halkali-rose-altin-yuzuk\/","title":{"rendered":"P\u0131rlanta Ta\u015fl\u0131 \u00c7ok Halkal\u0131 Rose Alt\u0131n Y\u00fcz\u00fck"},"content":{"rendered":"<p data-start=\"98\" data-end=\"207\">Ak\u0131\u015fkan formu ve katmanl\u0131 yap\u0131s\u0131yla \u00f6ne \u00e7\u0131kan bu y\u00fcz\u00fck, modern tasar\u0131m anlay\u0131\u015f\u0131n\u0131 zarif bir dengeyle sunar.<\/p>\n<p data-start=\"209\" data-end=\"472\">Birbirini kesen ince halkalar, tasar\u0131ma hareket kazand\u0131r\u0131rken; \u00fczerlerine yerle\u015ftirilen p\u0131rlantalar \u0131\u015f\u0131\u011f\u0131 her a\u00e7\u0131dan yakalayarak etkileyici bir parlakl\u0131k olu\u015fturur. A\u00e7\u0131k ve \u00e7ok katmanl\u0131 formu sayesinde y\u00fcz\u00fck, parmakta hafif ama dikkat \u00e7ekici bir duru\u015f sergiler.<\/p>\n<p data-start=\"474\" data-end=\"613\">G\u00fcnl\u00fck kullan\u0131mdan \u00f6zel anlara kadar farkl\u0131 stillere uyum sa\u011flayabilen bu par\u00e7a, \u00e7a\u011fda\u015f \u00e7izgileri sevenler i\u00e7in g\u00fc\u00e7l\u00fc bir tamamlay\u0131c\u0131d\u0131r.<\/p>","protected":false},"excerpt":{"rendered":"<ul>\n<li>18 Ayar Alt\u0131n<\/li>\n<li>0.91 ct P\u0131rlanta<\/li>\n<\/ul>","protected":false},"featured_media":41906,"comment_status":"open","ping_status":"closed","template":"","meta":[],"product_brand":[77,2718],"product_cat":[260,76],"product_tag":[3309,1934,527,565,654,574,521,780,335,2049,701,340],"class_list":{"0":"post-36073","1":"product","2":"type-product","3":"status-publish","4":"has-post-thumbnail","6":"product_brand-gasia","7":"product_brand-gasia-casuals","8":"product_cat-kadin","9":"product_cat-yuzuk-modelleri","10":"product_tag-cok-halkali-yuzuk","11":"product_tag-contemporary-ring","12":"product_tag-delicate-ring","13":"product_tag-designer-ring","14":"product_tag-diamond-ring","15":"product_tag-ince-yuzuk","16":"product_tag-modern-yuzuk","17":"product_tag-multi-band-ring","18":"product_tag-pirlanta-yuzuk","19":"product_tag-rose-altin-yuzuk","20":"product_tag-rose-gold-ring","21":"product_tag-tasarim-yuzuk","22":"pa_cinsiyet-kadin","24":"first","25":"instock","26":"shipping-taxable","27":"purchasable","28":"product-type-simple"},"_links":{"self":[{"href":"https:\/\/www.gasia.com.tr\/en\/wp-json\/wp\/v2\/product\/36073","targetHints":{"allow":["GET"]}}],"collection":[{"href":"https:\/\/www.gasia.com.tr\/en\/wp-json\/wp\/v2\/product"}],"about":[{"href":"https:\/\/www.gasia.com.tr\/en\/wp-json\/wp\/v2\/types\/product"}],"replies":[{"embeddable":true,"href":"https:\/\/www.gasia.com.tr\/en\/wp-json\/wp\/v2\/comments?post=36073"}],"version-history":[{"count":4,"href":"https:\/\/www.gasia.com.tr\/en\/wp-json\/wp\/v2\/product\/36073\/revisions"}],"predecessor-version":[{"id":41907,"href":"https:\/\/www.gasia.com.tr\/en\/wp-json\/wp\/v2\/product\/36073\/revisions\/41907"}],"wp:featuredmedia":[{"embeddable":true,"href":"https:\/\/www.gasia.com.tr\/en\/wp-json\/wp\/v2\/media\/41906"}],"wp:attachment":[{"href":"https:\/\/www.gasia.com.tr\/en\/wp-json\/wp\/v2\/media?parent=36073"}],"wp:term":[{"taxonomy":"product_brand","embeddable":true,"href":"https:\/\/www.gasia.com.tr\/en\/wp-json\/wp\/v2\/product_brand?post=36073"},{"taxonomy":"product_cat","embeddable":true,"href":"https:\/\/www.gasia.com.tr\/en\/wp-json\/wp\/v2\/product_cat?post=36073"},{"taxonomy":"product_tag","embeddable":true,"href":"https:\/\/www.gasia.com.tr\/en\/wp-json\/wp\/v2\/product_tag?post=36073"}],"curies":[{"name":"wp","href":"https:\/\/api.w.org\/{rel}","templated":true}]}}