{"id":36115,"date":"2026-01-03T18:54:28","date_gmt":"2026-01-03T15:54:28","guid":{"rendered":"https:\/\/www.gasia.com.tr\/?post_type=product&#038;p=36115"},"modified":"2026-03-13T23:50:02","modified_gmt":"2026-03-13T20:50:02","slug":"siyah-mineli-baget-pirlanta-tasarim-yuzuk","status":"publish","type":"product","link":"https:\/\/www.gasia.com.tr\/en\/collections\/siyah-mineli-baget-pirlanta-tasarim-yuzuk\/","title":{"rendered":"Siyah Mineli Baget P\u0131rlanta Tasar\u0131m Y\u00fcz\u00fck"},"content":{"rendered":"<p>Modern ve iddial\u0131 tasar\u0131m\u0131yla \u00f6ne \u00e7\u0131kan bu y\u00fcz\u00fck, siyah mine detaylar\u0131 ile g\u00fc\u00e7l\u00fc bir stil sunar. \u00dcst k\u0131sm\u0131ndaki baget kesim p\u0131rlanta, tasar\u0131ma zarif bir \u0131\u015f\u0131lt\u0131 katarken kontrast renkler y\u00fcz\u00fc\u011fe \u00e7a\u011fda\u015f bir karakter kazand\u0131r\u0131r. G\u00fcnl\u00fck kullan\u0131mda ya da \u00f6zel davetlerde dikkat \u00e7ekici bir m\u00fccevherdir.<\/p>","protected":false},"excerpt":{"rendered":"<ul>\n<li>14 ayar Beyaz Alt\u0131n<\/li>\n<li>0.34 ct toplam p\u0131rlanta<\/li>\n<li>Siyah Mine<\/li>\n<\/ul>","protected":false},"featured_media":39648,"comment_status":"open","ping_status":"closed","template":"","meta":[],"product_brand":[77],"product_cat":[260,76],"product_tag":[1127,575,1138,448,451,341,658,721,648,1134,1380,1381,450,1047],"class_list":{"0":"post-36115","1":"product","2":"type-product","3":"status-publish","4":"has-post-thumbnail","6":"product_brand-gasia","7":"product_cat-kadin","8":"product_cat-yuzuk-modelleri","9":"product_tag-baget-pirlanta-yuzuk","10":"product_tag-baguette-diamond-ring","11":"product_tag-black-enamel-ring","12":"product_tag-designer-diamond-ring","13":"product_tag-fine-jewelry-ring","14":"product_tag-kadin-pirlanta-yuzuk","15":"product_tag-luxury-diamond-ring","16":"product_tag-modern-altin-yuzuk","17":"product_tag-modern-gold-ring","18":"product_tag-siyah-mine-yuzuk","19":"product_tag-siyah-mineli-yuzuk","20":"product_tag-sik-tasarim-yuzuk","21":"product_tag-statement-ring","22":"product_tag-tasarim-pirlanta-yuzuk","23":"pa_cinsiyet-kadin","25":"first","26":"instock","27":"sale","28":"shipping-taxable","29":"purchasable","30":"product-type-simple"},"_links":{"self":[{"href":"https:\/\/www.gasia.com.tr\/en\/wp-json\/wp\/v2\/product\/36115","targetHints":{"allow":["GET"]}}],"collection":[{"href":"https:\/\/www.gasia.com.tr\/en\/wp-json\/wp\/v2\/product"}],"about":[{"href":"https:\/\/www.gasia.com.tr\/en\/wp-json\/wp\/v2\/types\/product"}],"replies":[{"embeddable":true,"href":"https:\/\/www.gasia.com.tr\/en\/wp-json\/wp\/v2\/comments?post=36115"}],"version-history":[{"count":2,"href":"https:\/\/www.gasia.com.tr\/en\/wp-json\/wp\/v2\/product\/36115\/revisions"}],"predecessor-version":[{"id":39649,"href":"https:\/\/www.gasia.com.tr\/en\/wp-json\/wp\/v2\/product\/36115\/revisions\/39649"}],"wp:featuredmedia":[{"embeddable":true,"href":"https:\/\/www.gasia.com.tr\/en\/wp-json\/wp\/v2\/media\/39648"}],"wp:attachment":[{"href":"https:\/\/www.gasia.com.tr\/en\/wp-json\/wp\/v2\/media?parent=36115"}],"wp:term":[{"taxonomy":"product_brand","embeddable":true,"href":"https:\/\/www.gasia.com.tr\/en\/wp-json\/wp\/v2\/product_brand?post=36115"},{"taxonomy":"product_cat","embeddable":true,"href":"https:\/\/www.gasia.com.tr\/en\/wp-json\/wp\/v2\/product_cat?post=36115"},{"taxonomy":"product_tag","embeddable":true,"href":"https:\/\/www.gasia.com.tr\/en\/wp-json\/wp\/v2\/product_tag?post=36115"}],"curies":[{"name":"wp","href":"https:\/\/api.w.org\/{rel}","templated":true}]}}