{"id":36117,"date":"2025-12-11T18:56:39","date_gmt":"2025-12-11T15:56:39","guid":{"rendered":"https:\/\/www.gasia.com.tr\/?post_type=product&#038;p=36117"},"modified":"2026-04-24T22:38:09","modified_gmt":"2026-04-24T19:38:09","slug":"zumrut-tasli-siyah-mine-detayli-altin-yuzuk","status":"publish","type":"product","link":"https:\/\/www.gasia.com.tr\/en\/collections\/zumrut-tasli-siyah-mine-detayli-altin-yuzuk\/","title":{"rendered":"Z\u00fcmr\u00fct Ta\u015fl\u0131 Siyah Mine Detayl\u0131 Alt\u0131n Y\u00fcz\u00fck"},"content":{"rendered":"<p data-start=\"63\" data-end=\"350\">\u00c7arp\u0131c\u0131 kontrast\u0131 ve g\u00fc\u00e7l\u00fc tasar\u0131m\u0131yla \u00f6ne \u00e7\u0131kan bu alt\u0131n y\u00fcz\u00fck, siyah mine y\u00fczeyi ve merkezde konumlanan z\u00fcmr\u00fct ta\u015f\u0131yla sofistike bir g\u00f6r\u00fcn\u00fcm sunar. Sekizgen kesimli z\u00fcmr\u00fct, etraf\u0131n\u0131 saran p\u0131rlanta ta\u015flarla \u00e7evrelenerek derinlik ve yo\u011fun bir \u0131\u015f\u0131lt\u0131 kazan\u0131r.<\/p>\n<p data-start=\"352\" data-end=\"594\">Geni\u015f ve modern formu sayesinde y\u00fcz\u00fck, parmakta g\u00fc\u00e7l\u00fc bir stil ifadesi yarat\u0131rken siyah mine detay tasar\u0131ma \u00e7a\u011fda\u015f ve \u00f6zg\u00fcn bir karakter katar. Alt\u0131n\u0131n s\u0131cak tonu, z\u00fcmr\u00fct\u00fcn zengin ye\u015filiyle birle\u015ferek l\u00fcks ve zamans\u0131z bir estetik olu\u015fturur.<\/p>\n<p data-start=\"596\" data-end=\"752\">Tek ba\u015f\u0131na dikkat \u00e7ekici bir statement par\u00e7a olarak kullan\u0131labilece\u011fi gibi, \u00f6zel davetlerde stilinizi tamamlayan iddial\u0131 bir aksesuar olarak da \u00f6ne \u00e7\u0131kar.<\/p>","protected":false},"excerpt":{"rendered":"<ul>\n<li>14 Ayar Alt\u0131n<\/li>\n<li>0.18 ct P\u0131rlanta<\/li>\n<li>1.57 ct Kolombiya Z\u00fcmr\u00fct<\/li>\n<\/ul>","protected":false},"featured_media":42713,"comment_status":"open","ping_status":"closed","template":"","meta":[],"product_brand":[77],"product_cat":[242,76],"product_tag":[289,654,526,2852,717,577,1667,1668,335,1134,450,530],"class_list":{"0":"post-36117","1":"product","2":"type-product","3":"status-publish","4":"has-post-thumbnail","6":"product_brand-gasia","7":"product_cat-retro-mucevher-koleksiyonu","8":"product_cat-yuzuk-modelleri","9":"product_tag-altin-yuzuk","10":"product_tag-diamond-ring","11":"product_tag-emerald-ring","12":"product_tag-enamel-ring","13":"product_tag-genis-yuzuk","14":"product_tag-gold-ring","15":"product_tag-luks-taki","16":"product_tag-luxury-jewelry","17":"product_tag-pirlanta-yuzuk","18":"product_tag-siyah-mine-yuzuk","19":"product_tag-statement-ring","20":"product_tag-zumrut-yuzuk","21":"pa_cinsiyet-kadin","23":"first","24":"instock","25":"sale","26":"shipping-taxable","27":"purchasable","28":"product-type-simple"},"_links":{"self":[{"href":"https:\/\/www.gasia.com.tr\/en\/wp-json\/wp\/v2\/product\/36117","targetHints":{"allow":["GET"]}}],"collection":[{"href":"https:\/\/www.gasia.com.tr\/en\/wp-json\/wp\/v2\/product"}],"about":[{"href":"https:\/\/www.gasia.com.tr\/en\/wp-json\/wp\/v2\/types\/product"}],"replies":[{"embeddable":true,"href":"https:\/\/www.gasia.com.tr\/en\/wp-json\/wp\/v2\/comments?post=36117"}],"version-history":[{"count":3,"href":"https:\/\/www.gasia.com.tr\/en\/wp-json\/wp\/v2\/product\/36117\/revisions"}],"predecessor-version":[{"id":42714,"href":"https:\/\/www.gasia.com.tr\/en\/wp-json\/wp\/v2\/product\/36117\/revisions\/42714"}],"wp:featuredmedia":[{"embeddable":true,"href":"https:\/\/www.gasia.com.tr\/en\/wp-json\/wp\/v2\/media\/42713"}],"wp:attachment":[{"href":"https:\/\/www.gasia.com.tr\/en\/wp-json\/wp\/v2\/media?parent=36117"}],"wp:term":[{"taxonomy":"product_brand","embeddable":true,"href":"https:\/\/www.gasia.com.tr\/en\/wp-json\/wp\/v2\/product_brand?post=36117"},{"taxonomy":"product_cat","embeddable":true,"href":"https:\/\/www.gasia.com.tr\/en\/wp-json\/wp\/v2\/product_cat?post=36117"},{"taxonomy":"product_tag","embeddable":true,"href":"https:\/\/www.gasia.com.tr\/en\/wp-json\/wp\/v2\/product_tag?post=36117"}],"curies":[{"name":"wp","href":"https:\/\/api.w.org\/{rel}","templated":true}]}}