{"id":36143,"date":"2026-01-04T18:06:17","date_gmt":"2026-01-04T15:06:17","guid":{"rendered":"https:\/\/www.gasia.com.tr\/?post_type=product&#038;p=36143"},"modified":"2026-03-16T23:01:41","modified_gmt":"2026-03-16T20:01:41","slug":"ham-dokulu-pirlanta-tas-detayli-erkek-yuzuk","status":"publish","type":"product","link":"https:\/\/www.gasia.com.tr\/en\/collections\/ham-dokulu-pirlanta-tas-detayli-erkek-yuzuk\/","title":{"rendered":"Ham Dokulu P\u0131rlanta Ta\u015f Detayl\u0131 Erkek Y\u00fcz\u00fck"},"content":{"rendered":"<ul>\n<li>925 ayar Okside G\u00fcm\u00fc\u015f<\/li>\n<li>0.24 ct Ham P\u0131rlanta<\/li>\n<\/ul>\n<p>&nbsp;<\/p>\n<p>Ham ve do\u011fal dokusuyla dikkat \u00e7eken bu erkek y\u00fcz\u00fck, ortas\u0131nda yer alan Ham P\u0131rlanta detay\u0131yla modern ve karakterli bir tasar\u0131m sunar. \u00c7eki\u00e7le d\u00f6v\u00fclm\u00fc\u015f g\u00fcm\u00fc\u015f\u00a0 y\u00fczeyi, y\u00fcz\u00fc\u011fe rustic ve \u00f6zg\u00fcn bir g\u00f6r\u00fcn\u00fcm kazand\u0131r\u0131rken sade formu g\u00fc\u00e7l\u00fc bir stil ifadesi yarat\u0131r. Modern minimal tasar\u0131m\u0131 sayesinde hem g\u00fcnl\u00fck kullan\u0131mda hem de \u00f6zel kombinlerde rahatl\u0131kla tercih edilebilir. Do\u011fal dokular ve g\u00fc\u00e7l\u00fc tasar\u0131mlar sevenler i\u00e7in ideal olan bu y\u00fcz\u00fck, sade ama etkileyici bir aksesuar olarak \u00f6ne \u00e7\u0131kar.<\/p>\n<p>&nbsp;<\/p>","protected":false},"excerpt":{"rendered":"<p>925 ayar Okside G\u00fcm\u00fc\u015f 0.24 ct Ham P\u0131rlanta &nbsp; Ham ve do\u011fal dokusuyla dikkat \u00e7eken bu erkek y\u00fcz\u00fck, ortas\u0131nda yer<\/p>","protected":false},"featured_media":39121,"comment_status":"open","ping_status":"closed","template":"","meta":[],"product_brand":[],"product_cat":[76,257],"product_tag":[455,666,680,674,671,672,679,677,668,678],"class_list":{"0":"post-36143","1":"product","2":"type-product","3":"status-publish","4":"has-post-thumbnail","6":"product_cat-yuzuk-modelleri","7":"product_cat-yuzukler","8":"product_tag-erkek-yuzuk","9":"product_tag-gumus-erkek-yuzuk","10":"product_tag-ham-dokulu-yuzuk","11":"product_tag-minimal-erkek-yuzuk","12":"product_tag-modern-erkek-yuzuk","13":"product_tag-ozgun-erkek-yuzuk","14":"product_tag-rustic-erkek-yuzuk","15":"product_tag-stil-sahibi-erkek-yuzuk","16":"product_tag-tasarim-erkek-yuzuk","17":"product_tag-tasli-erkek-yuzuk","18":"pa_cinsiyet-erkek","20":"first","21":"instock","22":"shipping-taxable","23":"purchasable","24":"product-type-simple"},"_links":{"self":[{"href":"https:\/\/www.gasia.com.tr\/en\/wp-json\/wp\/v2\/product\/36143","targetHints":{"allow":["GET"]}}],"collection":[{"href":"https:\/\/www.gasia.com.tr\/en\/wp-json\/wp\/v2\/product"}],"about":[{"href":"https:\/\/www.gasia.com.tr\/en\/wp-json\/wp\/v2\/types\/product"}],"replies":[{"embeddable":true,"href":"https:\/\/www.gasia.com.tr\/en\/wp-json\/wp\/v2\/comments?post=36143"}],"version-history":[{"count":2,"href":"https:\/\/www.gasia.com.tr\/en\/wp-json\/wp\/v2\/product\/36143\/revisions"}],"predecessor-version":[{"id":39123,"href":"https:\/\/www.gasia.com.tr\/en\/wp-json\/wp\/v2\/product\/36143\/revisions\/39123"}],"wp:featuredmedia":[{"embeddable":true,"href":"https:\/\/www.gasia.com.tr\/en\/wp-json\/wp\/v2\/media\/39121"}],"wp:attachment":[{"href":"https:\/\/www.gasia.com.tr\/en\/wp-json\/wp\/v2\/media?parent=36143"}],"wp:term":[{"taxonomy":"product_brand","embeddable":true,"href":"https:\/\/www.gasia.com.tr\/en\/wp-json\/wp\/v2\/product_brand?post=36143"},{"taxonomy":"product_cat","embeddable":true,"href":"https:\/\/www.gasia.com.tr\/en\/wp-json\/wp\/v2\/product_cat?post=36143"},{"taxonomy":"product_tag","embeddable":true,"href":"https:\/\/www.gasia.com.tr\/en\/wp-json\/wp\/v2\/product_tag?post=36143"}],"curies":[{"name":"wp","href":"https:\/\/api.w.org\/{rel}","templated":true}]}}