{"id":36189,"date":"2026-01-05T14:13:27","date_gmt":"2026-01-05T11:13:27","guid":{"rendered":"https:\/\/www.gasia.com.tr\/?post_type=product&#038;p=36189"},"modified":"2026-03-16T22:31:59","modified_gmt":"2026-03-16T19:31:59","slug":"pirlanta-detayli-siyah-karben-fiber-kelepce-bilezik","status":"publish","type":"product","link":"https:\/\/www.gasia.com.tr\/en\/collections\/pirlanta-detayli-siyah-karben-fiber-kelepce-bilezik\/","title":{"rendered":"P\u0131rlanta Detayl\u0131 Siyah Karbon Fiber Kelep\u00e7e Bilezik"},"content":{"rendered":"<ul>\n<li>18 ayar alt\u0131n<\/li>\n<li>0.08 ct p\u0131rlanta<\/li>\n<li>5 mm geni\u015flik<\/li>\n<\/ul>\n<p>Tarz\u0131n\u0131 detaylarda g\u00f6steren erkekler i\u00e7in \u00f6zel olarak tasarlanan bileklik modellerimiz, hem g\u00fcnl\u00fck kombinlere hem de \u00f6zel davetler i\u00e7in ideal. Modern, \u015f\u0131k ve karizmatik g\u00f6r\u00fcn\u00fcm\u00fc bir arada sunan bilekliklerimiz benzersiz tasar\u0131mlar\u0131yla farkl\u0131 hissettirir.<\/p>","protected":false},"excerpt":{"rendered":"<p>18 ayar alt\u0131n 0.08 ct p\u0131rlanta 5 mm geni\u015flik Tarz\u0131n\u0131 detaylarda g\u00f6steren erkekler i\u00e7in \u00f6zel olarak tasarlanan bileklik modellerimiz, hem<\/p>","protected":false},"featured_media":38947,"comment_status":"open","ping_status":"closed","template":"","meta":[],"product_brand":[],"product_cat":[267],"product_tag":[357,346,353,355,368,352,354,350,345,95,365,359,367,351,361,347,363,349,348,358,362,360,366,364],"class_list":{"0":"post-36189","1":"product","2":"type-product","3":"status-publish","4":"has-post-thumbnail","6":"product_cat-karbon-fiber-bileklikler","7":"product_tag-bangle-for-man","8":"product_tag-black-cuff-bracelet","9":"product_tag-black-metal-bracelet","10":"product_tag-carbon-fiber","11":"product_tag-carbon-fiber-bangle","12":"product_tag-contemporary-jewelry","13":"product_tag-designer-cuff-bracelet","14":"product_tag-diamond-bar-bracelet","15":"product_tag-diamond-cuff-bracelet","16":"product_tag-for-man","17":"product_tag-kadin-bileklik","18":"product_tag-kelepce-bilezik","19":"product_tag-luks-bileklik","20":"product_tag-luxury-minimalist-bracelet","21":"product_tag-minimal-bileklik","22":"product_tag-minimal-diamond-bracelet","23":"product_tag-modern-bileklik","24":"product_tag-modern-cuff-bracelet","25":"product_tag-open-bangle-bracelet","26":"product_tag-pirlanta-bileklik","27":"product_tag-pirlanta-detayli-bileklik","28":"product_tag-siyah-bileklik","29":"product_tag-sik-bileklik","30":"product_tag-tasarim-bileklik","31":"pa_cinsiyet-erkek","32":"pa_cinsiyet-kadin","34":"first","35":"instock","36":"shipping-taxable","37":"purchasable","38":"product-type-simple"},"_links":{"self":[{"href":"https:\/\/www.gasia.com.tr\/en\/wp-json\/wp\/v2\/product\/36189","targetHints":{"allow":["GET"]}}],"collection":[{"href":"https:\/\/www.gasia.com.tr\/en\/wp-json\/wp\/v2\/product"}],"about":[{"href":"https:\/\/www.gasia.com.tr\/en\/wp-json\/wp\/v2\/types\/product"}],"replies":[{"embeddable":true,"href":"https:\/\/www.gasia.com.tr\/en\/wp-json\/wp\/v2\/comments?post=36189"}],"version-history":[{"count":3,"href":"https:\/\/www.gasia.com.tr\/en\/wp-json\/wp\/v2\/product\/36189\/revisions"}],"predecessor-version":[{"id":38956,"href":"https:\/\/www.gasia.com.tr\/en\/wp-json\/wp\/v2\/product\/36189\/revisions\/38956"}],"wp:featuredmedia":[{"embeddable":true,"href":"https:\/\/www.gasia.com.tr\/en\/wp-json\/wp\/v2\/media\/38947"}],"wp:attachment":[{"href":"https:\/\/www.gasia.com.tr\/en\/wp-json\/wp\/v2\/media?parent=36189"}],"wp:term":[{"taxonomy":"product_brand","embeddable":true,"href":"https:\/\/www.gasia.com.tr\/en\/wp-json\/wp\/v2\/product_brand?post=36189"},{"taxonomy":"product_cat","embeddable":true,"href":"https:\/\/www.gasia.com.tr\/en\/wp-json\/wp\/v2\/product_cat?post=36189"},{"taxonomy":"product_tag","embeddable":true,"href":"https:\/\/www.gasia.com.tr\/en\/wp-json\/wp\/v2\/product_tag?post=36189"}],"curies":[{"name":"wp","href":"https:\/\/api.w.org\/{rel}","templated":true}]}}