{"id":36224,"date":"2026-01-05T15:11:34","date_gmt":"2026-01-05T12:11:34","guid":{"rendered":"https:\/\/www.gasia.com.tr\/?post_type=product&#038;p=36224"},"modified":"2026-04-02T23:04:27","modified_gmt":"2026-04-02T20:04:27","slug":"okside-gumus-ve-altin-pirlanta-detayli-minimal-kelepce-bileklik","status":"publish","type":"product","link":"https:\/\/www.gasia.com.tr\/en\/collections\/okside-gumus-ve-altin-pirlanta-detayli-minimal-kelepce-bileklik\/","title":{"rendered":"Okside G\u00fcm\u00fc\u015f ve Alt\u0131n P\u0131rlanta Detayl\u0131 Minimal Kelep\u00e7e Bileklik"},"content":{"rendered":"<p>Sade formu ve g\u00fc\u00e7l\u00fc detay\u0131yla \u00f6ne \u00e7\u0131kan bu kelep\u00e7e bileklik, minimal tasar\u0131m\u0131n dikkat \u00e7ekici bir yorumudur. Okside g\u00fcm\u00fc\u015f y\u00fczey \u00fczerindeki dokulu yap\u0131, ortadaki alt\u0131n \u00e7er\u00e7eveli p\u0131rlanta ile dengeli bir kontrast olu\u015fturur. Fazlal\u0131ktan uzak tasar\u0131m\u0131 sayesinde g\u00fcnl\u00fck kullan\u0131mda rahatl\u0131kla tercih edilir ve farkl\u0131 kombinlerle kolayca uyum sa\u011flar. Bilekte net ve temiz bir duru\u015f sunan bu par\u00e7a, az ama etkili aksesuar tercih edenler i\u00e7in ideal bir se\u00e7enektir. P\u0131rlantan\u0131n \u0131\u015f\u0131\u011f\u0131yla sade stilini \u00f6ne \u00e7\u0131karmak isteyenler i\u00e7in g\u00fc\u00e7l\u00fc bir tamamlay\u0131c\u0131d\u0131r.<\/p>","protected":false},"excerpt":{"rendered":"<ul>\n<li>18 ayar alt\u0131n<\/li>\n<li>925 ayar okside g\u00fcm\u00fc\u015f<\/li>\n<li>0.45 ct P\u0131rlanta<\/li>\n<li>5.6 mm geni\u015flik<\/li>\n<\/ul>","protected":false},"featured_media":41329,"comment_status":"open","ping_status":"closed","template":"","meta":[],"product_brand":[2957],"product_cat":[255],"product_tag":[2991,1027,2984,2967,2420,420,507,3017,512,543,2985,1037,3004,2223,2215,365,2419,620,361,2983,363,622,742,1792,2195,2992,2197,358,362,2994,3018,2993,3005,3019,366,2682,2250,364,505,3020,2987,1857,2236,2424,1803,1083],"class_list":{"0":"post-36224","1":"product","2":"type-product","3":"status-publish","4":"has-post-thumbnail","6":"product_brand-gasia-for-man","7":"product_cat-altin-gumus-bileklikler","8":"product_tag-acik-bileklik","9":"product_tag-altin-detayli-bileklik","10":"product_tag-boutique-jewelry","11":"product_tag-butik-taki","12":"product_tag-cuff-bracelet","13":"product_tag-designer-bracelet","14":"product_tag-diamond-bracelet","15":"product_tag-diamond-detail-bracelet","16":"product_tag-elegant-bracelet","17":"product_tag-erkek-bileklik","18":"product_tag-everyday-bracelet","19":"product_tag-gold-detail-bracelet","20":"product_tag-gumus-altin-bileklik","21":"product_tag-gunluk-bileklik","22":"product_tag-ince-bileklik","23":"product_tag-kadin-bileklik","24":"product_tag-kelepce-bileklik","25":"product_tag-men-bracelet","26":"product_tag-minimal-bileklik","27":"product_tag-minimal-bracelet","28":"product_tag-modern-bileklik","29":"product_tag-modern-bracelet","30":"product_tag-modern-jewelry","31":"product_tag-modern-taki","32":"product_tag-okside-gumus-bileklik","33":"product_tag-open-cuff-bracelet","34":"product_tag-oxidized-silver-bracelet","35":"product_tag-pirlanta-bileklik","36":"product_tag-pirlanta-detayli-bileklik","37":"product_tag-rigid-bracelet","38":"product_tag-sade-bileklik","39":"product_tag-sert-bileklik","40":"product_tag-silver-gold-bracelet","41":"product_tag-simple-bracelet","42":"product_tag-sik-bileklik","43":"product_tag-stone-bracelet","44":"product_tag-stylish-bracelet","45":"product_tag-tasarim-bileklik","46":"product_tag-tasli-bileklik","47":"product_tag-thin-bracelet","48":"product_tag-trend-taki","49":"product_tag-trendy-jewelry","50":"product_tag-unisex-bileklik","51":"product_tag-unisex-bracelet","52":"product_tag-women-bracelet","53":"product_tag-zarif-bileklik","54":"pa_cinsiyet-erkek","56":"first","57":"instock","58":"shipping-taxable","59":"purchasable","60":"product-type-simple"},"_links":{"self":[{"href":"https:\/\/www.gasia.com.tr\/en\/wp-json\/wp\/v2\/product\/36224","targetHints":{"allow":["GET"]}}],"collection":[{"href":"https:\/\/www.gasia.com.tr\/en\/wp-json\/wp\/v2\/product"}],"about":[{"href":"https:\/\/www.gasia.com.tr\/en\/wp-json\/wp\/v2\/types\/product"}],"replies":[{"embeddable":true,"href":"https:\/\/www.gasia.com.tr\/en\/wp-json\/wp\/v2\/comments?post=36224"}],"version-history":[{"count":2,"href":"https:\/\/www.gasia.com.tr\/en\/wp-json\/wp\/v2\/product\/36224\/revisions"}],"predecessor-version":[{"id":41331,"href":"https:\/\/www.gasia.com.tr\/en\/wp-json\/wp\/v2\/product\/36224\/revisions\/41331"}],"wp:featuredmedia":[{"embeddable":true,"href":"https:\/\/www.gasia.com.tr\/en\/wp-json\/wp\/v2\/media\/41329"}],"wp:attachment":[{"href":"https:\/\/www.gasia.com.tr\/en\/wp-json\/wp\/v2\/media?parent=36224"}],"wp:term":[{"taxonomy":"product_brand","embeddable":true,"href":"https:\/\/www.gasia.com.tr\/en\/wp-json\/wp\/v2\/product_brand?post=36224"},{"taxonomy":"product_cat","embeddable":true,"href":"https:\/\/www.gasia.com.tr\/en\/wp-json\/wp\/v2\/product_cat?post=36224"},{"taxonomy":"product_tag","embeddable":true,"href":"https:\/\/www.gasia.com.tr\/en\/wp-json\/wp\/v2\/product_tag?post=36224"}],"curies":[{"name":"wp","href":"https:\/\/api.w.org\/{rel}","templated":true}]}}