{"id":36248,"date":"2026-01-05T15:44:47","date_gmt":"2026-01-05T12:44:47","guid":{"rendered":"https:\/\/www.gasia.com.tr\/?post_type=product&#038;p=36248"},"modified":"2026-04-02T22:46:15","modified_gmt":"2026-04-02T19:46:15","slug":"fleur-de-lis-detayli-okside-gumus-ve-altin-kelepce-bileklik","status":"publish","type":"product","link":"https:\/\/www.gasia.com.tr\/en\/collections\/fleur-de-lis-detayli-okside-gumus-ve-altin-kelepce-bileklik\/","title":{"rendered":"Fleur De Lis Detayl\u0131 Okside G\u00fcm\u00fc\u015f ve Alt\u0131n Kelep\u00e7e Bileklik"},"content":{"rendered":"<p>G\u00fc\u00e7l\u00fc sembollerle tasarlanan bu kelep\u00e7e bileklik, Fleur De Lis detay\u0131yla karakterli bir stil sunar. Okside g\u00fcm\u00fc\u015f y\u00fczeyi ve alt\u0131n vurgular\u0131n yaratt\u0131\u011f\u0131 kontrast, tasar\u0131ma derinlik ve dikkat \u00e7ekici bir g\u00f6r\u00fcn\u00fcm kazand\u0131r\u0131r. Sert formu sayesinde bilekte net bir duru\u015f sergiler ve farkl\u0131 kombinlerle kolayca uyum sa\u011flar. G\u00fcnl\u00fck kullan\u0131mda stilini \u00f6ne \u00e7\u0131kar\u0131rken, \u00f6zel anlarda da g\u00fc\u00e7l\u00fc bir aksesuar olarak tamamlay\u0131c\u0131 olur. Detaylar\u0131yla fark yaratan bu par\u00e7a, klasik sembolleri modern bir yorumla ta\u015f\u0131mak isteyenler i\u00e7in ideal bir se\u00e7imdir.<\/p>\n<p>&nbsp;<\/p>","protected":false},"excerpt":{"rendered":"<ul>\n<li>14 ayar alt\u0131n<\/li>\n<li>925 ayar okside g\u00fcm\u00fc\u015f<\/li>\n<\/ul>","protected":false},"featured_media":41315,"comment_status":"open","ping_status":"closed","template":"","meta":[],"product_brand":[2957],"product_cat":[255,168,249],"product_tag":[2991,1027,2990,2989,2686,2996,2984,2967,2998,3001,2420,2240,420,2997,512,2982,2985,2235,1037,2223,2648,365,2419,3000,2981,361,2983,2986,363,622,742,1792,2992,2208,2210,2999,2994,2993,2995,360,366,1805,549,364,2987,1857,2249,2988,1803,1083],"class_list":{"0":"post-36248","1":"product","2":"type-product","3":"status-publish","4":"has-post-thumbnail","6":"product_brand-gasia-for-man","7":"product_cat-altin-gumus-bileklikler","8":"product_cat-for-men","9":"product_cat-fleur-de-lis-koleksiyonu","10":"product_tag-acik-bileklik","11":"product_tag-altin-detayli-bileklik","12":"product_tag-bangle-bracelet","13":"product_tag-bilezik","14":"product_tag-black-bracelet","15":"product_tag-black-gold-bracelet","16":"product_tag-boutique-jewelry","17":"product_tag-butik-taki","18":"product_tag-chic-bracelet","19":"product_tag-classic-bracelet","20":"product_tag-cuff-bracelet","21":"product_tag-delicate-bracelet","22":"product_tag-designer-bracelet","23":"product_tag-elegan-bileklik","24":"product_tag-elegant-bracelet","25":"product_tag-enamel-bracelet","26":"product_tag-everyday-bracelet","27":"product_tag-fashion-bracelet","28":"product_tag-gold-detail-bracelet","29":"product_tag-gunluk-bileklik","30":"product_tag-kadin-aksesuar","31":"product_tag-kadin-bileklik","32":"product_tag-kelepce-bileklik","33":"product_tag-klasik-bileklik","34":"product_tag-mine-bileklik","35":"product_tag-minimal-bileklik","36":"product_tag-minimal-bracelet","37":"product_tag-moda-bileklik","38":"product_tag-modern-bileklik","39":"product_tag-modern-bracelet","40":"product_tag-modern-jewelry","41":"product_tag-modern-taki","42":"product_tag-open-cuff-bracelet","43":"product_tag-ozel-tasarim-bileklik","44":"product_tag-premium-bileklik","45":"product_tag-premium-bracelet","46":"product_tag-rigid-bracelet","47":"product_tag-sert-bileklik","48":"product_tag-siyah-altin-bileklik","49":"product_tag-siyah-bileklik","50":"product_tag-sik-bileklik","51":"product_tag-statement-bracelet","52":"product_tag-stil-sahibi-bileklik","53":"product_tag-tasarim-bileklik","54":"product_tag-trend-taki","55":"product_tag-trendy-jewelry","56":"product_tag-unique-bracelet","57":"product_tag-women-accessories","58":"product_tag-women-bracelet","59":"product_tag-zarif-bileklik","60":"pa_cinsiyet-erkek","62":"first","63":"instock","64":"shipping-taxable","65":"purchasable","66":"product-type-simple"},"_links":{"self":[{"href":"https:\/\/www.gasia.com.tr\/en\/wp-json\/wp\/v2\/product\/36248","targetHints":{"allow":["GET"]}}],"collection":[{"href":"https:\/\/www.gasia.com.tr\/en\/wp-json\/wp\/v2\/product"}],"about":[{"href":"https:\/\/www.gasia.com.tr\/en\/wp-json\/wp\/v2\/types\/product"}],"replies":[{"embeddable":true,"href":"https:\/\/www.gasia.com.tr\/en\/wp-json\/wp\/v2\/comments?post=36248"}],"version-history":[{"count":2,"href":"https:\/\/www.gasia.com.tr\/en\/wp-json\/wp\/v2\/product\/36248\/revisions"}],"predecessor-version":[{"id":41317,"href":"https:\/\/www.gasia.com.tr\/en\/wp-json\/wp\/v2\/product\/36248\/revisions\/41317"}],"wp:featuredmedia":[{"embeddable":true,"href":"https:\/\/www.gasia.com.tr\/en\/wp-json\/wp\/v2\/media\/41315"}],"wp:attachment":[{"href":"https:\/\/www.gasia.com.tr\/en\/wp-json\/wp\/v2\/media?parent=36248"}],"wp:term":[{"taxonomy":"product_brand","embeddable":true,"href":"https:\/\/www.gasia.com.tr\/en\/wp-json\/wp\/v2\/product_brand?post=36248"},{"taxonomy":"product_cat","embeddable":true,"href":"https:\/\/www.gasia.com.tr\/en\/wp-json\/wp\/v2\/product_cat?post=36248"},{"taxonomy":"product_tag","embeddable":true,"href":"https:\/\/www.gasia.com.tr\/en\/wp-json\/wp\/v2\/product_tag?post=36248"}],"curies":[{"name":"wp","href":"https:\/\/api.w.org\/{rel}","templated":true}]}}