{"id":36266,"date":"2026-01-05T16:07:29","date_gmt":"2026-01-05T13:07:29","guid":{"rendered":"https:\/\/www.gasia.com.tr\/?post_type=product&#038;p=36266"},"modified":"2026-04-06T21:40:43","modified_gmt":"2026-04-06T18:40:43","slug":"okside-gumus-zincir-bileklik-pirlanta-detayli-tasarim","status":"publish","type":"product","link":"https:\/\/www.gasia.com.tr\/en\/collections\/okside-gumus-zincir-bileklik-pirlanta-detayli-tasarim\/","title":{"rendered":"Okside G\u00fcm\u00fc\u015f Zincir Bileklik P\u0131rlanta Detayl\u0131 Tasar\u0131m"},"content":{"rendered":"<p>Kal\u0131n zincir formu ve g\u00fc\u00e7l\u00fc detaylar\u0131yla \u00f6ne \u00e7\u0131kan bu bileklik, dikkat \u00e7ekici bir stil sunar. Okside g\u00fcm\u00fc\u015f y\u00fczey, tasar\u0131ma derin ve karakterli bir g\u00f6r\u00fcn\u00fcm kazand\u0131r\u0131rken alt\u0131n yuvalar i\u00e7inde yer alan p\u0131rlanta detaylar bilek \u00fczerinde ince bir \u0131\u015f\u0131lt\u0131 olu\u015fturur. \u00d6zg\u00fcn kapama tasar\u0131m\u0131 ve b\u00fct\u00fcnl\u00fckl\u00fc yap\u0131s\u0131 sayesinde g\u00fc\u00e7l\u00fc bir duru\u015f sergiler. G\u00fcnl\u00fck stiline iddial\u0131 bir dokunu\u015f katmak ya da kombinlerini \u00f6ne \u00e7\u0131karmak isteyenler i\u00e7in etkili bir aksesuard\u0131r.<\/p>","protected":false},"excerpt":{"rendered":"<ul>\n<li>14 ayar alt\u0131n<\/li>\n<li>925 ayar okside g\u00fcm\u00fc\u015f<\/li>\n<li>0.35 ct p\u0131rlanta<\/li>\n<\/ul>","protected":false},"featured_media":41364,"comment_status":"open","ping_status":"closed","template":"","meta":[],"product_brand":[2957],"product_cat":[255],"product_tag":[1027,2984,2967,1799,1801,420,507,2437,543,2985,2235,1037,2223,2188,365,1800,620,3015,3016,2986,363,622,2195,2197,2430,358,1804,1805,364,2987,1857,2249,2236,2424,1803,435],"class_list":{"0":"post-36266","1":"product","2":"type-product","3":"status-publish","4":"has-post-thumbnail","6":"product_brand-gasia-for-man","7":"product_cat-altin-gumus-bileklikler","8":"product_tag-altin-detayli-bileklik","9":"product_tag-boutique-jewelry","10":"product_tag-butik-taki","11":"product_tag-chain-bracelet","12":"product_tag-chunky-chain-bracelet","13":"product_tag-designer-bracelet","14":"product_tag-diamond-bracelet","15":"product_tag-el-yapimi-bileklik","16":"product_tag-erkek-bileklik","17":"product_tag-everyday-bracelet","18":"product_tag-fashion-bracelet","19":"product_tag-gold-detail-bracelet","20":"product_tag-gunluk-bileklik","21":"product_tag-handmade-bracelet","22":"product_tag-kadin-bileklik","23":"product_tag-kalin-zincir-bileklik","24":"product_tag-men-bracelet","25":"product_tag-metal-bileklik","26":"product_tag-metal-bracelet","27":"product_tag-moda-bileklik","28":"product_tag-modern-bileklik","29":"product_tag-modern-bracelet","30":"product_tag-okside-gumus-bileklik","31":"product_tag-oxidized-silver-bracelet","32":"product_tag-ozgun-tasarim-bileklik","33":"product_tag-pirlanta-bileklik","34":"product_tag-statement-bileklik","35":"product_tag-statement-bracelet","36":"product_tag-tasarim-bileklik","37":"product_tag-trend-taki","38":"product_tag-trendy-jewelry","39":"product_tag-unique-bracelet","40":"product_tag-unisex-bileklik","41":"product_tag-unisex-bracelet","42":"product_tag-women-bracelet","43":"product_tag-zincir-bileklik","44":"pa_cinsiyet-erkek","46":"first","47":"instock","48":"shipping-taxable","49":"purchasable","50":"product-type-simple"},"_links":{"self":[{"href":"https:\/\/www.gasia.com.tr\/en\/wp-json\/wp\/v2\/product\/36266","targetHints":{"allow":["GET"]}}],"collection":[{"href":"https:\/\/www.gasia.com.tr\/en\/wp-json\/wp\/v2\/product"}],"about":[{"href":"https:\/\/www.gasia.com.tr\/en\/wp-json\/wp\/v2\/types\/product"}],"replies":[{"embeddable":true,"href":"https:\/\/www.gasia.com.tr\/en\/wp-json\/wp\/v2\/comments?post=36266"}],"version-history":[{"count":2,"href":"https:\/\/www.gasia.com.tr\/en\/wp-json\/wp\/v2\/product\/36266\/revisions"}],"predecessor-version":[{"id":41365,"href":"https:\/\/www.gasia.com.tr\/en\/wp-json\/wp\/v2\/product\/36266\/revisions\/41365"}],"wp:featuredmedia":[{"embeddable":true,"href":"https:\/\/www.gasia.com.tr\/en\/wp-json\/wp\/v2\/media\/41364"}],"wp:attachment":[{"href":"https:\/\/www.gasia.com.tr\/en\/wp-json\/wp\/v2\/media?parent=36266"}],"wp:term":[{"taxonomy":"product_brand","embeddable":true,"href":"https:\/\/www.gasia.com.tr\/en\/wp-json\/wp\/v2\/product_brand?post=36266"},{"taxonomy":"product_cat","embeddable":true,"href":"https:\/\/www.gasia.com.tr\/en\/wp-json\/wp\/v2\/product_cat?post=36266"},{"taxonomy":"product_tag","embeddable":true,"href":"https:\/\/www.gasia.com.tr\/en\/wp-json\/wp\/v2\/product_tag?post=36266"}],"curies":[{"name":"wp","href":"https:\/\/api.w.org\/{rel}","templated":true}]}}