{"id":36429,"date":"2026-01-06T13:17:20","date_gmt":"2026-01-06T10:17:20","guid":{"rendered":"https:\/\/www.gasia.com.tr\/?post_type=product&#038;p=36429"},"modified":"2026-04-13T18:25:38","modified_gmt":"2026-04-13T15:25:38","slug":"rutil-kuvars-tasli-pirlanta-detayli-sari-altin-bileklik","status":"publish","type":"product","link":"https:\/\/www.gasia.com.tr\/en\/collections\/rutil-kuvars-tasli-pirlanta-detayli-sari-altin-bileklik\/","title":{"rendered":"Rutil Kuvars Ta\u015fl\u0131 P\u0131rlanta Detayl\u0131 Sar\u0131 Alt\u0131n Bileklik"},"content":{"rendered":"<p data-start=\"111\" data-end=\"355\">Do\u011fan\u0131n e\u015fsiz dokusunu yans\u0131tan rutil kuvars ta\u015f\u0131yla tasarlanan bu bileklik, i\u00e7indeki ince do\u011fal olu\u015fumlarla benzersiz bir g\u00f6r\u00fcn\u00fcm sunar. Sar\u0131 alt\u0131n\u0131n s\u0131cak tonlar\u0131yla \u00e7evrelenen ta\u015f, p\u0131rlanta detaylarla tamamlanarak zarif bir \u0131\u015f\u0131lt\u0131 kazan\u0131r.<\/p>\n<p data-start=\"357\" data-end=\"621\">Her bir ta\u015f\u0131n kendine \u00f6zg\u00fc damar yap\u0131s\u0131, bilekli\u011fe karakter ve farkl\u0131l\u0131k katarken ince zincir tasar\u0131m\u0131 sayesinde hafif ve konforlu bir kullan\u0131m sa\u011flar. G\u00fcnl\u00fck stiline do\u011fal ve \u015f\u0131k bir dokunu\u015f eklerken, \u00f6zel anlarda da dikkat \u00e7ekici bir aksesuar olarak \u00f6ne \u00e7\u0131kar.<\/p>\n<p data-start=\"623\" data-end=\"754\">Do\u011fal ta\u015flar\u0131n \u00f6zg\u00fcn g\u00fczelli\u011fini zarif detaylarla bulu\u015fturan bu tasar\u0131m, farkl\u0131 ve \u00f6zel par\u00e7alar arayanlar i\u00e7in ideal bir se\u00e7imdir.<\/p>","protected":false},"excerpt":{"rendered":"<ul>\n<li>18 Ayar Alt\u0131n<\/li>\n<li>0.26 ct P\u0131rlanta<\/li>\n<li>5.09 ct Rutil Quartz<\/li>\n<li>16.0-17.0-18.5 cm ayarlanabilir uzunluk<\/li>\n<\/ul>","protected":false},"featured_media":42132,"comment_status":"open","ping_status":"closed","template":"","meta":[],"product_brand":[2718],"product_cat":[73,269,260],"product_tag":[504,507,2227,2926,2230,794,365,510,3424,358,3425,3426,366,505],"class_list":{"0":"post-36429","1":"product","2":"type-product","3":"status-publish","4":"has-post-thumbnail","6":"product_brand-gasia-casuals","7":"product_cat-altin-pirlanta-bileklik","8":"product_cat-gem-world-degerli-tasli-mucevher","9":"product_cat-kadin","10":"product_tag-altin-bileklik","11":"product_tag-diamond-bracelet","12":"product_tag-dogal-tas-bileklik","13":"product_tag-elegant-jewelry","14":"product_tag-gemstone-bracelet","15":"product_tag-gold-bracelet","16":"product_tag-kadin-bileklik","17":"product_tag-luxury-bracelet","18":"product_tag-natural-stone-bracelet","19":"product_tag-pirlanta-bileklik","20":"product_tag-rutil-kuvars-bileklik","21":"product_tag-rutilated-quartz-bracelet","22":"product_tag-sik-bileklik","23":"product_tag-tasli-bileklik","24":"pa_cinsiyet-kadin","26":"first","27":"instock","28":"shipping-taxable","29":"purchasable","30":"product-type-simple"},"_links":{"self":[{"href":"https:\/\/www.gasia.com.tr\/en\/wp-json\/wp\/v2\/product\/36429","targetHints":{"allow":["GET"]}}],"collection":[{"href":"https:\/\/www.gasia.com.tr\/en\/wp-json\/wp\/v2\/product"}],"about":[{"href":"https:\/\/www.gasia.com.tr\/en\/wp-json\/wp\/v2\/types\/product"}],"replies":[{"embeddable":true,"href":"https:\/\/www.gasia.com.tr\/en\/wp-json\/wp\/v2\/comments?post=36429"}],"version-history":[{"count":4,"href":"https:\/\/www.gasia.com.tr\/en\/wp-json\/wp\/v2\/product\/36429\/revisions"}],"predecessor-version":[{"id":42134,"href":"https:\/\/www.gasia.com.tr\/en\/wp-json\/wp\/v2\/product\/36429\/revisions\/42134"}],"wp:featuredmedia":[{"embeddable":true,"href":"https:\/\/www.gasia.com.tr\/en\/wp-json\/wp\/v2\/media\/42132"}],"wp:attachment":[{"href":"https:\/\/www.gasia.com.tr\/en\/wp-json\/wp\/v2\/media?parent=36429"}],"wp:term":[{"taxonomy":"product_brand","embeddable":true,"href":"https:\/\/www.gasia.com.tr\/en\/wp-json\/wp\/v2\/product_brand?post=36429"},{"taxonomy":"product_cat","embeddable":true,"href":"https:\/\/www.gasia.com.tr\/en\/wp-json\/wp\/v2\/product_cat?post=36429"},{"taxonomy":"product_tag","embeddable":true,"href":"https:\/\/www.gasia.com.tr\/en\/wp-json\/wp\/v2\/product_tag?post=36429"}],"curies":[{"name":"wp","href":"https:\/\/api.w.org\/{rel}","templated":true}]}}