{"id":36440,"date":"2026-01-06T13:32:29","date_gmt":"2026-01-06T10:32:29","guid":{"rendered":"https:\/\/www.gasia.com.tr\/?post_type=product&#038;p=36440"},"modified":"2026-05-01T20:52:36","modified_gmt":"2026-05-01T17:52:36","slug":"rose-altin-turuncu-safir-bileklik","status":"publish","type":"product","link":"https:\/\/www.gasia.com.tr\/en\/collections\/rose-altin-turuncu-safir-bileklik\/","title":{"rendered":"Rose Alt\u0131n Turuncu Safir Bileklik"},"content":{"rendered":"<p>S\u0131cak tonlar\u0131n enerjisini zarif bir formda sunan bu rose alt\u0131n bileklik, \u00e7i\u00e7ek motifli tasar\u0131m\u0131yla g\u00f6z al\u0131c\u0131 bir \u015f\u0131kl\u0131k sunar. Merkezde yer alan turuncu safir ta\u015flar, \u0131\u015f\u0131lt\u0131l\u0131 p\u0131rlanta \u00e7er\u00e7eve ile \u00e7evrelenerek derinlik ve parlakl\u0131k kazan\u0131r. Minimal zincir yap\u0131s\u0131 sayesinde bilekte hafif ve zarif bir duru\u015f sergileyen bu \u00f6zel par\u00e7a, hem g\u00fcnl\u00fck kombinlere renk katar hem de \u00f6zel anlarda sofistike bir tamamlay\u0131c\u0131 olur.<\/p>","protected":false},"excerpt":{"rendered":"<ul>\n<li>18 Ayar Alt\u0131n<\/li>\n<li>0.15 ct P\u0131rlanta<\/li>\n<li>0.30 ct Citrine<\/li>\n<li>16 cm \/ 17.5 cm ayarlanabilir uzunluk<\/li>\n<\/ul>","protected":false},"featured_media":43156,"comment_status":"open","ping_status":"closed","template":"","meta":[],"product_brand":[2718],"product_cat":[73,260],"product_tag":[3898,2240,507,3899,2230,365,3897,358,2293,2252,2291,2219,828,3896,1803,1083],"class_list":{"0":"post-36440","1":"product","2":"type-product","3":"status-publish","4":"has-post-thumbnail","6":"product_brand-gasia-casuals","7":"product_cat-altin-pirlanta-bileklik","8":"product_cat-kadin","9":"product_tag-cicek-motifli-bileklik","10":"product_tag-delicate-bracelet","11":"product_tag-diamond-bracelet","12":"product_tag-floral-bracelet","13":"product_tag-gemstone-bracelet","14":"product_tag-kadin-bileklik","15":"product_tag-orange-sapphire-bracelet","16":"product_tag-pirlanta-bileklik","17":"product_tag-renkli-tasli-bileklik","18":"product_tag-rose-altin-bileklik","19":"product_tag-rose-gold-bracelet","20":"product_tag-safir-bileklik","21":"product_tag-sapphire-bracelet","22":"product_tag-turuncu-safir-bileklik","23":"product_tag-women-bracelet","24":"product_tag-zarif-bileklik","25":"pa_cinsiyet-kadin","27":"first","28":"instock","29":"sale","30":"shipping-taxable","31":"purchasable","32":"product-type-simple"},"_links":{"self":[{"href":"https:\/\/www.gasia.com.tr\/en\/wp-json\/wp\/v2\/product\/36440","targetHints":{"allow":["GET"]}}],"collection":[{"href":"https:\/\/www.gasia.com.tr\/en\/wp-json\/wp\/v2\/product"}],"about":[{"href":"https:\/\/www.gasia.com.tr\/en\/wp-json\/wp\/v2\/types\/product"}],"replies":[{"embeddable":true,"href":"https:\/\/www.gasia.com.tr\/en\/wp-json\/wp\/v2\/comments?post=36440"}],"version-history":[{"count":4,"href":"https:\/\/www.gasia.com.tr\/en\/wp-json\/wp\/v2\/product\/36440\/revisions"}],"predecessor-version":[{"id":43158,"href":"https:\/\/www.gasia.com.tr\/en\/wp-json\/wp\/v2\/product\/36440\/revisions\/43158"}],"wp:featuredmedia":[{"embeddable":true,"href":"https:\/\/www.gasia.com.tr\/en\/wp-json\/wp\/v2\/media\/43156"}],"wp:attachment":[{"href":"https:\/\/www.gasia.com.tr\/en\/wp-json\/wp\/v2\/media?parent=36440"}],"wp:term":[{"taxonomy":"product_brand","embeddable":true,"href":"https:\/\/www.gasia.com.tr\/en\/wp-json\/wp\/v2\/product_brand?post=36440"},{"taxonomy":"product_cat","embeddable":true,"href":"https:\/\/www.gasia.com.tr\/en\/wp-json\/wp\/v2\/product_cat?post=36440"},{"taxonomy":"product_tag","embeddable":true,"href":"https:\/\/www.gasia.com.tr\/en\/wp-json\/wp\/v2\/product_tag?post=36440"}],"curies":[{"name":"wp","href":"https:\/\/api.w.org\/{rel}","templated":true}]}}