{"id":36444,"date":"2026-01-06T14:15:20","date_gmt":"2026-01-06T11:15:20","guid":{"rendered":"https:\/\/www.gasia.com.tr\/?post_type=product&#038;p=36444"},"modified":"2026-05-01T20:46:01","modified_gmt":"2026-05-01T17:46:01","slug":"rose-altin-beyaz-safir-bileklik-minimal-tasli-zarif-zincir-bileklik","status":"publish","type":"product","link":"https:\/\/www.gasia.com.tr\/en\/collections\/rose-altin-beyaz-safir-bileklik-minimal-tasli-zarif-zincir-bileklik\/","title":{"rendered":"Rose Alt\u0131n Beyaz Safir Bileklik \u2013 Minimal Ta\u015fl\u0131 Zarif Zincir Bileklik"},"content":{"rendered":"<p>Sadelikten gelen zarafeti yans\u0131tan bu rose alt\u0131n bileklik, modern ve zamans\u0131z bir tasar\u0131ma sahiptir. Zincir boyunca dengeli aral\u0131klarla yerle\u015ftirilen oval kesim beyaz safir ta\u015flar, \u0131\u015f\u0131\u011f\u0131 zarif bir \u015fekilde yans\u0131tarak bilekte ince bir \u0131\u015f\u0131lt\u0131 olu\u015fturur. Hafif ve minimal yap\u0131s\u0131 sayesinde g\u00fcnl\u00fck kullan\u0131m i\u00e7in ideal olan bu par\u00e7a, tek ba\u015f\u0131na \u015f\u0131k bir dokunu\u015f sunarken di\u011fer bilekliklerle kombinlenerek de kullan\u0131labilir.<\/p>","protected":false},"excerpt":{"rendered":"<ul>\n<li>18 Ayar Alt\u0131n<\/li>\n<li>1.34 ct Beyaz Safir<\/li>\n<li>16.5 cm \/ 18.0 cm ayarlanabilir uzunluk<\/li>\n<\/ul>","protected":false},"featured_media":43152,"comment_status":"open","ping_status":"closed","template":"","meta":[],"product_brand":[2718],"product_cat":[73,260],"product_tag":[3892,2819,2240,3895,2215,365,361,426,2252,2291,2219,828,3894,3893,1803,1083],"class_list":{"0":"post-36444","1":"product","2":"type-product","3":"status-publish","4":"has-post-thumbnail","6":"product_brand-gasia-casuals","7":"product_cat-altin-pirlanta-bileklik","8":"product_cat-kadin","9":"product_tag-beyaz-safir-bileklik","10":"product_tag-dainty-bracelet","11":"product_tag-delicate-bracelet","12":"product_tag-gemstone-chain-bracelet","13":"product_tag-ince-bileklik","14":"product_tag-kadin-bileklik","15":"product_tag-minimal-bileklik","16":"product_tag-minimalist-bracelet","17":"product_tag-rose-altin-bileklik","18":"product_tag-rose-gold-bracelet","19":"product_tag-safir-bileklik","20":"product_tag-sapphire-bracelet","21":"product_tag-tasli-zincir-bileklik","22":"product_tag-white-sapphire-bracelet","23":"product_tag-women-bracelet","24":"product_tag-zarif-bileklik","25":"pa_cinsiyet-kadin","27":"first","28":"instock","29":"shipping-taxable","30":"purchasable","31":"product-type-simple"},"_links":{"self":[{"href":"https:\/\/www.gasia.com.tr\/en\/wp-json\/wp\/v2\/product\/36444","targetHints":{"allow":["GET"]}}],"collection":[{"href":"https:\/\/www.gasia.com.tr\/en\/wp-json\/wp\/v2\/product"}],"about":[{"href":"https:\/\/www.gasia.com.tr\/en\/wp-json\/wp\/v2\/types\/product"}],"replies":[{"embeddable":true,"href":"https:\/\/www.gasia.com.tr\/en\/wp-json\/wp\/v2\/comments?post=36444"}],"version-history":[{"count":3,"href":"https:\/\/www.gasia.com.tr\/en\/wp-json\/wp\/v2\/product\/36444\/revisions"}],"predecessor-version":[{"id":43154,"href":"https:\/\/www.gasia.com.tr\/en\/wp-json\/wp\/v2\/product\/36444\/revisions\/43154"}],"wp:featuredmedia":[{"embeddable":true,"href":"https:\/\/www.gasia.com.tr\/en\/wp-json\/wp\/v2\/media\/43152"}],"wp:attachment":[{"href":"https:\/\/www.gasia.com.tr\/en\/wp-json\/wp\/v2\/media?parent=36444"}],"wp:term":[{"taxonomy":"product_brand","embeddable":true,"href":"https:\/\/www.gasia.com.tr\/en\/wp-json\/wp\/v2\/product_brand?post=36444"},{"taxonomy":"product_cat","embeddable":true,"href":"https:\/\/www.gasia.com.tr\/en\/wp-json\/wp\/v2\/product_cat?post=36444"},{"taxonomy":"product_tag","embeddable":true,"href":"https:\/\/www.gasia.com.tr\/en\/wp-json\/wp\/v2\/product_tag?post=36444"}],"curies":[{"name":"wp","href":"https:\/\/api.w.org\/{rel}","templated":true}]}}