{"id":36516,"date":"2026-01-07T16:29:36","date_gmt":"2026-01-07T13:29:36","guid":{"rendered":"https:\/\/www.gasia.com.tr\/?post_type=product&#038;p=36516"},"modified":"2026-05-01T20:42:24","modified_gmt":"2026-05-01T17:42:24","slug":"oval-kesim-opal-ve-pirlanta-cerceveli-bileklik","status":"publish","type":"product","link":"https:\/\/www.gasia.com.tr\/en\/collections\/oval-kesim-opal-ve-pirlanta-cerceveli-bileklik\/","title":{"rendered":"Oval Kesim Opal ve P\u0131rlanta \u00c7er\u00e7eveli Bileklik"},"content":{"rendered":"<p>Do\u011fan\u0131n b\u00fcy\u00fcleyici renk oyununu zarif bir tasar\u0131mla bulu\u015fturan bu alt\u0131n opal bileklik, \u0131\u015f\u0131\u011fa g\u00f6re de\u011fi\u015fen mavi ve ye\u015fil tonlar\u0131yla dikkat \u00e7eker. Oval kesim opal ta\u015f, etraf\u0131n\u0131 saran ince p\u0131rlanta \u00e7er\u00e7eve ile vurgulanarak daha da \u0131\u015f\u0131lt\u0131l\u0131 bir g\u00f6r\u00fcn\u00fcm kazan\u0131r. Minimal zincir yap\u0131s\u0131 sayesinde bilekte hafif ve zarif bir duru\u015f sunan bu \u00f6zel par\u00e7a, hem g\u00fcnl\u00fck kullan\u0131mda hem de \u00f6zel anlarda stilinize sofistike bir dokunu\u015f katar.<\/p>","protected":false},"excerpt":{"rendered":"<ul>\n<li>0.16 ct P\u0131rlanta<\/li>\n<li>0.89 ct Opal<\/li>\n<li>16.0 cm \/ 17.5 cm ayarlanabilir uzunlu<\/li>\n<\/ul>","protected":false},"featured_media":43150,"comment_status":"open","ping_status":"closed","template":"","meta":[],"product_brand":[2718,2719],"product_cat":[73,269,260],"product_tag":[504,3891,2819,2240,507,794,2215,365,3890,2287,2290,3889,3888,358,1803,1083],"class_list":{"0":"post-36516","1":"product","2":"type-product","3":"status-publish","4":"has-post-thumbnail","6":"product_brand-gasia-casuals","7":"product_brand-gasia-protect","8":"product_cat-altin-pirlanta-bileklik","9":"product_cat-gem-world-degerli-tasli-mucevher","10":"product_cat-kadin","11":"product_tag-altin-bileklik","12":"product_tag-blue-opal-bracelet","13":"product_tag-dainty-bracelet","14":"product_tag-delicate-bracelet","15":"product_tag-diamond-bracelet","16":"product_tag-gold-bracelet","17":"product_tag-ince-bileklik","18":"product_tag-kadin-bileklik","19":"product_tag-mavi-opal-bileklik","20":"product_tag-opal-bileklik","21":"product_tag-opal-bracelet","22":"product_tag-oval-gemstone-bracelet","23":"product_tag-oval-tasli-bileklik","24":"product_tag-pirlanta-bileklik","25":"product_tag-women-bracelet","26":"product_tag-zarif-bileklik","27":"pa_cinsiyet-kadin","29":"first","30":"instock","31":"sale","32":"shipping-taxable","33":"purchasable","34":"product-type-simple"},"_links":{"self":[{"href":"https:\/\/www.gasia.com.tr\/en\/wp-json\/wp\/v2\/product\/36516","targetHints":{"allow":["GET"]}}],"collection":[{"href":"https:\/\/www.gasia.com.tr\/en\/wp-json\/wp\/v2\/product"}],"about":[{"href":"https:\/\/www.gasia.com.tr\/en\/wp-json\/wp\/v2\/types\/product"}],"replies":[{"embeddable":true,"href":"https:\/\/www.gasia.com.tr\/en\/wp-json\/wp\/v2\/comments?post=36516"}],"version-history":[{"count":3,"href":"https:\/\/www.gasia.com.tr\/en\/wp-json\/wp\/v2\/product\/36516\/revisions"}],"predecessor-version":[{"id":43151,"href":"https:\/\/www.gasia.com.tr\/en\/wp-json\/wp\/v2\/product\/36516\/revisions\/43151"}],"wp:featuredmedia":[{"embeddable":true,"href":"https:\/\/www.gasia.com.tr\/en\/wp-json\/wp\/v2\/media\/43150"}],"wp:attachment":[{"href":"https:\/\/www.gasia.com.tr\/en\/wp-json\/wp\/v2\/media?parent=36516"}],"wp:term":[{"taxonomy":"product_brand","embeddable":true,"href":"https:\/\/www.gasia.com.tr\/en\/wp-json\/wp\/v2\/product_brand?post=36516"},{"taxonomy":"product_cat","embeddable":true,"href":"https:\/\/www.gasia.com.tr\/en\/wp-json\/wp\/v2\/product_cat?post=36516"},{"taxonomy":"product_tag","embeddable":true,"href":"https:\/\/www.gasia.com.tr\/en\/wp-json\/wp\/v2\/product_tag?post=36516"}],"curies":[{"name":"wp","href":"https:\/\/api.w.org\/{rel}","templated":true}]}}