{"id":36544,"date":"2026-01-07T16:57:39","date_gmt":"2026-01-07T13:57:39","guid":{"rendered":"https:\/\/www.gasia.com.tr\/?post_type=product&#038;p=36544"},"modified":"2026-04-14T21:11:26","modified_gmt":"2026-04-14T18:11:26","slug":"milky-akuamarin-ve-pirlanta-tasli-rose-altin-bileklik","status":"publish","type":"product","link":"https:\/\/www.gasia.com.tr\/en\/collections\/milky-akuamarin-ve-pirlanta-tasli-rose-altin-bileklik\/","title":{"rendered":"Milky Akuamarin ve P\u0131rlanta Ta\u015fl\u0131 Rose Alt\u0131n Bileklik"},"content":{"rendered":"<p data-start=\"109\" data-end=\"376\">Yumu\u015fak ve opak g\u00f6r\u00fcn\u00fcm\u00fcyle \u00f6ne \u00e7\u0131kan milky akuamarin ta\u015f\u0131, rose alt\u0131n\u0131n s\u0131cak tonlar\u0131yla bulu\u015farak zarif ve dikkat \u00e7ekici bir tasar\u0131m sunar. Damla formundaki ta\u015f, etraf\u0131n\u0131 saran p\u0131rlanta detaylarla birlikte \u0131\u015f\u0131\u011f\u0131 nazik\u00e7e yans\u0131tarak etkileyici bir \u0131\u015f\u0131lt\u0131 olu\u015fturur.<\/p>\n<p data-start=\"378\" data-end=\"592\">P\u0131rlantalar\u0131n ince dizilimi, tasar\u0131ma zarif bir parlakl\u0131k katarken merkezdeki akuamarin ta\u015f bilekli\u011fe sakin ve sofistike bir karakter kazand\u0131r\u0131r. \u0130nce zincir yap\u0131s\u0131 sayesinde hafif ve konforlu bir kullan\u0131m sunar.<\/p>\n<p data-start=\"594\" data-end=\"726\">Hem g\u00fcnl\u00fck stiline zarif bir dokunu\u015f katmak hem de \u00f6zel anlarda \u015f\u0131k bir tamamlay\u0131c\u0131 tercih etmek isteyenler i\u00e7in ideal bir par\u00e7ad\u0131r.<\/p>","protected":false},"excerpt":{"rendered":"<ul>\n<li>18 Ayar Alt\u0131n<\/li>\n<li>0.20 ct P\u0131rlanta<\/li>\n<li>0.93 ct Aquamarine<\/li>\n<li>16.5 cm \/ 18.0 cm uzunluk<\/li>\n<\/ul>","protected":false},"featured_media":42171,"comment_status":"open","ping_status":"closed","template":"","meta":[],"product_brand":[2718],"product_cat":[73,269,260],"product_tag":[3427,3429,507,2926,2230,365,510,3428,3430,358,2252,2291,366,505],"class_list":{"0":"post-36544","1":"product","2":"type-product","3":"status-publish","4":"has-post-thumbnail","6":"product_brand-gasia-casuals","7":"product_cat-altin-pirlanta-bileklik","8":"product_cat-gem-world-degerli-tasli-mucevher","9":"product_cat-kadin","10":"product_tag-akuamarin-bileklik","11":"product_tag-aquamarine-bracelet","12":"product_tag-diamond-bracelet","13":"product_tag-elegant-jewelry","14":"product_tag-gemstone-bracelet","15":"product_tag-kadin-bileklik","16":"product_tag-luxury-bracelet","17":"product_tag-milky-akuamarin","18":"product_tag-milky-aquamarine","19":"product_tag-pirlanta-bileklik","20":"product_tag-rose-altin-bileklik","21":"product_tag-rose-gold-bracelet","22":"product_tag-sik-bileklik","23":"product_tag-tasli-bileklik","24":"pa_cinsiyet-kadin","26":"first","27":"instock","28":"sale","29":"shipping-taxable","30":"purchasable","31":"product-type-simple"},"_links":{"self":[{"href":"https:\/\/www.gasia.com.tr\/en\/wp-json\/wp\/v2\/product\/36544","targetHints":{"allow":["GET"]}}],"collection":[{"href":"https:\/\/www.gasia.com.tr\/en\/wp-json\/wp\/v2\/product"}],"about":[{"href":"https:\/\/www.gasia.com.tr\/en\/wp-json\/wp\/v2\/types\/product"}],"replies":[{"embeddable":true,"href":"https:\/\/www.gasia.com.tr\/en\/wp-json\/wp\/v2\/comments?post=36544"}],"version-history":[{"count":4,"href":"https:\/\/www.gasia.com.tr\/en\/wp-json\/wp\/v2\/product\/36544\/revisions"}],"predecessor-version":[{"id":42210,"href":"https:\/\/www.gasia.com.tr\/en\/wp-json\/wp\/v2\/product\/36544\/revisions\/42210"}],"wp:featuredmedia":[{"embeddable":true,"href":"https:\/\/www.gasia.com.tr\/en\/wp-json\/wp\/v2\/media\/42171"}],"wp:attachment":[{"href":"https:\/\/www.gasia.com.tr\/en\/wp-json\/wp\/v2\/media?parent=36544"}],"wp:term":[{"taxonomy":"product_brand","embeddable":true,"href":"https:\/\/www.gasia.com.tr\/en\/wp-json\/wp\/v2\/product_brand?post=36544"},{"taxonomy":"product_cat","embeddable":true,"href":"https:\/\/www.gasia.com.tr\/en\/wp-json\/wp\/v2\/product_cat?post=36544"},{"taxonomy":"product_tag","embeddable":true,"href":"https:\/\/www.gasia.com.tr\/en\/wp-json\/wp\/v2\/product_tag?post=36544"}],"curies":[{"name":"wp","href":"https:\/\/api.w.org\/{rel}","templated":true}]}}