{"id":36553,"date":"2026-01-07T17:14:38","date_gmt":"2026-01-07T14:14:38","guid":{"rendered":"https:\/\/www.gasia.com.tr\/?post_type=product&#038;p=36553"},"modified":"2026-04-15T16:56:06","modified_gmt":"2026-04-15T13:56:06","slug":"milky-akuamarin-tasli-pirlanta-cerceveli-altin-bileklik","status":"publish","type":"product","link":"https:\/\/www.gasia.com.tr\/en\/collections\/milky-akuamarin-tasli-pirlanta-cerceveli-altin-bileklik\/","title":{"rendered":"Milky Akuamarin Ta\u015fl\u0131 P\u0131rlanta \u00c7er\u00e7eveli Alt\u0131n Bileklik"},"content":{"rendered":"<p data-start=\"111\" data-end=\"352\">Yumu\u015fak ve zarif tonlar\u0131yla \u00f6ne \u00e7\u0131kan bu bileklik, merkezindeki milky akuamarin ta\u015f ile dingin ve sofistike bir g\u00f6r\u00fcn\u00fcm sunar. Opak ve ipeksi dokusuyla dikkat \u00e7eken akuamarin, \u0131\u015f\u0131\u011f\u0131 nazik\u00e7e yans\u0131tarak bilekte sade bir \u0131\u015f\u0131lt\u0131 olu\u015fturur.<\/p>\n<p data-start=\"354\" data-end=\"617\">Ta\u015f\u0131 \u00e7evreleyen ince p\u0131rlanta \u00e7er\u00e7eve, tasar\u0131ma zarif bir parlakl\u0131k katarken rose gold tonundaki alt\u0131n ile m\u00fckemmel bir uyum sa\u011flar. Klasik ve modern \u00e7izgilerin dengelendi\u011fi bu \u00f6zel par\u00e7a, hem g\u00fcnl\u00fck kullan\u0131m hem de \u00f6zel anlar i\u00e7in ideal bir tamamlay\u0131c\u0131d\u0131r.<\/p>\n<p data-start=\"619\" data-end=\"715\">Minimal \u015f\u0131kl\u0131\u011f\u0131 ve zamans\u0131z tasar\u0131m\u0131yla her stilin vazge\u00e7ilmez par\u00e7alar\u0131ndan biri olmaya aday.<\/p>\n<ul>\n<li data-start=\"619\" data-end=\"715\">Aquamarine-G\u00f6kz\u00fcmr\u00fctS\u00fcmerler ve M\u0131s\u0131rl\u0131lar i\u00e7in gen\u00e7li\u011fin enerjisi ve mutlulu\u011fun simgesiydi.Romal\u0131lar dostlu\u011fu ve a\u015fk\u0131 peki\u015ftirdi\u011fine inand\u0131l\u0131ar. Orta \u00e7a\u011f\u0131n gemici ve sava\u015fc\u0131lar\u0131 ondan cesaret ald\u0131 ve \u00f6l\u00fcm korkusunu unuttu.G\u00f6kz\u00fcmr\u00fct herkesin bildi\u011fi Z\u00fcmr\u00fct\u00fcn yak\u0131n akrabas\u0131d\u0131r.Her ikisi de Beryl mineralidir.Sadece G\u00f6kz\u00fcmr\u00fctte Demir,Aquamarinede Krom bulunur. Cesaretiniz k\u0131r\u0131ld\u0131\u011f\u0131nda ta\u015f\u0131n g\u00fcven tazeledi\u011fine inan\u0131l\u0131yor ve negatif enerjiden koruyor.<\/li>\n<\/ul>","protected":false},"excerpt":{"rendered":"<ul>\n<li>18 Ayar Alt\u0131n<\/li>\n<li>0.20 ct P\u0131rlanta<\/li>\n<li>0.93 ct Aquamarine<\/li>\n<li>16.5 cm \/ 18.0 cm uzunluk<\/li>\n<\/ul>","protected":false},"featured_media":42246,"comment_status":"open","ping_status":"closed","template":"","meta":[],"product_brand":[2718],"product_cat":[73,269,247,260],"product_tag":[3449,3435,3429,2701,3453,794,3448,3452,426,3450,3451,1083],"class_list":{"0":"post-36553","1":"product","2":"type-product","3":"status-publish","4":"has-post-thumbnail","6":"product_brand-gasia-casuals","7":"product_cat-altin-pirlanta-bileklik","8":"product_cat-gem-world-degerli-tasli-mucevher","9":"product_cat-hediyelik","10":"product_cat-kadin","11":"product_tag-akuamarin-tasli-bileklik","12":"product_tag-altin-bileklik-kadin","13":"product_tag-aquamarine-bracelet","14":"product_tag-dainty-jewelry","15":"product_tag-diamond-halo-bracelet","16":"product_tag-gold-bracelet","17":"product_tag-milky-akuamarin-bileklik","18":"product_tag-milky-aquamarine-jewelry","19":"product_tag-minimalist-bracelet","20":"product_tag-pirlanta-cerceveli-bileklik","21":"product_tag-rose-gold-bileklik","22":"product_tag-zarif-bileklik","23":"pa_cinsiyet-kadin","25":"first","26":"instock","27":"sale","28":"shipping-taxable","29":"purchasable","30":"product-type-simple"},"_links":{"self":[{"href":"https:\/\/www.gasia.com.tr\/en\/wp-json\/wp\/v2\/product\/36553","targetHints":{"allow":["GET"]}}],"collection":[{"href":"https:\/\/www.gasia.com.tr\/en\/wp-json\/wp\/v2\/product"}],"about":[{"href":"https:\/\/www.gasia.com.tr\/en\/wp-json\/wp\/v2\/types\/product"}],"replies":[{"embeddable":true,"href":"https:\/\/www.gasia.com.tr\/en\/wp-json\/wp\/v2\/comments?post=36553"}],"version-history":[{"count":6,"href":"https:\/\/www.gasia.com.tr\/en\/wp-json\/wp\/v2\/product\/36553\/revisions"}],"predecessor-version":[{"id":42250,"href":"https:\/\/www.gasia.com.tr\/en\/wp-json\/wp\/v2\/product\/36553\/revisions\/42250"}],"wp:featuredmedia":[{"embeddable":true,"href":"https:\/\/www.gasia.com.tr\/en\/wp-json\/wp\/v2\/media\/42246"}],"wp:attachment":[{"href":"https:\/\/www.gasia.com.tr\/en\/wp-json\/wp\/v2\/media?parent=36553"}],"wp:term":[{"taxonomy":"product_brand","embeddable":true,"href":"https:\/\/www.gasia.com.tr\/en\/wp-json\/wp\/v2\/product_brand?post=36553"},{"taxonomy":"product_cat","embeddable":true,"href":"https:\/\/www.gasia.com.tr\/en\/wp-json\/wp\/v2\/product_cat?post=36553"},{"taxonomy":"product_tag","embeddable":true,"href":"https:\/\/www.gasia.com.tr\/en\/wp-json\/wp\/v2\/product_tag?post=36553"}],"curies":[{"name":"wp","href":"https:\/\/api.w.org\/{rel}","templated":true}]}}