{"id":36558,"date":"2026-02-08T00:00:00","date_gmt":"2026-02-07T21:00:00","guid":{"rendered":"https:\/\/www.gasia.com.tr\/?post_type=product&#038;p=36558"},"modified":"2026-04-15T12:57:54","modified_gmt":"2026-04-15T09:57:54","slug":"sedef-uzeri-pirlantali-allah-yazili-altin-bileklik","status":"publish","type":"product","link":"https:\/\/www.gasia.com.tr\/en\/collections\/sedef-uzeri-pirlantali-allah-yazili-altin-bileklik\/","title":{"rendered":"Sedef \u00dczeri P\u0131rlantal\u0131 Allah Yaz\u0131l\u0131 Alt\u0131n Bileklik"},"content":{"rendered":"<p data-start=\"106\" data-end=\"374\">Zarafet ve anlam\u0131 bir araya getiren bu \u00f6zel tasar\u0131m bileklik, do\u011fal sedef y\u00fczey \u00fczerine i\u015flenmi\u015f p\u0131rlantal\u0131 Allah yaz\u0131s\u0131 ile dikkat \u00e7eker. Sedefin kendine \u00f6zg\u00fc \u0131\u015f\u0131lt\u0131l\u0131 dokusu, \u0131\u015f\u0131\u011fa g\u00f6re de\u011fi\u015fen yumu\u015fak tonlar\u0131yla bilekli\u011fe sofistike bir g\u00f6r\u00fcn\u00fcm kazand\u0131r\u0131r.<\/p>\n<p data-start=\"376\" data-end=\"621\">Ortadaki rose ton alt\u0131n detayl\u0131 Allah yaz\u0131s\u0131, p\u0131rlanta ta\u015flarla s\u00fcslenerek zarif bir par\u0131lt\u0131 sunar. \u0130nce alt\u0131n zinciri sayesinde hafif ve konforlu bir kullan\u0131m sa\u011flarken, manevi anlam ta\u015f\u0131yan tasar\u0131m\u0131yla g\u00fcnl\u00fck kullan\u0131mda \u00f6zel bir de\u011fer katar.<\/p>\n<p data-start=\"623\" data-end=\"735\">Hem \u015f\u0131k hem de anlaml\u0131 bir hediye alternatifi olan bu bileklik, sade l\u00fcks\u00fc ve ruhsal zarafeti bir arada sunar.<\/p>","protected":false},"excerpt":{"rendered":"<ul>\n<li>18 ayar Alt\u0131n<\/li>\n<li>0.07 ct P\u0131rlanta<\/li>\n<li>29 mm \/ 23 mm Sedef \u00d6l\u00e7\u00fc<\/li>\n<li>16.0 cmm \/ 17.5 cm uzunluk<\/li>\n<\/ul>","protected":false},"featured_media":42223,"comment_status":"open","ping_status":"closed","template":"","meta":[],"product_brand":[],"product_cat":[73,260],"product_tag":[],"class_list":{"0":"post-36558","1":"product","2":"type-product","3":"status-publish","4":"has-post-thumbnail","6":"product_cat-altin-pirlanta-bileklik","7":"product_cat-kadin","8":"pa_cinsiyet-kadin","10":"first","11":"instock","12":"sale","13":"shipping-taxable","14":"purchasable","15":"product-type-simple"},"_links":{"self":[{"href":"https:\/\/www.gasia.com.tr\/en\/wp-json\/wp\/v2\/product\/36558","targetHints":{"allow":["GET"]}}],"collection":[{"href":"https:\/\/www.gasia.com.tr\/en\/wp-json\/wp\/v2\/product"}],"about":[{"href":"https:\/\/www.gasia.com.tr\/en\/wp-json\/wp\/v2\/types\/product"}],"replies":[{"embeddable":true,"href":"https:\/\/www.gasia.com.tr\/en\/wp-json\/wp\/v2\/comments?post=36558"}],"version-history":[{"count":6,"href":"https:\/\/www.gasia.com.tr\/en\/wp-json\/wp\/v2\/product\/36558\/revisions"}],"predecessor-version":[{"id":42226,"href":"https:\/\/www.gasia.com.tr\/en\/wp-json\/wp\/v2\/product\/36558\/revisions\/42226"}],"wp:featuredmedia":[{"embeddable":true,"href":"https:\/\/www.gasia.com.tr\/en\/wp-json\/wp\/v2\/media\/42223"}],"wp:attachment":[{"href":"https:\/\/www.gasia.com.tr\/en\/wp-json\/wp\/v2\/media?parent=36558"}],"wp:term":[{"taxonomy":"product_brand","embeddable":true,"href":"https:\/\/www.gasia.com.tr\/en\/wp-json\/wp\/v2\/product_brand?post=36558"},{"taxonomy":"product_cat","embeddable":true,"href":"https:\/\/www.gasia.com.tr\/en\/wp-json\/wp\/v2\/product_cat?post=36558"},{"taxonomy":"product_tag","embeddable":true,"href":"https:\/\/www.gasia.com.tr\/en\/wp-json\/wp\/v2\/product_tag?post=36558"}],"curies":[{"name":"wp","href":"https:\/\/api.w.org\/{rel}","templated":true}]}}