{"id":36580,"date":"2026-01-11T00:00:00","date_gmt":"2026-01-10T21:00:00","guid":{"rendered":"https:\/\/www.gasia.com.tr\/?post_type=product&#038;p=36580"},"modified":"2026-04-11T18:47:40","modified_gmt":"2026-04-11T15:47:40","slug":"pirlanta-detayli-nazar-boncugu-tasarim-altin-bileklik","status":"publish","type":"product","link":"https:\/\/www.gasia.com.tr\/en\/collections\/pirlanta-detayli-nazar-boncugu-tasarim-altin-bileklik\/","title":{"rendered":"P\u0131rlanta Detayl\u0131 Nazar Boncu\u011fu Tasar\u0131m Alt\u0131n Bileklik"},"content":{"rendered":"<p data-start=\"177\" data-end=\"308\">Geleneksel nazar sembol\u00fcn\u00fcn modern ve zarif bir yorumu olan bu \u00f6zel tasar\u0131m bileklik, g\u00fc\u00e7l\u00fc anlam\u0131 estetik detaylarla bulu\u015fturur.<\/p>\n<p data-start=\"310\" data-end=\"555\">Merkezde yer alan nazar motifi, katmanl\u0131 ve geometrik formuyla derinlik kazan\u0131rken; etraf\u0131n\u0131 \u00e7evreleyen p\u0131rlanta detaylar tasar\u0131ma \u0131\u015f\u0131lt\u0131l\u0131 ve sofistike bir dokunu\u015f katar. \u0130nce zincir yap\u0131s\u0131 ise bilekte hafif ve zarif bir duru\u015f sa\u011flar.<\/p>\n<p data-start=\"557\" data-end=\"735\">Hem g\u00fcnl\u00fck kullan\u0131m hem de \u00f6zel kombinler i\u00e7in ideal olan bu par\u00e7a, koruyucu sembolizmi modern m\u00fccevher tasar\u0131m\u0131yla bir araya getirir. Minimal ama dikkat \u00e7ekici bir stil sunar.<\/p>","protected":false},"excerpt":{"rendered":"<ul>\n<li>18 Ayar Alt\u0131n<\/li>\n<li>0.46 ct P\u0131rlanta<\/li>\n<li>17.0 \/ 18.0 cm Ayarlanabilir\u00a0 Uzunluk<\/li>\n<\/ul>","protected":false},"featured_media":41884,"comment_status":"open","ping_status":"closed","template":"","meta":[],"product_brand":[2718,2719],"product_cat":[73,198],"product_tag":[504,2819,3299,507,417,794,361,407,3300,358,364],"class_list":{"0":"post-36580","1":"product","2":"type-product","3":"status-publish","4":"has-post-thumbnail","6":"product_brand-gasia-casuals","7":"product_brand-gasia-protect","8":"product_cat-altin-pirlanta-bileklik","9":"product_cat-eye-collection","10":"product_tag-altin-bileklik","11":"product_tag-dainty-bracelet","12":"product_tag-designer-jewelry","13":"product_tag-diamond-bracelet","14":"product_tag-evil-eye-bracelet","15":"product_tag-gold-bracelet","16":"product_tag-minimal-bileklik","17":"product_tag-nazar-bileklik","18":"product_tag-nazar-boncugu","19":"product_tag-pirlanta-bileklik","20":"product_tag-tasarim-bileklik","21":"pa_cinsiyet-kadin","23":"first","24":"instock","25":"sale","26":"shipping-taxable","27":"purchasable","28":"product-type-simple"},"_links":{"self":[{"href":"https:\/\/www.gasia.com.tr\/en\/wp-json\/wp\/v2\/product\/36580","targetHints":{"allow":["GET"]}}],"collection":[{"href":"https:\/\/www.gasia.com.tr\/en\/wp-json\/wp\/v2\/product"}],"about":[{"href":"https:\/\/www.gasia.com.tr\/en\/wp-json\/wp\/v2\/types\/product"}],"replies":[{"embeddable":true,"href":"https:\/\/www.gasia.com.tr\/en\/wp-json\/wp\/v2\/comments?post=36580"}],"version-history":[{"count":3,"href":"https:\/\/www.gasia.com.tr\/en\/wp-json\/wp\/v2\/product\/36580\/revisions"}],"predecessor-version":[{"id":41885,"href":"https:\/\/www.gasia.com.tr\/en\/wp-json\/wp\/v2\/product\/36580\/revisions\/41885"}],"wp:featuredmedia":[{"embeddable":true,"href":"https:\/\/www.gasia.com.tr\/en\/wp-json\/wp\/v2\/media\/41884"}],"wp:attachment":[{"href":"https:\/\/www.gasia.com.tr\/en\/wp-json\/wp\/v2\/media?parent=36580"}],"wp:term":[{"taxonomy":"product_brand","embeddable":true,"href":"https:\/\/www.gasia.com.tr\/en\/wp-json\/wp\/v2\/product_brand?post=36580"},{"taxonomy":"product_cat","embeddable":true,"href":"https:\/\/www.gasia.com.tr\/en\/wp-json\/wp\/v2\/product_cat?post=36580"},{"taxonomy":"product_tag","embeddable":true,"href":"https:\/\/www.gasia.com.tr\/en\/wp-json\/wp\/v2\/product_tag?post=36580"}],"curies":[{"name":"wp","href":"https:\/\/api.w.org\/{rel}","templated":true}]}}