{"id":36629,"date":"2026-02-27T00:00:00","date_gmt":"2026-02-26T21:00:00","guid":{"rendered":"https:\/\/www.gasia.com.tr\/?post_type=product&#038;p=36629"},"modified":"2026-04-20T22:38:51","modified_gmt":"2026-04-20T19:38:51","slug":"aventurin-tasli-pirlanta-detayli-altin-kolye","status":"publish","type":"product","link":"https:\/\/www.gasia.com.tr\/en\/collections\/aventurin-tasli-pirlanta-detayli-altin-kolye\/","title":{"rendered":"Aventurin ta\u015fl\u0131 p\u0131rlanta detayl\u0131 alt\u0131n kolye"},"content":{"rendered":"<p data-start=\"60\" data-end=\"327\">Do\u011fan\u0131n enerjisini yans\u0131tan bu zarif kolye, \u00fcst \u00fcste konumland\u0131r\u0131lm\u0131\u015f aventurin ta\u015flar\u0131 ile g\u00fc\u00e7l\u00fc ve \u00f6zg\u00fcn bir stil sunar. Ye\u015filin canl\u0131 tonlar\u0131yla dikkat \u00e7eken aventurin, do\u011fal dokusu ve \u0131\u015f\u0131lt\u0131s\u0131yla her a\u00e7\u0131dan farkl\u0131 bir derinlik kazand\u0131r\u0131r.<\/p>\n<p data-start=\"329\" data-end=\"585\">Ta\u015flar\u0131n aras\u0131na yerle\u015ftirilen minimal p\u0131rlanta detaylar, tasar\u0131ma ince bir parlakl\u0131k eklerken alt\u0131n zincir ile s\u0131cak ve dengeli bir g\u00f6r\u00fcn\u00fcm olu\u015fturur. Modern ve ak\u0131\u015fkan formu sayesinde hem g\u00fcnl\u00fck kombinlere hem de \u00f6zel davetlere kolayca uyum sa\u011flar.<\/p>\n<p data-start=\"587\" data-end=\"682\">Do\u011fal ta\u015flar\u0131n enerjisini zarif bir tasar\u0131mda ta\u015f\u0131mak isteyenler i\u00e7in g\u00fc\u00e7l\u00fc ve \u015f\u0131k bir se\u00e7im.<\/p>","protected":false},"excerpt":{"rendered":"<ul>\n<li>14 Ayar Alt\u0131n<\/li>\n<li>0.21 ct P\u0131rlanta<\/li>\n<li>1743 ct Aventurine<\/li>\n<\/ul>","protected":false},"featured_media":42257,"comment_status":"open","ping_status":"closed","template":"","meta":[],"product_brand":[2718],"product_cat":[269,75],"product_tag":[1088,3456,3457,3455,1623,322,2829,1826,472,474,489,1763],"class_list":{"0":"post-36629","1":"product","2":"type-product","3":"status-publish","4":"has-post-thumbnail","6":"product_brand-gasia-casuals","7":"product_cat-gem-world-degerli-tasli-mucevher","8":"product_cat-kolye","9":"product_tag-altin-kolye-kadin","10":"product_tag-aventurin-kolye","11":"product_tag-aventurine-necklace","12":"product_tag-diamond-accent-necklace","13":"product_tag-dogal-tas-kolye","14":"product_tag-gold-necklace","15":"product_tag-green-gemstone-necklace","16":"product_tag-natural-stone-jewelry","17":"product_tag-pirlanta-detayli-kolye","18":"product_tag-sik-kolye","19":"product_tag-statement-necklace","20":"product_tag-yesil-tasli-kolye","21":"pa_cinsiyet-kadin","23":"first","24":"instock","25":"sale","26":"shipping-taxable","27":"purchasable","28":"product-type-simple"},"_links":{"self":[{"href":"https:\/\/www.gasia.com.tr\/en\/wp-json\/wp\/v2\/product\/36629","targetHints":{"allow":["GET"]}}],"collection":[{"href":"https:\/\/www.gasia.com.tr\/en\/wp-json\/wp\/v2\/product"}],"about":[{"href":"https:\/\/www.gasia.com.tr\/en\/wp-json\/wp\/v2\/types\/product"}],"replies":[{"embeddable":true,"href":"https:\/\/www.gasia.com.tr\/en\/wp-json\/wp\/v2\/comments?post=36629"}],"version-history":[{"count":4,"href":"https:\/\/www.gasia.com.tr\/en\/wp-json\/wp\/v2\/product\/36629\/revisions"}],"predecessor-version":[{"id":42259,"href":"https:\/\/www.gasia.com.tr\/en\/wp-json\/wp\/v2\/product\/36629\/revisions\/42259"}],"wp:featuredmedia":[{"embeddable":true,"href":"https:\/\/www.gasia.com.tr\/en\/wp-json\/wp\/v2\/media\/42257"}],"wp:attachment":[{"href":"https:\/\/www.gasia.com.tr\/en\/wp-json\/wp\/v2\/media?parent=36629"}],"wp:term":[{"taxonomy":"product_brand","embeddable":true,"href":"https:\/\/www.gasia.com.tr\/en\/wp-json\/wp\/v2\/product_brand?post=36629"},{"taxonomy":"product_cat","embeddable":true,"href":"https:\/\/www.gasia.com.tr\/en\/wp-json\/wp\/v2\/product_cat?post=36629"},{"taxonomy":"product_tag","embeddable":true,"href":"https:\/\/www.gasia.com.tr\/en\/wp-json\/wp\/v2\/product_tag?post=36629"}],"curies":[{"name":"wp","href":"https:\/\/api.w.org\/{rel}","templated":true}]}}