{"id":36673,"date":"2026-03-02T06:00:00","date_gmt":"2026-03-02T03:00:00","guid":{"rendered":"https:\/\/www.gasia.com.tr\/?post_type=product&#038;p=36673"},"modified":"2026-04-20T21:50:59","modified_gmt":"2026-04-20T18:50:59","slug":"minimal-damla-pirlanta-rose-altin-yuzuk","status":"publish","type":"product","link":"https:\/\/www.gasia.com.tr\/en\/collections\/minimal-damla-pirlanta-rose-altin-yuzuk\/","title":{"rendered":"Minimal Damla P\u0131rlanta  Rose Alt\u0131n Y\u00fcz\u00fck"},"content":{"rendered":"<p data-start=\"101\" data-end=\"346\">Zarafetin en sade haliyle bulu\u015ftu\u011fu bu minimal y\u00fcz\u00fck, damla formunda p\u0131rlanta dizilimi ile modern ve \u0131\u015f\u0131lt\u0131l\u0131 bir g\u00f6r\u00fcn\u00fcm sunar. Rose alt\u0131n\u0131n s\u0131cak tonu, p\u0131rlantalar\u0131n do\u011fal parlakl\u0131\u011f\u0131yla birle\u015ferek sofistike ve feminen bir stil olu\u015fturur.<\/p>\n<p data-start=\"348\" data-end=\"593\">\u0130nce yap\u0131s\u0131 sayesinde g\u00fcnl\u00fck kullan\u0131ma son derece uygun olan bu tasar\u0131m, tek ba\u015f\u0131na \u015f\u0131k bir duru\u015f sergilerken di\u011fer y\u00fcz\u00fcklerle kombinlenerek de zarif bir b\u00fct\u00fcnl\u00fck yarat\u0131r. Minimal detaylarla g\u00fc\u00e7l\u00fc bir etki arayanlar i\u00e7in zamans\u0131z bir par\u00e7ad\u0131r.<\/p>","protected":false},"excerpt":{"rendered":"<ul>\n<li>18 Ayar Alt\u0131n<\/li>\n<li>0.13 Ct P\u0131rlanta<\/li>\n<\/ul>","protected":false},"featured_media":39563,"comment_status":"open","ping_status":"closed","template":"","meta":[],"product_brand":[2718],"product_cat":[260,76],"product_tag":[1123,1161,591,449,451,439,1162,1160,521,596,1051,1163],"class_list":{"0":"post-36673","1":"product","2":"type-product","3":"status-publish","4":"has-post-thumbnail","6":"product_brand-gasia-casuals","7":"product_cat-kadin","8":"product_cat-yuzuk-modelleri","9":"product_tag-dainty-gold-ring","10":"product_tag-damla-pirlanta-yuzuk","11":"product_tag-damla-tasli-yuzuk","12":"product_tag-elegant-gold-ring","13":"product_tag-fine-jewelry-ring","14":"product_tag-kadin-altin-yuzuk","15":"product_tag-minimal-pirlanta-yuzuk","16":"product_tag-minimalist-diamond-ring","17":"product_tag-modern-yuzuk","18":"product_tag-pear-diamond-ring","19":"product_tag-pear-shape-diamond-ring","20":"product_tag-zarif-altin-yuzuk","21":"pa_cinsiyet-kadin","23":"first","24":"instock","25":"sale","26":"shipping-taxable","27":"purchasable","28":"product-type-simple"},"_links":{"self":[{"href":"https:\/\/www.gasia.com.tr\/en\/wp-json\/wp\/v2\/product\/36673","targetHints":{"allow":["GET"]}}],"collection":[{"href":"https:\/\/www.gasia.com.tr\/en\/wp-json\/wp\/v2\/product"}],"about":[{"href":"https:\/\/www.gasia.com.tr\/en\/wp-json\/wp\/v2\/types\/product"}],"replies":[{"embeddable":true,"href":"https:\/\/www.gasia.com.tr\/en\/wp-json\/wp\/v2\/comments?post=36673"}],"version-history":[{"count":3,"href":"https:\/\/www.gasia.com.tr\/en\/wp-json\/wp\/v2\/product\/36673\/revisions"}],"predecessor-version":[{"id":41851,"href":"https:\/\/www.gasia.com.tr\/en\/wp-json\/wp\/v2\/product\/36673\/revisions\/41851"}],"wp:featuredmedia":[{"embeddable":true,"href":"https:\/\/www.gasia.com.tr\/en\/wp-json\/wp\/v2\/media\/39563"}],"wp:attachment":[{"href":"https:\/\/www.gasia.com.tr\/en\/wp-json\/wp\/v2\/media?parent=36673"}],"wp:term":[{"taxonomy":"product_brand","embeddable":true,"href":"https:\/\/www.gasia.com.tr\/en\/wp-json\/wp\/v2\/product_brand?post=36673"},{"taxonomy":"product_cat","embeddable":true,"href":"https:\/\/www.gasia.com.tr\/en\/wp-json\/wp\/v2\/product_cat?post=36673"},{"taxonomy":"product_tag","embeddable":true,"href":"https:\/\/www.gasia.com.tr\/en\/wp-json\/wp\/v2\/product_tag?post=36673"}],"curies":[{"name":"wp","href":"https:\/\/api.w.org\/{rel}","templated":true}]}}