{"id":36676,"date":"2026-01-09T14:03:33","date_gmt":"2026-01-09T11:03:33","guid":{"rendered":"https:\/\/www.gasia.com.tr\/?post_type=product&#038;p=36676"},"modified":"2026-04-06T21:38:11","modified_gmt":"2026-04-06T18:38:11","slug":"kuru-kafa-detayli-okside-gumus-zincir-bileklik","status":"publish","type":"product","link":"https:\/\/www.gasia.com.tr\/en\/collections\/kuru-kafa-detayli-okside-gumus-zincir-bileklik\/","title":{"rendered":"Kuru Kafa Detayl\u0131 Okside G\u00fcm\u00fc\u015f Zincir Bileklik"},"content":{"rendered":"<p>Kuru kafa motifleriyle tasarlanan bu zincir bileklik, g\u00fc\u00e7l\u00fc ve iddial\u0131 bir stil sunar. Okside g\u00fcm\u00fc\u015f y\u00fczeyi ve detayl\u0131 i\u015f\u00e7ili\u011fi, tasar\u0131ma derinlik ve karakter kazand\u0131r\u0131r. Kal\u0131n ve hareketli zincir yap\u0131s\u0131, bilekte sa\u011flam ve dikkat \u00e7ekici bir duru\u015f olu\u015fturur. Tekrarlayan kuru kafa formu ile b\u00fct\u00fcnl\u00fck sa\u011flayan bu par\u00e7a, g\u00fcnl\u00fck stiline asi ve \u00f6zg\u00fcn bir hava katmak isteyenler i\u00e7in \u00f6ne \u00e7\u0131kar. G\u00fc\u00e7l\u00fc aksesuar tercih edenler i\u00e7in dikkat \u00e7eken bir tamamlay\u0131c\u0131d\u0131r.<\/p>\n<p>&nbsp;<\/p>\n<p>&nbsp;<\/p>","protected":false},"excerpt":{"rendered":"<ul>\n<li>925 Ayar Okside G\u00fcm\u00fc\u015f<\/li>\n<li>0.16 ct P\u0131rlanta<\/li>\n<\/ul>","protected":false},"featured_media":41358,"comment_status":"open","ping_status":"closed","template":"","meta":[],"product_brand":[2957],"product_cat":[255],"product_tag":[3013,3011,3012,2984,2967,1799,1801,420,3014,2437,543,2985,2235,2223,2188,365,1800,2201,620,3015,3016,2986,2195,2197,2430,3009,3010,2204,1804,1805,364,2987,1857,2249,2236,2424,1803,435],"class_list":{"0":"post-36676","1":"product","2":"type-product","3":"status-publish","4":"has-post-thumbnail","6":"product_brand-gasia-for-man","7":"product_cat-altin-gumus-bileklikler","8":"product_tag-asi-stil-bileklik","9":"product_tag-biker-bileklik","10":"product_tag-biker-bracelet","11":"product_tag-boutique-jewelry","12":"product_tag-butik-taki","13":"product_tag-chain-bracelet","14":"product_tag-chunky-chain-bracelet","15":"product_tag-designer-bracelet","16":"product_tag-edgy-bracelet","17":"product_tag-el-yapimi-bileklik","18":"product_tag-erkek-bileklik","19":"product_tag-everyday-bracelet","20":"product_tag-fashion-bracelet","21":"product_tag-gunluk-bileklik","22":"product_tag-handmade-bracelet","23":"product_tag-kadin-bileklik","24":"product_tag-kalin-zincir-bileklik","25":"product_tag-kuru-kafa-bileklik","26":"product_tag-men-bracelet","27":"product_tag-metal-bileklik","28":"product_tag-metal-bracelet","29":"product_tag-moda-bileklik","30":"product_tag-okside-gumus-bileklik","31":"product_tag-oxidized-silver-bracelet","32":"product_tag-ozgun-tasarim-bileklik","33":"product_tag-rock-style-bracelet","34":"product_tag-rock-tarz-bileklik","35":"product_tag-skull-bracelet","36":"product_tag-statement-bileklik","37":"product_tag-statement-bracelet","38":"product_tag-tasarim-bileklik","39":"product_tag-trend-taki","40":"product_tag-trendy-jewelry","41":"product_tag-unique-bracelet","42":"product_tag-unisex-bileklik","43":"product_tag-unisex-bracelet","44":"product_tag-women-bracelet","45":"product_tag-zincir-bileklik","46":"pa_cinsiyet-erkek","48":"first","49":"instock","50":"sale","51":"shipping-taxable","52":"purchasable","53":"product-type-simple"},"_links":{"self":[{"href":"https:\/\/www.gasia.com.tr\/en\/wp-json\/wp\/v2\/product\/36676","targetHints":{"allow":["GET"]}}],"collection":[{"href":"https:\/\/www.gasia.com.tr\/en\/wp-json\/wp\/v2\/product"}],"about":[{"href":"https:\/\/www.gasia.com.tr\/en\/wp-json\/wp\/v2\/types\/product"}],"replies":[{"embeddable":true,"href":"https:\/\/www.gasia.com.tr\/en\/wp-json\/wp\/v2\/comments?post=36676"}],"version-history":[{"count":2,"href":"https:\/\/www.gasia.com.tr\/en\/wp-json\/wp\/v2\/product\/36676\/revisions"}],"predecessor-version":[{"id":41362,"href":"https:\/\/www.gasia.com.tr\/en\/wp-json\/wp\/v2\/product\/36676\/revisions\/41362"}],"wp:featuredmedia":[{"embeddable":true,"href":"https:\/\/www.gasia.com.tr\/en\/wp-json\/wp\/v2\/media\/41358"}],"wp:attachment":[{"href":"https:\/\/www.gasia.com.tr\/en\/wp-json\/wp\/v2\/media?parent=36676"}],"wp:term":[{"taxonomy":"product_brand","embeddable":true,"href":"https:\/\/www.gasia.com.tr\/en\/wp-json\/wp\/v2\/product_brand?post=36676"},{"taxonomy":"product_cat","embeddable":true,"href":"https:\/\/www.gasia.com.tr\/en\/wp-json\/wp\/v2\/product_cat?post=36676"},{"taxonomy":"product_tag","embeddable":true,"href":"https:\/\/www.gasia.com.tr\/en\/wp-json\/wp\/v2\/product_tag?post=36676"}],"curies":[{"name":"wp","href":"https:\/\/api.w.org\/{rel}","templated":true}]}}