{"id":36679,"date":"2026-01-25T14:05:21","date_gmt":"2026-01-25T11:05:21","guid":{"rendered":"https:\/\/www.gasia.com.tr\/?post_type=product&#038;p=36679"},"modified":"2026-04-04T15:31:04","modified_gmt":"2026-04-04T12:31:04","slug":"kuru-kafa-detayli-okside-gumus-bileklik","status":"publish","type":"product","link":"https:\/\/www.gasia.com.tr\/en\/collections\/kuru-kafa-detayli-okside-gumus-bileklik\/","title":{"rendered":"Kuru Kafa Detayl\u0131 Okside G\u00fcm\u00fc\u015f Bileklik"},"content":{"rendered":"<p data-start=\"161\" data-end=\"719\">Kuru kafa motifleri ve detayl\u0131 y\u00fczeyiyle dikkat \u00e7eken bu bileklik, g\u00fc\u00e7l\u00fc ve asi bir stilin \u00f6ne \u00e7\u0131kan par\u00e7alar\u0131ndan biridir. Okside g\u00fcm\u00fc\u015f yap\u0131s\u0131, tasar\u0131ma derin ve karakterli bir g\u00f6r\u00fcn\u00fcm kazand\u0131r\u0131rken y\u00fczeyler bilek \u00fczerinde dikkat \u00e7ekici bir \u0131\u015f\u0131lt\u0131 olu\u015fturur. Tekrarlayan form yap\u0131s\u0131 sayesinde b\u00fct\u00fcnl\u00fckl\u00fc ve net bir duru\u015f sergiler. G\u00fcnl\u00fck stiline iddial\u0131 bir dokunu\u015f katmak isteyenler i\u00e7in ideal olan bu tasar\u0131m, sade kombinleri bile g\u00fc\u00e7l\u00fc bir ifadeye d\u00f6n\u00fc\u015ft\u00fcr\u00fcr. Kendine \u00f6zg\u00fc ve dikkat \u00e7ekici aksesuar arayanlar i\u00e7in \u00f6ne \u00e7\u0131kan bir par\u00e7ad\u0131r.<\/p>","protected":false},"excerpt":{"rendered":"<ul>\n<li>925 Ayar Okside G\u00fcm\u00fc\u015f<\/li>\n<\/ul>","protected":false},"featured_media":38827,"comment_status":"open","ping_status":"closed","template":"","meta":[],"product_brand":[],"product_cat":[255],"product_tag":[3013,3011,3012,2984,2967,1799,420,507,3014,2437,543,2985,2235,2223,2188,365,2201,620,3015,3016,2986,2195,2197,2430,358,3009,3010,2204,1804,1805,364,2987,1857,2249,2236,2424,1803,435],"class_list":{"0":"post-36679","1":"product","2":"type-product","3":"status-publish","4":"has-post-thumbnail","6":"product_cat-altin-gumus-bileklikler","7":"product_tag-asi-stil-bileklik","8":"product_tag-biker-bileklik","9":"product_tag-biker-bracelet","10":"product_tag-boutique-jewelry","11":"product_tag-butik-taki","12":"product_tag-chain-bracelet","13":"product_tag-designer-bracelet","14":"product_tag-diamond-bracelet","15":"product_tag-edgy-bracelet","16":"product_tag-el-yapimi-bileklik","17":"product_tag-erkek-bileklik","18":"product_tag-everyday-bracelet","19":"product_tag-fashion-bracelet","20":"product_tag-gunluk-bileklik","21":"product_tag-handmade-bracelet","22":"product_tag-kadin-bileklik","23":"product_tag-kuru-kafa-bileklik","24":"product_tag-men-bracelet","25":"product_tag-metal-bileklik","26":"product_tag-metal-bracelet","27":"product_tag-moda-bileklik","28":"product_tag-okside-gumus-bileklik","29":"product_tag-oxidized-silver-bracelet","30":"product_tag-ozgun-tasarim-bileklik","31":"product_tag-pirlanta-bileklik","32":"product_tag-rock-style-bracelet","33":"product_tag-rock-tarz-bileklik","34":"product_tag-skull-bracelet","35":"product_tag-statement-bileklik","36":"product_tag-statement-bracelet","37":"product_tag-tasarim-bileklik","38":"product_tag-trend-taki","39":"product_tag-trendy-jewelry","40":"product_tag-unique-bracelet","41":"product_tag-unisex-bileklik","42":"product_tag-unisex-bracelet","43":"product_tag-women-bracelet","44":"product_tag-zincir-bileklik","45":"pa_cinsiyet-erkek","47":"first","48":"instock","49":"shipping-taxable","50":"purchasable","51":"product-type-simple"},"_links":{"self":[{"href":"https:\/\/www.gasia.com.tr\/en\/wp-json\/wp\/v2\/product\/36679","targetHints":{"allow":["GET"]}}],"collection":[{"href":"https:\/\/www.gasia.com.tr\/en\/wp-json\/wp\/v2\/product"}],"about":[{"href":"https:\/\/www.gasia.com.tr\/en\/wp-json\/wp\/v2\/types\/product"}],"replies":[{"embeddable":true,"href":"https:\/\/www.gasia.com.tr\/en\/wp-json\/wp\/v2\/comments?post=36679"}],"version-history":[{"count":2,"href":"https:\/\/www.gasia.com.tr\/en\/wp-json\/wp\/v2\/product\/36679\/revisions"}],"predecessor-version":[{"id":41341,"href":"https:\/\/www.gasia.com.tr\/en\/wp-json\/wp\/v2\/product\/36679\/revisions\/41341"}],"wp:featuredmedia":[{"embeddable":true,"href":"https:\/\/www.gasia.com.tr\/en\/wp-json\/wp\/v2\/media\/38827"}],"wp:attachment":[{"href":"https:\/\/www.gasia.com.tr\/en\/wp-json\/wp\/v2\/media?parent=36679"}],"wp:term":[{"taxonomy":"product_brand","embeddable":true,"href":"https:\/\/www.gasia.com.tr\/en\/wp-json\/wp\/v2\/product_brand?post=36679"},{"taxonomy":"product_cat","embeddable":true,"href":"https:\/\/www.gasia.com.tr\/en\/wp-json\/wp\/v2\/product_cat?post=36679"},{"taxonomy":"product_tag","embeddable":true,"href":"https:\/\/www.gasia.com.tr\/en\/wp-json\/wp\/v2\/product_tag?post=36679"}],"curies":[{"name":"wp","href":"https:\/\/api.w.org\/{rel}","templated":true}]}}