{"id":36685,"date":"2026-01-11T00:00:00","date_gmt":"2026-01-10T21:00:00","guid":{"rendered":"https:\/\/www.gasia.com.tr\/?post_type=product&#038;p=36685"},"modified":"2026-03-27T22:31:54","modified_gmt":"2026-03-27T19:31:54","slug":"mavi-safir-cicek-motifli-pirlanta-detayli-altin-bileklik","status":"publish","type":"product","link":"https:\/\/www.gasia.com.tr\/en\/collections\/mavi-safir-cicek-motifli-pirlanta-detayli-altin-bileklik\/","title":{"rendered":"Mavi Safir \u00c7i\u00e7ek Motifli P\u0131rlanta Detayl\u0131 Alt\u0131n Bileklik"},"content":{"rendered":"<p data-start=\"102\" data-end=\"488\">Ortada yer alan mavi safir ta\u015flar\u0131n \u00e7i\u00e7ek formunda dizilimi, bu bilekli\u011fe zarif ve dikkat \u00e7ekici bir g\u00f6r\u00fcn\u00fcm kazand\u0131r\u0131r. \u00c7evresini saran p\u0131rlanta ta\u015flar ise \u0131\u015f\u0131lt\u0131y\u0131 art\u0131rarak tasar\u0131m\u0131 tamamlar. \u0130nce ve \u015f\u0131k zincir yap\u0131s\u0131 sayesinde bilekte hafif ve rahat bir kullan\u0131m sunar. G\u00fcnl\u00fck stiline kolayca uyum sa\u011flayan bu par\u00e7a, \u00f6zel g\u00fcnlerde de \u015f\u0131kl\u0131\u011f\u0131n\u0131 tamamlamak i\u00e7in ideal bir tercihtir.<\/p>","protected":false},"excerpt":{"rendered":"<ul>\n<li>18 Ayar Alt\u0131n<\/li>\n<li>0.20 Ct P\u0131rlanta<\/li>\n<li>0.18 Avustralya Safir<\/li>\n<li>17 cm Uzunluk<\/li>\n<\/ul>","protected":false},"featured_media":41015,"comment_status":"open","ping_status":"closed","template":"","meta":[],"product_brand":[2719],"product_cat":[73,260,198],"product_tag":[504,2818,2815,2819,507,2817,794,2215,365,2814,358,2816,828,1083],"class_list":{"0":"post-36685","1":"product","2":"type-product","3":"status-publish","4":"has-post-thumbnail","6":"product_brand-gasia-protect","7":"product_cat-altin-pirlanta-bileklik","8":"product_cat-kadin","9":"product_cat-eye-collection","10":"product_tag-altin-bileklik","11":"product_tag-blue-sapphire-jewelry","12":"product_tag-cicek-bileklik","13":"product_tag-dainty-bracelet","14":"product_tag-diamond-bracelet","15":"product_tag-flower-bracelet","16":"product_tag-gold-bracelet","17":"product_tag-ince-bileklik","18":"product_tag-kadin-bileklik","19":"product_tag-mavi-safir-bileklik","20":"product_tag-pirlanta-bileklik","21":"product_tag-safir-taki","22":"product_tag-sapphire-bracelet","23":"product_tag-zarif-bileklik","24":"pa_cinsiyet-kadin","26":"first","27":"instock","28":"shipping-taxable","29":"purchasable","30":"product-type-simple"},"_links":{"self":[{"href":"https:\/\/www.gasia.com.tr\/en\/wp-json\/wp\/v2\/product\/36685","targetHints":{"allow":["GET"]}}],"collection":[{"href":"https:\/\/www.gasia.com.tr\/en\/wp-json\/wp\/v2\/product"}],"about":[{"href":"https:\/\/www.gasia.com.tr\/en\/wp-json\/wp\/v2\/types\/product"}],"replies":[{"embeddable":true,"href":"https:\/\/www.gasia.com.tr\/en\/wp-json\/wp\/v2\/comments?post=36685"}],"version-history":[{"count":2,"href":"https:\/\/www.gasia.com.tr\/en\/wp-json\/wp\/v2\/product\/36685\/revisions"}],"predecessor-version":[{"id":41016,"href":"https:\/\/www.gasia.com.tr\/en\/wp-json\/wp\/v2\/product\/36685\/revisions\/41016"}],"wp:featuredmedia":[{"embeddable":true,"href":"https:\/\/www.gasia.com.tr\/en\/wp-json\/wp\/v2\/media\/41015"}],"wp:attachment":[{"href":"https:\/\/www.gasia.com.tr\/en\/wp-json\/wp\/v2\/media?parent=36685"}],"wp:term":[{"taxonomy":"product_brand","embeddable":true,"href":"https:\/\/www.gasia.com.tr\/en\/wp-json\/wp\/v2\/product_brand?post=36685"},{"taxonomy":"product_cat","embeddable":true,"href":"https:\/\/www.gasia.com.tr\/en\/wp-json\/wp\/v2\/product_cat?post=36685"},{"taxonomy":"product_tag","embeddable":true,"href":"https:\/\/www.gasia.com.tr\/en\/wp-json\/wp\/v2\/product_tag?post=36685"}],"curies":[{"name":"wp","href":"https:\/\/api.w.org\/{rel}","templated":true}]}}