{"id":36887,"date":"2026-01-11T00:00:00","date_gmt":"2026-01-10T21:00:00","guid":{"rendered":"https:\/\/www.gasia.com.tr\/?post_type=product&#038;p=36887"},"modified":"2026-04-13T18:02:34","modified_gmt":"2026-04-13T15:02:34","slug":"pirlanta-detayli-nazar-boncuklu-beyaz-altin-bileklik","status":"publish","type":"product","link":"https:\/\/www.gasia.com.tr\/en\/collections\/pirlanta-detayli-nazar-boncuklu-beyaz-altin-bileklik\/","title":{"rendered":"P\u0131rlanta Detayl\u0131 Nazar Boncuklu Beyaz Alt\u0131n Bileklik"},"content":{"rendered":"<p data-start=\"108\" data-end=\"319\">Beyaz alt\u0131n\u0131n zarif \u0131\u015f\u0131lt\u0131s\u0131 ile tasarlanan bu bileklik, merkezindeki nazar boncu\u011fu detay\u0131 ve p\u0131rlanta s\u00fcslemeleriyle dikkat \u00e7eker. \u00c7ok renkli ta\u015f dizilimi, nazar fig\u00fcr\u00fcne modern ve canl\u0131 bir yorum kazand\u0131r\u0131r.<\/p>\n<p data-start=\"321\" data-end=\"604\">I\u015f\u0131\u011f\u0131 farkl\u0131 a\u00e7\u0131lardan yans\u0131tan p\u0131rlanta detaylar, bileklikte g\u00f6z al\u0131c\u0131 bir parlakl\u0131k olu\u015ftururken ince zincir yap\u0131s\u0131 sayesinde hafif ve konforlu bir kullan\u0131m sunar. G\u00fcnl\u00fck kombinlere kolayca uyum sa\u011flayan tasar\u0131m, ayn\u0131 zamanda \u00f6zel anlarda da \u015f\u0131k bir tamamlay\u0131c\u0131 olarak \u00f6ne \u00e7\u0131kar.<\/p>\n<p data-start=\"606\" data-end=\"723\">Anlam ve esteti\u011fi bir arada sunan bu bileklik, zarif ve dikkat \u00e7ekici bir aksesuar arayanlar i\u00e7in ideal bir se\u00e7imdir.<\/p>","protected":false},"excerpt":{"rendered":"<ul>\n<li>18 Ayar Alt\u0131n<\/li>\n<li>0.25 ct P\u0131rlanta<\/li>\n<li>0.56 ct Safir<\/li>\n<li>17.5 cm \/ 16 cm ayarlanabilir uzunluk<\/li>\n<\/ul>","protected":false},"featured_media":42123,"comment_status":"open","ping_status":"closed","template":"","meta":[],"product_brand":[2718,2719],"product_cat":[73,260,198],"product_tag":[2242,2819,507,417,2230,365,1668,426,407,358,366,505,2245],"class_list":{"0":"post-36887","1":"product","2":"type-product","3":"status-publish","4":"has-post-thumbnail","6":"product_brand-gasia-casuals","7":"product_brand-gasia-protect","8":"product_cat-altin-pirlanta-bileklik","9":"product_cat-kadin","10":"product_cat-eye-collection","11":"product_tag-beyaz-altin-bileklik","12":"product_tag-dainty-bracelet","13":"product_tag-diamond-bracelet","14":"product_tag-evil-eye-bracelet","15":"product_tag-gemstone-bracelet","16":"product_tag-kadin-bileklik","17":"product_tag-luxury-jewelry","18":"product_tag-minimalist-bracelet","19":"product_tag-nazar-bileklik","20":"product_tag-pirlanta-bileklik","21":"product_tag-sik-bileklik","22":"product_tag-tasli-bileklik","23":"product_tag-white-gold-bracelet","24":"pa_cinsiyet-kadin","26":"first","27":"instock","28":"shipping-taxable","29":"purchasable","30":"product-type-simple"},"_links":{"self":[{"href":"https:\/\/www.gasia.com.tr\/en\/wp-json\/wp\/v2\/product\/36887","targetHints":{"allow":["GET"]}}],"collection":[{"href":"https:\/\/www.gasia.com.tr\/en\/wp-json\/wp\/v2\/product"}],"about":[{"href":"https:\/\/www.gasia.com.tr\/en\/wp-json\/wp\/v2\/types\/product"}],"replies":[{"embeddable":true,"href":"https:\/\/www.gasia.com.tr\/en\/wp-json\/wp\/v2\/comments?post=36887"}],"version-history":[{"count":6,"href":"https:\/\/www.gasia.com.tr\/en\/wp-json\/wp\/v2\/product\/36887\/revisions"}],"predecessor-version":[{"id":42120,"href":"https:\/\/www.gasia.com.tr\/en\/wp-json\/wp\/v2\/product\/36887\/revisions\/42120"}],"wp:featuredmedia":[{"embeddable":true,"href":"https:\/\/www.gasia.com.tr\/en\/wp-json\/wp\/v2\/media\/42123"}],"wp:attachment":[{"href":"https:\/\/www.gasia.com.tr\/en\/wp-json\/wp\/v2\/media?parent=36887"}],"wp:term":[{"taxonomy":"product_brand","embeddable":true,"href":"https:\/\/www.gasia.com.tr\/en\/wp-json\/wp\/v2\/product_brand?post=36887"},{"taxonomy":"product_cat","embeddable":true,"href":"https:\/\/www.gasia.com.tr\/en\/wp-json\/wp\/v2\/product_cat?post=36887"},{"taxonomy":"product_tag","embeddable":true,"href":"https:\/\/www.gasia.com.tr\/en\/wp-json\/wp\/v2\/product_tag?post=36887"}],"curies":[{"name":"wp","href":"https:\/\/api.w.org\/{rel}","templated":true}]}}